{"id":6874,"date":"2024-10-25T15:13:23","date_gmt":"2024-10-25T18:13:23","guid":{"rendered":"https:\/\/www.inf.ufrgs.br\/ppgc\/?page_id=6874"},"modified":"2026-02-10T10:32:08","modified_gmt":"2026-02-10T13:32:08","slug":"upgrade-ppgc","status":"publish","type":"page","link":"https:\/\/www.inf.ufrgs.br\/ppgc\/disciplinas\/upgrade-ppgc\/","title":{"rendered":"uPGrade PPGC"},"content":{"rendered":"<h3 style=\"text-align: center;\"><img loading=\"lazy\" class=\"alignnone wp-image-6883\" src=\"http:\/\/www.inf.ufrgs.br\/ppgc\/wp-content\/uploads\/2024\/10\/uPGrade_lowres.png\" alt=\"\" width=\"300\" height=\"281\" srcset=\"http:\/\/www.inf.ufrgs.br\/ppgc\/wp-content\/uploads\/2024\/10\/uPGrade_lowres.png 254w, http:\/\/www.inf.ufrgs.br\/ppgc\/wp-content\/uploads\/2024\/10\/uPGrade_lowres-126x118.png 126w\" sizes=\"(max-width: 300px) 100vw, 300px\" \/><\/h3>\n<h3 style=\"text-align: center;\"><b>u<\/b><b style=\"color: #9a0000 !important;\">PG<\/b><b>rade PPGC &#8211; Programa de Transi\u00e7\u00e3o para a P\u00f3s-Gradua\u00e7\u00e3o<\/b><\/h3>\n<p style=\"text-align: justify;\"><span style=\"font-weight: 400;\">O <\/span><b>u<\/b><b style=\"color: #9a0000 !important;\">PG<\/b><b>rade PPGC<\/b><span style=\"font-weight: 400;\"> permite que alunos ingressantes nos cursos de mestrado\/doutorado do PPGC possam ter cr\u00e9ditos atribu\u00eddos por disciplinas avan\u00e7adas cursadas na gradua\u00e7\u00e3o. Isso \u00e9 poss\u00edvel desde que as disciplinas tenham car\u00e1ter equivalente \u00e0quelas ofertadas pelo PPGC, de acordo com an\u00e1lise a ser realizada pela COMPG\/PPGC.<\/span><\/p>\n<p style=\"text-align: justify;\"><span style=\"font-weight: 400;\">Tal possibilidade \u00e9 regulamentada pelo <\/span><a href=\"https:\/\/www.inf.ufrgs.br\/ppgc\/institucional\/regimento-do-ppgc\/\"><span style=\"font-weight: 400;\">regimento do PPGC<\/span><\/a><span style=\"font-weight: 400;\"> e pela <\/span><a href=\"https:\/\/www.inf.ufrgs.br\/ppgc\/institucional\/resolucoes\/#resolucao02\/2024\"><span style=\"font-weight: 400;\">Resolu\u00e7\u00e3o 02\/2024 &#8211; Aproveitamento e atribui\u00e7\u00e3o de cr\u00e9ditos<\/span><\/a><span style=\"font-weight: 400;\">. Isso permite uma redu\u00e7\u00e3o do tempo para conclus\u00e3o do curso de p\u00f3s-gradua\u00e7\u00e3o, visto que o aluno poder\u00e1 ingressar diretamente na fase pesquisa do mestrado ou doutorado.<\/span><\/p>\n<p style=\"text-align: justify;\"><span style=\"font-weight: 400;\">Disciplinas ofertadas pelo PPGC juntamente com cursos de gradua\u00e7\u00e3o do Instituto de Inform\u00e1tica da UFRGS s\u00e3o consideradas avan\u00e7adas, e a an\u00e1lise a respeito da atribui\u00e7\u00e3o de cr\u00e9ditos \u00e9 feita de forma simplificada. A lista n\u00e3o exaustiva de disciplinas que atualmente comp\u00f5em esse grupo s\u00e3o:<\/span><\/p>\n<table class=\"tabela table-alternating-colors table-border-1px-gray\">\n<tbody>\n<tr>\n<td style=\"text-align: center;\" colspan=\"2\"><b>Disciplina Avan\u00e7ada da Gradua\u00e7\u00e3o<\/b><\/td>\n<td style=\"text-align: center;\" colspan=\"2\"><b>Disciplina Equivalente do PPGC<\/b><\/td>\n<\/tr>\n<tr>\n<td><b>C\u00f3digo<\/b><\/td>\n<td><b>Disciplina<\/b><\/td>\n<td><b>C\u00f3digo<\/b><\/td>\n<td><b>Disciplina<\/b><\/td>\n<\/tr>\n<tr>\n<td><span style=\"font-weight: 400; font-size: 12px;\">INF05019<\/span><\/td>\n<td><span style=\"font-weight: 400; font-size: 12px;\">AGENTES AUT\u00d4NOMOS E SISTEMAS MULTIAGENTES<\/span><\/td>\n<td><span style=\"font-weight: 400; font-size: 12px;\">CMP214<\/span><\/td>\n<td><span style=\"font-weight: 400; font-size: 12px;\">AGENTES AUT\u00d4NOMOS E SISTEMAS MULTIAGENTE<\/span><\/td>\n<\/tr>\n<tr>\n<td><span style=\"font-weight: 400; font-size: 12px;\">INF01017<\/span><\/td>\n<td><span style=\"font-weight: 400; font-size: 12px;\">APRENDIZADO DE M\u00c1QUINA<\/span><\/td>\n<td><span style=\"font-weight: 400; font-size: 12px;\">CMP263<\/span><\/td>\n<td><span style=\"font-weight: 400; font-size: 12px;\">APRENDIZAGEM DE M\u00c1QUINA<\/span><\/td>\n<\/tr>\n<tr>\n<td><span style=\"font-weight: 400; font-size: 12px;\">INF01009<\/span><\/td>\n<td><span style=\"font-weight: 400; font-size: 12px;\">COMPUTA\u00c7\u00c3O GR\u00c1FICA<\/span><\/td>\n<td><span style=\"font-weight: 400; font-size: 12px;\">CMP143<\/span><\/td>\n<td><span style=\"font-weight: 400; font-size: 12px;\">COMPUTA\u00c7\u00c3O GR\u00c1FICA<\/span><\/td>\n<\/tr>\n<tr>\n<td><span style=\"font-weight: 400; font-size: 12px;\">INF01213<\/span><\/td>\n<td><span style=\"font-weight: 400; font-size: 12px;\">FOTOGRAFIA COMPUTACIONAL<\/span><\/td>\n<td><span style=\"font-weight: 400; font-size: 12px;\">CMP570<\/span><\/td>\n<td><span style=\"font-weight: 400; font-size: 12px;\">T\u00d3PICOS ESPECIAIS EM COMPUTA\u00c7\u00c3O DLXX: COMPUTATIONAL PHOTOGRAPHY<\/span><\/td>\n<\/tr>\n<tr>\n<td><span style=\"font-weight: 400; font-size: 12px;\">INF01030<\/span><\/td>\n<td><span style=\"font-weight: 400; font-size: 12px;\">FUNDAMENTOS DE VIS\u00c3O COMPUTACIONAL<\/span><\/td>\n<td><span style=\"font-weight: 400; font-size: 12px;\">CMP197<\/span><\/td>\n<td><span style=\"font-weight: 400; font-size: 12px;\">FUNDAMENTOS DE VIS\u00c3O COMPUTACIONAL<\/span><\/td>\n<\/tr>\n<tr>\n<td><span style=\"font-weight: 400; font-size: 12px;\">INF01015<\/span><\/td>\n<td><span style=\"font-weight: 400; font-size: 12px;\">GER\u00caNCIA E APLICA\u00c7\u00d5ES EM REDES<\/span><\/td>\n<td><span style=\"font-weight: 400; font-size: 12px;\">CMP193<\/span><\/td>\n<td><span style=\"font-weight: 400; font-size: 12px;\">GER\u00caNCIA E APLICA\u00c7\u00d5ES EM REDES<\/span><\/td>\n<\/tr>\n<tr>\n<td><span style=\"font-weight: 400; font-size: 12px;\">INF05004<\/span><\/td>\n<td><span style=\"font-weight: 400; font-size: 12px;\">INTELIG\u00caNCIA ARTIFICIAL AVAN\u00c7ADA<\/span><\/td>\n<td><span style=\"font-weight: 400; font-size: 12px;\">CMP619<\/span><\/td>\n<td><span style=\"font-weight: 400; font-size: 12px;\">T\u00d3PICOS ESPECIAIS EM COMPUTA\u00c7\u00c3O DCXIX : INTELIG\u00caNCIA ARTIFICIAL AVAN\u00c7ADA<\/span><\/td>\n<\/tr>\n<tr>\n<td><span style=\"font-weight: 400; font-size: 12px;\">INF01048<\/span><\/td>\n<td><span style=\"font-weight: 400; font-size: 12px;\">INTRODU\u00c7\u00c3O \u00c0 PESQUISA EM INFORM\u00c1TICA<\/span><\/td>\n<td><span style=\"font-weight: 400; font-size: 12px;\">CMP176<\/span><\/td>\n<td><span style=\"font-weight: 400; font-size: 12px;\">INTRODU\u00c7\u00c3O \u00c0 COMUNICA\u00c7\u00c3O CIENT\u00cdFICA<\/span><\/td>\n<\/tr>\n<tr>\n<td><span style=\"font-weight: 400; font-size: 12px;\">INF01216<\/span><\/td>\n<td><span style=\"font-weight: 400; font-size: 12px;\">MODELAGEM E GERENCIAMENTO DE PROCESSOS DE NEG\u00d3CIO<\/span><\/td>\n<td><span style=\"font-weight: 400; font-size: 12px;\">CMP587<\/span><\/td>\n<td><span style=\"font-weight: 400; font-size: 12px;\">TOPICOS ESPECIAIS EM COMPUTA\u00c7\u00c3O DLXXXVII: MODELAGEM E GERENCIAMENTO DE PROCESSOS DE NEG\u00d3CIO<\/span><\/td>\n<\/tr>\n<tr>\n<td><span style=\"font-weight: 400; font-size: 12px;\">INF01019<\/span><\/td>\n<td><span style=\"font-weight: 400; font-size: 12px;\">PROJETO EM COMPUTA\u00c7\u00c3O GR\u00c1FICA<\/span><\/td>\n<td><span style=\"font-weight: 400; font-size: 12px;\">CMP616<\/span><\/td>\n<td><span style=\"font-weight: 400; font-size: 12px;\">T\u00d3PICOS ESPECIAIS EM COMPUTA\u00c7\u00c3O DCXVI &#8211; VISUALIZA\u00c7\u00c3O DE DADOS IMERSIVA<\/span><\/td>\n<\/tr>\n<tr>\n<td><span style=\"font-weight: 400; font-size: 12px;\">INF01034<\/span><\/td>\n<td><span style=\"font-weight: 400; font-size: 12px;\">ROB\u00d3TICA II<\/span><\/td>\n<td><span style=\"font-weight: 400; font-size: 12px;\">CMP545<\/span><\/td>\n<td><span style=\"font-weight: 400; font-size: 12px;\">TOPICOS ESPECIAIS EM COMPUTA\u00c7\u00c3O DLXV: INTRODU\u00c7\u00c3O \u00c0 ROB\u00d3TICA M\u00d3VEL<\/span><\/td>\n<\/tr>\n<tr>\n<td><span style=\"font-weight: 400; font-size: 12px;\">INF01045<\/span><\/td>\n<td><span style=\"font-weight: 400; font-size: 12px;\">SEGURAN\u00c7A EM SISTEMAS DE COMPUTA\u00c7\u00c3O<\/span><\/td>\n<td><span style=\"font-weight: 400; font-size: 12px;\">CMP230<\/span><\/td>\n<td><span style=\"font-weight: 400; font-size: 12px;\">COMPUTER SYSTEMS SECURITY<\/span><\/td>\n<\/tr>\n<tr>\n<td><span style=\"font-weight: 400; font-size: 12px;\">INF05009<\/span><\/td>\n<td><span style=\"font-weight: 400; font-size: 12px;\">T\u00d3PICOS ESPECIAIS EM COMPUTA\u00c7\u00c3O IX<\/span><\/td>\n<td><span style=\"font-weight: 400; font-size: 12px;\">CMP268<\/span><\/td>\n<td><span style=\"font-weight: 400; font-size: 12px;\">HEURISTIC SEARCH METHODS (T\u00c9CNICAS DE BUSCA HEUR\u00cdSTICA)<\/span><\/td>\n<\/tr>\n<tr>\n<td><span style=\"font-weight: 400; font-size: 12px;\">INF05016<\/span><\/td>\n<td><span style=\"font-weight: 400; font-size: 12px;\">T\u00d3PICOS ESPECIAIS EM COMPUTA\u00c7\u00c3O XXI<\/span><\/td>\n<td><span style=\"font-weight: 400; font-size: 12px;\">CMP588<\/span><\/td>\n<td><span style=\"font-weight: 400; font-size: 12px;\">T\u00d3PICOS ESPECIAIS EM COMPUTA\u00c7\u00c3O DLXXXVIII: ALGORITMOS AVAN\u00c7ADOS<\/span><\/td>\n<\/tr>\n<tr>\n<td><span style=\"font-weight: 400; font-size: 12px;\">INF01071<\/span><\/td>\n<td><span style=\"font-weight: 400; font-size: 12px;\">T\u00d3PICOS ESPECIAIS EM COMPUTA\u00c7\u00c3O XXXI (VISUALIZA\u00c7\u00c3O DE INFORMA\u00c7\u00d5ES E AN\u00c1LISE VISUAL DE DADOS)<\/span><\/td>\n<td><span style=\"font-weight: 400; font-size: 12px;\">CMP264<\/span><\/td>\n<td><span style=\"font-weight: 400; font-size: 12px;\">VISUALIZA\u00c7\u00c3O DE INFORMA\u00c7\u00d5ES<\/span><\/td>\n<\/tr>\n<tr>\n<td><span style=\"font-weight: 400; font-size: 12px;\">INF01050<\/span><\/td>\n<td><span style=\"font-weight: 400; font-size: 12px;\">T\u00d3PICOS ESPECIAIS EM ENGENHARIA DE COMPUTA\u00c7\u00c3O I<\/span><\/td>\n<td><span style=\"font-weight: 400; font-size: 12px;\">CMP597<\/span><\/td>\n<td><span style=\"font-weight: 400; font-size: 12px;\">SEMINAR: STATE-OF-THE-ART IN COMPUTER GRAPHICS<\/span><\/td>\n<\/tr>\n<tr>\n<td><span style=\"font-weight: 400; font-size: 12px;\">INF01146<\/span><\/td>\n<td><span style=\"font-weight: 400; font-size: 12px;\">AVALIA\u00c7\u00c3O DE DESEMPENHO<\/span><\/td>\n<td><span style=\"font-weight: 400; font-size: 12px;\">CMP223<\/span><\/td>\n<td><span style=\"font-weight: 400; font-size: 12px;\">COMPUTER SYSTEMS PERFORMANCE ANALYSIS<\/span><\/td>\n<\/tr>\n<tr>\n<td><span style=\"font-weight: 400; font-size: 12px;\">INF01005<\/span><\/td>\n<td><span style=\"font-weight: 400; font-size: 12px;\">COMUNICA\u00c7\u00c3O DE DADOS<\/span><\/td>\n<td><span style=\"font-weight: 400; font-size: 12px;\">CMP631<\/span><\/td>\n<td><span style=\"font-weight: 400; font-size: 12px;\">T\u00d3PICOS ESPECIAIS EM COMPUTA\u00c7\u00c3O DCXXXI: COMUNICA\u00c7\u00c3O DE DADOS E TECNOLOGIAS DE REDES EMERGENTES<\/span><\/td>\n<\/tr>\n<\/tbody>\n<\/table>\n<p style=\"text-align: justify;\"><span style=\"font-weight: 400;\">Outras disciplinas n\u00e3o listadas e que possam ser consideradas avan\u00e7adas e equivalentes a disciplinas do PPGC ser\u00e3o analisadas pela COMPG\/PPGC.<\/span><\/p>\n<p>A solicita\u00e7\u00e3o deve ser realizada atrav\u00e9s do sistema Chama INF: <a href=\"https:\/\/www.inf.ufrgs.br\/portal\/login.php?redir=apps\/chamaINF\/meusTickets.php?acao=novoTicket\">https:\/\/www.inf.ufrgs.br\/portal\/login.php?redir=apps\/chamaINF\/meusTickets.php?acao=novoTicket\u00a0<\/a>anexando Hist\u00f3rico do Curso e o formul\u00e1rio (<a href=\"https:\/\/www.inf.ufrgs.br\/ppgc\/wp-content\/uploads\/2025\/11\/Form-Solicita-Atribui-Creditos-1.pdf\">link<\/a>).<\/p>\n","protected":false},"excerpt":{"rendered":"<p>uPGrade PPGC &#8211; Programa de Transi\u00e7\u00e3o para a P\u00f3s-Gradua\u00e7\u00e3o O uPGrade PPGC permite que alunos ingressantes nos cursos de mestrado\/doutorado do PPGC possam ter cr\u00e9ditos atribu\u00eddos por disciplinas avan\u00e7adas cursadas na gradua\u00e7\u00e3o. Isso \u00e9 poss\u00edvel desde que as disciplinas tenham car\u00e1ter equivalente \u00e0quelas ofertadas pelo PPGC, de acordo com an\u00e1lise a ser realizada pela COMPG\/PPGC. [&hellip;]<\/p>\n","protected":false},"author":11,"featured_media":0,"parent":415,"menu_order":0,"comment_status":"closed","ping_status":"closed","template":"","meta":[],"_links":{"self":[{"href":"https:\/\/www.inf.ufrgs.br\/ppgc\/wp-json\/wp\/v2\/pages\/6874"}],"collection":[{"href":"https:\/\/www.inf.ufrgs.br\/ppgc\/wp-json\/wp\/v2\/pages"}],"about":[{"href":"https:\/\/www.inf.ufrgs.br\/ppgc\/wp-json\/wp\/v2\/types\/page"}],"author":[{"embeddable":true,"href":"https:\/\/www.inf.ufrgs.br\/ppgc\/wp-json\/wp\/v2\/users\/11"}],"replies":[{"embeddable":true,"href":"https:\/\/www.inf.ufrgs.br\/ppgc\/wp-json\/wp\/v2\/comments?post=6874"}],"version-history":[{"count":18,"href":"https:\/\/www.inf.ufrgs.br\/ppgc\/wp-json\/wp\/v2\/pages\/6874\/revisions"}],"predecessor-version":[{"id":7705,"href":"https:\/\/www.inf.ufrgs.br\/ppgc\/wp-json\/wp\/v2\/pages\/6874\/revisions\/7705"}],"up":[{"embeddable":true,"href":"https:\/\/www.inf.ufrgs.br\/ppgc\/wp-json\/wp\/v2\/pages\/415"}],"wp:attachment":[{"href":"https:\/\/www.inf.ufrgs.br\/ppgc\/wp-json\/wp\/v2\/media?parent=6874"}],"curies":[{"name":"wp","href":"https:\/\/api.w.org\/{rel}","templated":true}]}}