{"id":6888,"date":"2024-10-28T13:36:40","date_gmt":"2024-10-28T16:36:40","guid":{"rendered":"https:\/\/www.inf.ufrgs.br\/ppgc\/?page_id=6888"},"modified":"2026-02-05T11:20:52","modified_gmt":"2026-02-05T14:20:52","slug":"editais-de-apoio-e-fomento","status":"publish","type":"page","link":"https:\/\/www.inf.ufrgs.br\/ppgc\/editais-de-apoio-e-fomento\/","title":{"rendered":"Editais de Apoio e Fomento"},"content":{"rendered":"<p>Nesta p\u00e1gina est\u00e3o dispon\u00edveis os editais vinculados ao Programa de P\u00f3s-Gradua\u00e7\u00e3o em Computa\u00e7\u00e3o (PPGC), organizados por ordem de lan\u00e7amento no menu \u00e0 esquerda. Recomenda-se a leitura atenta de cada edital para verifica\u00e7\u00e3o dos crit\u00e9rios, prazos e procedimentos espec\u00edficos. Os editais incluem processos de sele\u00e7\u00e3o para Doutorado Sandu\u00edche no Exterior e do Programa Institucional de P\u00f3s-Doutorado.<\/p>\n","protected":false},"excerpt":{"rendered":"<p>Nesta p\u00e1gina est\u00e3o dispon\u00edveis os editais vinculados ao Programa de P\u00f3s-Gradua\u00e7\u00e3o em Computa\u00e7\u00e3o (PPGC), organizados por ordem de lan\u00e7amento no menu \u00e0 esquerda. Recomenda-se a leitura atenta de cada edital para verifica\u00e7\u00e3o dos crit\u00e9rios, prazos e procedimentos espec\u00edficos. Os editais incluem processos de sele\u00e7\u00e3o para Doutorado Sandu\u00edche no Exterior e do Programa Institucional de P\u00f3s-Doutorado.<\/p>\n","protected":false},"author":24,"featured_media":0,"parent":0,"menu_order":3,"comment_status":"closed","ping_status":"closed","template":"","meta":[],"_links":{"self":[{"href":"https:\/\/www.inf.ufrgs.br\/ppgc\/wp-json\/wp\/v2\/pages\/6888"}],"collection":[{"href":"https:\/\/www.inf.ufrgs.br\/ppgc\/wp-json\/wp\/v2\/pages"}],"about":[{"href":"https:\/\/www.inf.ufrgs.br\/ppgc\/wp-json\/wp\/v2\/types\/page"}],"author":[{"embeddable":true,"href":"https:\/\/www.inf.ufrgs.br\/ppgc\/wp-json\/wp\/v2\/users\/24"}],"replies":[{"embeddable":true,"href":"https:\/\/www.inf.ufrgs.br\/ppgc\/wp-json\/wp\/v2\/comments?post=6888"}],"version-history":[{"count":11,"href":"https:\/\/www.inf.ufrgs.br\/ppgc\/wp-json\/wp\/v2\/pages\/6888\/revisions"}],"predecessor-version":[{"id":7700,"href":"https:\/\/www.inf.ufrgs.br\/ppgc\/wp-json\/wp\/v2\/pages\/6888\/revisions\/7700"}],"wp:attachment":[{"href":"https:\/\/www.inf.ufrgs.br\/ppgc\/wp-json\/wp\/v2\/media?parent=6888"}],"curies":[{"name":"wp","href":"https:\/\/api.w.org\/{rel}","templated":true}]}}