{"id":6891,"date":"2024-10-28T13:40:51","date_gmt":"2024-10-28T16:40:51","guid":{"rendered":"https:\/\/www.inf.ufrgs.br\/ppgc\/?page_id=6891"},"modified":"2026-02-05T11:32:33","modified_gmt":"2026-02-05T14:32:33","slug":"edital-ppgc-006-2024-concessao-de-bolsa-do-programa-institucional-de-pos-graduacao-pipd-2024","status":"publish","type":"page","link":"https:\/\/www.inf.ufrgs.br\/ppgc\/editais-de-apoio-e-fomento\/edital-ppgc-006-2024-concessao-de-bolsa-do-programa-institucional-de-pos-graduacao-pipd-2024\/","title":{"rendered":"Edital 006\/2024 &#8211; PIPD"},"content":{"rendered":"<p>O Programa de P\u00f3s-gradua\u00e7\u00e3o em Computa\u00e7\u00e3o (PPGC) da Universidade Federal do Rio Grande do Sul (UFRGS) informa que est\u00e3o abertas as inscri\u00e7\u00f5es para o pleito de 01 (uma) Bolsa de Estudo no \u00e2mbito do Programa Institucional de P\u00f3s-Doutorado \u2013 PIPD da CAPES &#8211; 2024, de acordo com todos os artigos estabelecidos na Portaria CAPES n\u00ba 282, de 4 de Setembro de 2024 e eventuais atualiza\u00e7\u00f5es posteriores.<\/p>\n<ul>\n<li><a href=\"http:\/\/www.inf.ufrgs.br\/ppgc\/wp-content\/uploads\/2024\/10\/EDITAL-PPGC-N\u2070006_2024-PIPD-2024.pdf\">Edital<\/a><\/li>\n<li><a href=\"http:\/\/www.inf.ufrgs.br\/ppgc\/wp-content\/uploads\/2024\/10\/Anexo-1-EDITAL-PPGC-N\u2070006_2024.docx\">Anexo 1<\/a><\/li>\n<\/ul>\n<p><strong>12\/11\/2024<\/strong> &#8211; Os seguintes nomes de candidatos inscritos tem suas inscri\u00e7\u00f5es homologadas (em ordem alfab\u00e9tica):<br \/>\n&#8211; <strong>Jaqueline Dilly;<\/strong><br \/>\n&#8211; <strong>Ramon Fraga Pereira.<\/strong><\/p>\n<p><strong>13\/11\/2024<\/strong> &#8211; Os seguintes nomes s\u00e3o integrantes da Comiss\u00e3o de Sele\u00e7\u00e3o:<br \/>\n&#8211; <strong>Gabriel Luca Nazar<\/strong>;<br \/>\n&#8211;<strong> Jo\u00e3o Luiz Dihl Comba<\/strong>;<br \/>\n&#8211;<strong> Lucas Mello Schnorr.<\/strong><\/p>\n<p><strong>14\/11\/2024<\/strong> &#8211; Data e hor\u00e1rio da apresenta\u00e7\u00e3o conforme <strong>Arts 9<\/strong> e <strong>11<\/strong> do edital.<br \/>\n&#8211; <strong>Ramon Fraga Pereira<\/strong> &#8211; Apresenta\u00e7\u00e3o 18\/11\/2024, \u00e0s 14:30h\u00a0 <a class=\"moz-txt-link-freetext\" href=\"https:\/\/meet.google.com\/jwu-gzmv-fgu\">https:\/\/meet.google.com\/jwu-gzmv-fgu<\/a><br \/>\n&#8211; <strong>Jaqueline Dilly<\/strong> &#8211; Apresenta\u00e7\u00e3o 18\/11\/2024, \u00e0s 15h\u00a0 <a class=\"moz-txt-link-freetext\" href=\"https:\/\/meet.google.com\/jwu-gzmv-fgu\">https:\/\/meet.google.com\/jwu-gzmv-fgu<\/a><\/p>\n<p><strong>19\/11\/2024<\/strong> &#8211; As seguintes pessoas foram classificadas em ordem decrescente das Notas Finais:<br \/>\n&#8211; <strong>1\u00ba colocado<\/strong>: <strong>Ramon Fraga Pereira <\/strong>(<strong>selecionado<\/strong>)<br \/>\nNota da An\u00e1lise curricular: <strong>7,59<\/strong><br \/>\nNota da Apresenta\u00e7\u00e3o oral: <strong>9,58<\/strong><br \/>\nNota final: <strong>8,39<\/strong><\/p>\n<p>&#8211; <strong>2\u00aa colocada<\/strong>: <strong>Jaqueline Dilly<\/strong><br \/>\nNota da An\u00e1lise curricular: <strong>3,06<\/strong><br \/>\nNota da Apresenta\u00e7\u00e3o oral: <strong>8,17<\/strong><br \/>\nNota final: <strong>5,10 <\/strong><\/p>\n","protected":false},"excerpt":{"rendered":"<p>O Programa de P\u00f3s-gradua\u00e7\u00e3o em Computa\u00e7\u00e3o (PPGC) da Universidade Federal do Rio Grande do Sul (UFRGS) informa que est\u00e3o abertas as inscri\u00e7\u00f5es para o pleito de 01 (uma) Bolsa de Estudo no \u00e2mbito do Programa Institucional de P\u00f3s-Doutorado \u2013 PIPD da CAPES &#8211; 2024, de acordo com todos os artigos estabelecidos na Portaria CAPES n\u00ba [&hellip;]<\/p>\n","protected":false},"author":24,"featured_media":0,"parent":6888,"menu_order":5,"comment_status":"closed","ping_status":"closed","template":"","meta":[],"_links":{"self":[{"href":"https:\/\/www.inf.ufrgs.br\/ppgc\/wp-json\/wp\/v2\/pages\/6891"}],"collection":[{"href":"https:\/\/www.inf.ufrgs.br\/ppgc\/wp-json\/wp\/v2\/pages"}],"about":[{"href":"https:\/\/www.inf.ufrgs.br\/ppgc\/wp-json\/wp\/v2\/types\/page"}],"author":[{"embeddable":true,"href":"https:\/\/www.inf.ufrgs.br\/ppgc\/wp-json\/wp\/v2\/users\/24"}],"replies":[{"embeddable":true,"href":"https:\/\/www.inf.ufrgs.br\/ppgc\/wp-json\/wp\/v2\/comments?post=6891"}],"version-history":[{"count":8,"href":"https:\/\/www.inf.ufrgs.br\/ppgc\/wp-json\/wp\/v2\/pages\/6891\/revisions"}],"predecessor-version":[{"id":7698,"href":"https:\/\/www.inf.ufrgs.br\/ppgc\/wp-json\/wp\/v2\/pages\/6891\/revisions\/7698"}],"up":[{"embeddable":true,"href":"https:\/\/www.inf.ufrgs.br\/ppgc\/wp-json\/wp\/v2\/pages\/6888"}],"wp:attachment":[{"href":"https:\/\/www.inf.ufrgs.br\/ppgc\/wp-json\/wp\/v2\/media?parent=6891"}],"curies":[{"name":"wp","href":"https:\/\/api.w.org\/{rel}","templated":true}]}}