{"id":6959,"date":"2025-02-06T15:17:20","date_gmt":"2025-02-06T18:17:20","guid":{"rendered":"https:\/\/www.inf.ufrgs.br\/ppgc\/?page_id=6959"},"modified":"2025-07-07T21:22:47","modified_gmt":"2025-07-08T00:22:47","slug":"selecao-2025-1","status":"publish","type":"page","link":"https:\/\/www.inf.ufrgs.br\/ppgc\/aluno-especial\/selecao-2025-1\/","title":{"rendered":"Sele\u00e7\u00e3o 2025\/1"},"content":{"rendered":"<h3>Resultado da Sele\u00e7\u00e3o de Aluno Especial \u2013 2025\/1<\/h3>\n<p>O resultado da sele\u00e7\u00e3o de Aluno Especial est\u00e1 dispon\u00edvel no <a href=\"http:\/\/www.inf.ufrgs.br\/ppgc\/wp-content\/uploads\/2025\/03\/resultado-selecao-aluno-especial-2025-1.pdf\">link.<\/a> Quaisquer d\u00favidas ou informa\u00e7\u00f5es adicionais entre em contato com o PPGC pelo e-mail <span id=\"eeb-859536\"><span id=\"eeb-517265\"><a class=\"mailto-link mailto-link\" href=\"mailto:ppgc@inf.ufrgs.br\">ppgc@inf.ufrgs.br<\/a><\/span><\/span>.<\/p>\n<hr \/>\n<h3>O Per\u00edodo de Inscri\u00e7\u00e3o vai de 07\/02\/2025 \u00e0 21\/02\/2025<\/h3>\n<h3><strong>Calend\u00e1rio<\/strong><\/h3>\n<p>As datas de inscri\u00e7\u00f5es de alunos especiais coincidem com as datas para matr\u00edculas de alunos regulares. Para verificar o calend\u00e1rio de inscri\u00e7\u00e3o, acesse o <a href=\"https:\/\/www.inf.ufrgs.br\/ppgc\/index.php\/institucional\/calendario\/\" target=\"_blank\" rel=\"noopener\">calend\u00e1rio atualizado do PPGC<\/a>.<\/p>\n<h3><strong>Regulamenta\u00e7\u00e3o de Ingresso de Aluno Especial<\/strong><\/h3>\n<p>O edital de sele\u00e7\u00e3o para alunos especiais para 2025\/01 pode ser acessado <a href=\"http:\/\/www.inf.ufrgs.br\/ppgc\/wp-content\/uploads\/2025\/02\/Edital-PPGC-001-2025_Aluno-Especial.pdf\" target=\"_blank\" rel=\"noopener\">aqui<\/a>.<\/p>\n<h3><strong>Procedimentos para a Inscri\u00e7\u00e3o<\/strong><\/h3>\n<p>O processo de inscri\u00e7\u00f5es se d\u00e1 atrav\u00e9s do <a href=\"https:\/\/www.inf.ufrgs.br\/ppgc\/sistema\" target=\"_blank\" rel=\"noopener\">Sistema do PPGC<\/a><\/p>\n<p>Maiores informa\u00e7\u00f5es podem ser obtidas pessoalmente, por e-mail: <span id=\"eeb-708835\"><a class=\"mailto-link\" href=\"mailto:ppgc@inf.ufrgs.br\">ppgc@inf.ufrgs.br<\/a><\/span> ou por telefone (51) 3308-6161.<\/p>\n<p>&nbsp;<\/p>\n<hr \/>\n<div><\/div>\n","protected":false},"excerpt":{"rendered":"<p>Resultado da Sele\u00e7\u00e3o de Aluno Especial \u2013 2025\/1 O resultado da sele\u00e7\u00e3o de Aluno Especial est\u00e1 dispon\u00edvel no link. Quaisquer d\u00favidas ou informa\u00e7\u00f5es adicionais entre em contato com o PPGC pelo e-mail ppgc@inf.ufrgs.br. O Per\u00edodo de Inscri\u00e7\u00e3o vai de 07\/02\/2025 \u00e0 21\/02\/2025 Calend\u00e1rio As datas de inscri\u00e7\u00f5es de alunos especiais coincidem com as datas para [&hellip;]<\/p>\n","protected":false},"author":24,"featured_media":0,"parent":394,"menu_order":1,"comment_status":"closed","ping_status":"closed","template":"","meta":[],"_links":{"self":[{"href":"https:\/\/www.inf.ufrgs.br\/ppgc\/wp-json\/wp\/v2\/pages\/6959"}],"collection":[{"href":"https:\/\/www.inf.ufrgs.br\/ppgc\/wp-json\/wp\/v2\/pages"}],"about":[{"href":"https:\/\/www.inf.ufrgs.br\/ppgc\/wp-json\/wp\/v2\/types\/page"}],"author":[{"embeddable":true,"href":"https:\/\/www.inf.ufrgs.br\/ppgc\/wp-json\/wp\/v2\/users\/24"}],"replies":[{"embeddable":true,"href":"https:\/\/www.inf.ufrgs.br\/ppgc\/wp-json\/wp\/v2\/comments?post=6959"}],"version-history":[{"count":2,"href":"https:\/\/www.inf.ufrgs.br\/ppgc\/wp-json\/wp\/v2\/pages\/6959\/revisions"}],"predecessor-version":[{"id":7044,"href":"https:\/\/www.inf.ufrgs.br\/ppgc\/wp-json\/wp\/v2\/pages\/6959\/revisions\/7044"}],"up":[{"embeddable":true,"href":"https:\/\/www.inf.ufrgs.br\/ppgc\/wp-json\/wp\/v2\/pages\/394"}],"wp:attachment":[{"href":"https:\/\/www.inf.ufrgs.br\/ppgc\/wp-json\/wp\/v2\/media?parent=6959"}],"curies":[{"name":"wp","href":"https:\/\/api.w.org\/{rel}","templated":true}]}}