{"id":7082,"date":"2025-04-16T23:18:16","date_gmt":"2025-04-17T02:18:16","guid":{"rendered":"https:\/\/www.inf.ufrgs.br\/ppgc\/?page_id=7082"},"modified":"2026-02-05T11:31:59","modified_gmt":"2026-02-05T14:31:59","slug":"edital-ppgc-n005-2025-concessao-de-bolsa-do-programa-institucional-de-pos-doutorado-pipd-2025","status":"publish","type":"page","link":"https:\/\/www.inf.ufrgs.br\/ppgc\/editais-de-apoio-e-fomento\/edital-ppgc-n005-2025-concessao-de-bolsa-do-programa-institucional-de-pos-doutorado-pipd-2025\/","title":{"rendered":"Edital 005\/2025 \u2013 PIPD"},"content":{"rendered":"<h3>6 de junho de 2025 &#8211; Resultado Final<\/h3>\n<p>As seguintes pessoas foram aprovadas em ordem decrescente das Notas Finais:<\/p>\n<ul>\n<li>1\u00ba colocado: \u00c9derson Sales Moreira Pinto (selecionado)\n<ul>\n<li>Nota da An\u00e1lise curricular: 1,82<\/li>\n<li>Nota da Apresenta\u00e7\u00e3o oral: 9,50<\/li>\n<li>Nota final: 4,89<\/li>\n<\/ul>\n<\/li>\n<li>2\u00ba colocado: Pedro Henrique da Costa Avelar (em espera, conforme Art 17 do Edital 005\/2025)\n<ul>\n<li>Nota da An\u00e1lise curricular: 3,20<\/li>\n<li>Nota da Apresenta\u00e7\u00e3o oral: 6,00<\/li>\n<li>Nota final: 4,32<\/li>\n<\/ul>\n<\/li>\n<\/ul>\n<p>As seguintes pessoas foram reprovadas por n\u00e3o comparecimento na entrevista:<\/p>\n<ul>\n<li>Jaqueline Dilly<\/li>\n<\/ul>\n<hr \/>\n<h3>3 de junho de 2025 &#8211; Ordem das Entrevistas<\/h3>\n<p>Data e hor\u00e1rio da apresenta\u00e7\u00e3o conforme Arts 9, 10 e 11 do edital.<\/p>\n<ul>\n<li>\u00c9derson Sales Moreira Pinto \u2013 Apresenta\u00e7\u00e3o 06\/06\/2025 \u00e0s 10:30h https:\/\/meet.google.com\/uxw-yxmz-mqc<\/li>\n<li>Jaqueline Dilly \u2013 Apresenta\u00e7\u00e3o 06\/06\/2025 \u00e0s 11:00h https:\/\/meet.google.com\/uxw-yxmz-mqc<\/li>\n<li>Pedro Henrique da Costa Avelar \u2013 Apresenta\u00e7\u00e3o 06\/06\/2025 \u00e0s 11:30h https:\/\/meet.google.com\/uxw-yxmz-mqc<\/li>\n<\/ul>\n<hr \/>\n<h3>3 de junho de 2025 &#8211; Inscri\u00e7\u00f5es Homologadas e Comiss\u00e3o de Sele\u00e7\u00e3o<\/h3>\n<p>Os seguintes nomes de candidatos inscritos tem suas inscri\u00e7\u00f5es homologadas (em ordem alfab\u00e9tica):<\/p>\n<ul>\n<li>\u00c9derson Sales Moreira Pinto<\/li>\n<li>Jaqueline Dilly<\/li>\n<li>Pedro Henrique da Costa Avelar<\/li>\n<\/ul>\n<p>Os seguintes nomes s\u00e3o integrantes da Comiss\u00e3o de Sele\u00e7\u00e3o:<\/p>\n<ul>\n<li>Jo\u00e3o Luiz Dihl Comba<\/li>\n<li>Lucas Mello Schnorr<\/li>\n<li>Renan de Queiroz Maffei<\/li>\n<\/ul>\n<hr \/>\n<p>O Programa de P\u00f3s-gradua\u00e7\u00e3o em Computa\u00e7\u00e3o (PPGC) da Universidade Federal do Rio Grande do Sul (UFRGS) divulga o Primeiro Termo Aditivo ao pleito de 01 (uma) Bolsa de Estudo no \u00e2mbito do Programa Institucional de P\u00f3s-Doutorado \u2013 PIPD da CAPES &#8211; 2025, de acordo com todos os artigos estabelecidos na Portaria CAPES n\u00ba 282, de 4 de Setembro de 2024 e eventuais atualiza\u00e7\u00f5es posteriores.<\/p>\n<ul>\n<li><a href=\"http:\/\/www.inf.ufrgs.br\/ppgc\/wp-content\/uploads\/2025\/05\/Termo-Aditivo-EDITAL-PIPD-PPGC-N\u2070005_2025.pdf\">Termo Aditivo EDITAL PIPD PPGC N\u2070005_2025<\/a><\/li>\n<\/ul>\n<hr \/>\n<p>O Programa de P\u00f3s-gradua\u00e7\u00e3o em Computa\u00e7\u00e3o (PPGC) da Universidade Federal do Rio Grande do Sul (UFRGS) informa que est\u00e3o abertas as inscri\u00e7\u00f5es para o pleito de 01 (uma) Bolsa de Estudo no \u00e2mbito do Programa Institucional de P\u00f3s-Doutorado \u2013 PIPD da CAPES &#8211; 2025, de acordo com todos os artigos estabelecidos na Portaria CAPES n\u00ba 282, de 4 de Setembro de 2024 e eventuais atualiza\u00e7\u00f5es posteriores.<\/p>\n<ul>\n<li><a href=\"http:\/\/www.inf.ufrgs.br\/ppgc\/wp-content\/uploads\/2025\/04\/EDITAL-PPGC-PIPD-N\u2070005_2025.pdf\">Edital<\/a><\/li>\n<\/ul>\n<p>&nbsp;<\/p>\n","protected":false},"excerpt":{"rendered":"<p>6 de junho de 2025 &#8211; Resultado Final As seguintes pessoas foram aprovadas em ordem decrescente das Notas Finais: 1\u00ba colocado: \u00c9derson Sales Moreira Pinto (selecionado) Nota da An\u00e1lise curricular: 1,82 Nota da Apresenta\u00e7\u00e3o oral: 9,50 Nota final: 4,89 2\u00ba colocado: Pedro Henrique da Costa Avelar (em espera, conforme Art 17 do Edital 005\/2025) Nota [&hellip;]<\/p>\n","protected":false},"author":24,"featured_media":0,"parent":6888,"menu_order":3,"comment_status":"closed","ping_status":"closed","template":"","meta":[],"_links":{"self":[{"href":"https:\/\/www.inf.ufrgs.br\/ppgc\/wp-json\/wp\/v2\/pages\/7082"}],"collection":[{"href":"https:\/\/www.inf.ufrgs.br\/ppgc\/wp-json\/wp\/v2\/pages"}],"about":[{"href":"https:\/\/www.inf.ufrgs.br\/ppgc\/wp-json\/wp\/v2\/types\/page"}],"author":[{"embeddable":true,"href":"https:\/\/www.inf.ufrgs.br\/ppgc\/wp-json\/wp\/v2\/users\/24"}],"replies":[{"embeddable":true,"href":"https:\/\/www.inf.ufrgs.br\/ppgc\/wp-json\/wp\/v2\/comments?post=7082"}],"version-history":[{"count":12,"href":"https:\/\/www.inf.ufrgs.br\/ppgc\/wp-json\/wp\/v2\/pages\/7082\/revisions"}],"predecessor-version":[{"id":7697,"href":"https:\/\/www.inf.ufrgs.br\/ppgc\/wp-json\/wp\/v2\/pages\/7082\/revisions\/7697"}],"up":[{"embeddable":true,"href":"https:\/\/www.inf.ufrgs.br\/ppgc\/wp-json\/wp\/v2\/pages\/6888"}],"wp:attachment":[{"href":"https:\/\/www.inf.ufrgs.br\/ppgc\/wp-json\/wp\/v2\/media?parent=7082"}],"curies":[{"name":"wp","href":"https:\/\/api.w.org\/{rel}","templated":true}]}}