{"id":7091,"date":"2025-04-23T14:02:21","date_gmt":"2025-04-23T17:02:21","guid":{"rendered":"https:\/\/www.inf.ufrgs.br\/ppgc\/?page_id=7091"},"modified":"2026-01-23T15:04:34","modified_gmt":"2026-01-23T18:04:34","slug":"oportunidades-de-estagios","status":"publish","type":"page","link":"https:\/\/www.inf.ufrgs.br\/ppgc\/oportunidades-de-estagios\/","title":{"rendered":"Est\u00e1gios em Empresas"},"content":{"rendered":"<p>O PPGC visa oferecer aos seus discentes, durante seus per\u00edodos de estudos de mestrado e de doutorado, oportunidades de est\u00e1gios em empresas de tecnologia de grande renome e prest\u00edgio nacional e internacional.<\/p>\n<h2>Vigentes<\/h2>\n<ul>\n<li><a href=\"https:\/\/www.inf.ufrgs.br\/ppgc\/noticia\/estagio-widelabs\/\">WideLabs Internship 2025<\/a><\/li>\n<\/ul>\n<h2>Passadas<\/h2>\n<ul>\n<li><a href=\"https:\/\/www.inf.ufrgs.br\/ppgc\/poatek-experience-2024\/\">Poatek Experience 2024<\/a><\/li>\n<li><a href=\"https:\/\/www.inf.ufrgs.br\/ppgc\/poatek-experience-2023\/\">Poatek Experience 2023<\/a><\/li>\n<\/ul>\n<p>&nbsp;<\/p>\n","protected":false},"excerpt":{"rendered":"<p>O PPGC visa oferecer aos seus discentes, durante seus per\u00edodos de estudos de mestrado e de doutorado, oportunidades de est\u00e1gios em empresas de tecnologia de grande renome e prest\u00edgio nacional e internacional. Vigentes WideLabs Internship 2025 Passadas Poatek Experience 2024 Poatek Experience 2023 &nbsp;<\/p>\n","protected":false},"author":24,"featured_media":0,"parent":0,"menu_order":2,"comment_status":"closed","ping_status":"closed","template":"","meta":[],"_links":{"self":[{"href":"https:\/\/www.inf.ufrgs.br\/ppgc\/wp-json\/wp\/v2\/pages\/7091"}],"collection":[{"href":"https:\/\/www.inf.ufrgs.br\/ppgc\/wp-json\/wp\/v2\/pages"}],"about":[{"href":"https:\/\/www.inf.ufrgs.br\/ppgc\/wp-json\/wp\/v2\/types\/page"}],"author":[{"embeddable":true,"href":"https:\/\/www.inf.ufrgs.br\/ppgc\/wp-json\/wp\/v2\/users\/24"}],"replies":[{"embeddable":true,"href":"https:\/\/www.inf.ufrgs.br\/ppgc\/wp-json\/wp\/v2\/comments?post=7091"}],"version-history":[{"count":6,"href":"https:\/\/www.inf.ufrgs.br\/ppgc\/wp-json\/wp\/v2\/pages\/7091\/revisions"}],"predecessor-version":[{"id":7663,"href":"https:\/\/www.inf.ufrgs.br\/ppgc\/wp-json\/wp\/v2\/pages\/7091\/revisions\/7663"}],"wp:attachment":[{"href":"https:\/\/www.inf.ufrgs.br\/ppgc\/wp-json\/wp\/v2\/media?parent=7091"}],"curies":[{"name":"wp","href":"https:\/\/api.w.org\/{rel}","templated":true}]}}