{"id":7097,"date":"2025-04-23T14:07:05","date_gmt":"2025-04-23T17:07:05","guid":{"rendered":"https:\/\/www.inf.ufrgs.br\/ppgc\/?page_id=7097"},"modified":"2025-04-23T14:07:05","modified_gmt":"2025-04-23T17:07:05","slug":"poatek-experience-2024","status":"publish","type":"page","link":"https:\/\/www.inf.ufrgs.br\/ppgc\/poatek-experience-2024\/","title":{"rendered":"Poatek Experience 2024"},"content":{"rendered":"<h3 class=\"\" data-start=\"220\" data-end=\"281\">Est\u00e1gio para Alunos de Mestrado e Doutorado do PPGC\/UFRGS<\/h3>\n<p class=\"\" data-start=\"283\" data-end=\"549\">O <strong data-start=\"285\" data-end=\"311\">Poatek Experience 2024<\/strong> est\u00e1 com inscri\u00e7\u00f5es abertas! Este \u00e9 um programa de est\u00e1gio exclusivo para alunos do <strong data-start=\"396\" data-end=\"446\">Programa de P\u00f3s-Gradua\u00e7\u00e3o em Computa\u00e7\u00e3o (PPGC)<\/strong> da <strong data-start=\"450\" data-end=\"459\">UFRGS<\/strong>, criado para integrar a forma\u00e7\u00e3o acad\u00eamica com desafios reais da ind\u00fastria de tecnologia.<\/p>\n<p class=\"\" data-start=\"551\" data-end=\"798\">Em sua <strong data-start=\"558\" data-end=\"576\">segunda edi\u00e7\u00e3o<\/strong>, o programa oferece uma oportunidade \u00fanica para estudantes aplicarem seus conhecimentos em projetos de impacto, desenvolverem novas habilidades e ampliarem sua viv\u00eancia profissional ao lado de especialistas da <strong data-start=\"787\" data-end=\"797\">Poatek<\/strong>.<\/p>\n<h3 class=\"\" data-start=\"800\" data-end=\"824\">Detalhes do Programa<\/h3>\n<ul data-start=\"826\" data-end=\"1202\">\n<li class=\"\" data-start=\"826\" data-end=\"853\">\n<p class=\"\" data-start=\"828\" data-end=\"853\"><strong data-start=\"828\" data-end=\"840\">Dura\u00e7\u00e3o:<\/strong> 14 semanas<\/p>\n<\/li>\n<li class=\"\" data-start=\"854\" data-end=\"894\">\n<p class=\"\" data-start=\"856\" data-end=\"894\"><strong data-start=\"856\" data-end=\"874\">Carga hor\u00e1ria:<\/strong> 20 horas semanais<\/p>\n<\/li>\n<li class=\"\" data-start=\"895\" data-end=\"937\">\n<p class=\"\" data-start=\"897\" data-end=\"937\"><strong data-start=\"897\" data-end=\"915\">Bolsa aux\u00edlio:<\/strong> R$ 3.100,00 por m\u00eas<\/p>\n<\/li>\n<li class=\"\" data-start=\"938\" data-end=\"980\">\n<p class=\"\" data-start=\"940\" data-end=\"980\"><strong data-start=\"940\" data-end=\"960\">Vale transporte:<\/strong> R$ 250,00 por m\u00eas<\/p>\n<\/li>\n<li class=\"\" data-start=\"981\" data-end=\"1088\">\n<p class=\"\" data-start=\"983\" data-end=\"1088\"><strong data-start=\"983\" data-end=\"1001\">Elegibilidade:<\/strong> Alunos bolsistas do PPGC tamb\u00e9m podem receber a bolsa como complementa\u00e7\u00e3o financeira<\/p>\n<\/li>\n<li class=\"\" data-start=\"1089\" data-end=\"1202\">\n<p class=\"\" data-start=\"1091\" data-end=\"1202\"><strong data-start=\"1091\" data-end=\"1112\">\u00c1reas de atua\u00e7\u00e3o:<\/strong> Principalmente em <strong data-start=\"1131\" data-end=\"1151\">Ci\u00eancia de Dados<\/strong>, mas <strong data-start=\"1157\" data-end=\"1200\">alunos de todas as \u00e1reas s\u00e3o bem-vindos<\/strong><\/p>\n<\/li>\n<\/ul>\n<p class=\"\" data-start=\"1204\" data-end=\"1365\">&#x1f4c5; <strong data-start=\"1207\" data-end=\"1233\">Prazo para inscri\u00e7\u00f5es:<\/strong> at\u00e9 <strong data-start=\"1238\" data-end=\"1270\">domingo, 14 de julho de 2024<\/strong><br data-start=\"1270\" data-end=\"1273\" \/>&#x26a0;&#xfe0f; <em data-start=\"1276\" data-end=\"1365\">N\u00e3o haver\u00e1 prorroga\u00e7\u00e3o. Recomendamos que os interessados n\u00e3o deixem para a \u00faltima hora.<\/em><\/p>\n<p class=\"\" data-start=\"1367\" data-end=\"1567\">&#x1f4c4; Confira todos os detalhes sobre o processo seletivo, requisitos e documenta\u00e7\u00e3o no site oficial do programa:<br data-start=\"1477\" data-end=\"1480\" \/>&#x1f517; <a class=\"\" href=\"https:\/\/www.poatek.com\/poatek-experience\" target=\"_new\" rel=\"noopener\" data-start=\"1483\" data-end=\"1567\">https:\/\/www.poatek.com\/poatek-experience<\/a><\/p>\n<hr class=\"\" data-start=\"1569\" data-end=\"1572\" \/>\n<h3 class=\"\" data-start=\"1574\" data-end=\"1600\">Evento de Apresenta\u00e7\u00e3o<\/h3>\n<p class=\"\" data-start=\"1602\" data-end=\"1693\">A Poatek estar\u00e1 no INF para apresentar o programa e tirar d\u00favidas dos alunos e professores:<\/p>\n<ul data-start=\"1695\" data-end=\"1875\">\n<li class=\"\" data-start=\"1695\" data-end=\"1742\">\n<p class=\"\" data-start=\"1697\" data-end=\"1742\"><strong data-start=\"1697\" data-end=\"1706\">Data:<\/strong> Quinta-feira, 04 de julho de 2024<\/p>\n<\/li>\n<li class=\"\" data-start=\"1743\" data-end=\"1765\">\n<p class=\"\" data-start=\"1745\" data-end=\"1765\"><strong data-start=\"1745\" data-end=\"1757\">Hor\u00e1rio:<\/strong> 12h30<\/p>\n<\/li>\n<li class=\"\" data-start=\"1766\" data-end=\"1875\">\n<p class=\"\" data-start=\"1768\" data-end=\"1875\"><strong data-start=\"1768\" data-end=\"1778\">Local:<\/strong> ZSpace (em frente ao CEI \u2013 INF\/UFRGS)<br data-start=\"1816\" data-end=\"1819\" \/>&#x2615; <strong data-start=\"1821\" data-end=\"1875\">Caf\u00e9 e lanches ser\u00e3o oferecidos aos participantes.<\/strong><\/p>\n<\/li>\n<\/ul>\n<hr class=\"\" data-start=\"1877\" data-end=\"1880\" \/>\n<h3 class=\"\" data-start=\"1882\" data-end=\"1905\">Por que participar?<\/h3>\n<p class=\"\" data-start=\"1907\" data-end=\"2256\">Na edi\u00e7\u00e3o anterior, <strong data-start=\"1927\" data-end=\"1950\">tr\u00eas alunos do PPGC<\/strong> foram selecionados e vivenciaram experi\u00eancias enriquecedoras junto a seus orientadores e \u00e0s equipes da Poatek. Eles aplicaram seus conhecimentos acad\u00eamicos em projetos concretos, desenvolveram soft skills e ampliaram suas perspectivas profissionais \u2014 tudo isso com uma excelente complementa\u00e7\u00e3o financeira.<\/p>\n<p class=\"\" data-start=\"2258\" data-end=\"2412\">Se voc\u00ea \u00e9 aluno do PPGC e est\u00e1 em busca de desafios reais, aprendizado pr\u00e1tico e uma ponte s\u00f3lida com o mercado, <strong data-start=\"2371\" data-end=\"2411\">o Poatek Experience 2024 \u00e9 para voc\u00ea<\/strong>.<\/p>\n<hr class=\"\" data-start=\"2414\" data-end=\"2417\" \/>\n<p class=\"\" data-start=\"2419\" data-end=\"2492\">&#x1f4ec; <strong data-start=\"2422\" data-end=\"2434\">D\u00favidas?<\/strong><br data-start=\"2434\" data-end=\"2437\" \/>Entre em contato pelo e-mail: <strong data-start=\"2467\" data-end=\"2492\"><a rel=\"noopener\" data-start=\"2469\" data-end=\"2490\">experience@poatek.com<\/a><\/strong><\/p>\n<hr class=\"\" data-start=\"2494\" data-end=\"2497\" \/>\n","protected":false},"excerpt":{"rendered":"<p>Est\u00e1gio para Alunos de Mestrado e Doutorado do PPGC\/UFRGS O Poatek Experience 2024 est\u00e1 com inscri\u00e7\u00f5es abertas! Este \u00e9 um programa de est\u00e1gio exclusivo para alunos do Programa de P\u00f3s-Gradua\u00e7\u00e3o em Computa\u00e7\u00e3o (PPGC) da UFRGS, criado para integrar a forma\u00e7\u00e3o acad\u00eamica com desafios reais da ind\u00fastria de tecnologia. Em sua segunda edi\u00e7\u00e3o, o programa oferece [&hellip;]<\/p>\n","protected":false},"author":24,"featured_media":0,"parent":0,"menu_order":0,"comment_status":"closed","ping_status":"closed","template":"","meta":[],"_links":{"self":[{"href":"https:\/\/www.inf.ufrgs.br\/ppgc\/wp-json\/wp\/v2\/pages\/7097"}],"collection":[{"href":"https:\/\/www.inf.ufrgs.br\/ppgc\/wp-json\/wp\/v2\/pages"}],"about":[{"href":"https:\/\/www.inf.ufrgs.br\/ppgc\/wp-json\/wp\/v2\/types\/page"}],"author":[{"embeddable":true,"href":"https:\/\/www.inf.ufrgs.br\/ppgc\/wp-json\/wp\/v2\/users\/24"}],"replies":[{"embeddable":true,"href":"https:\/\/www.inf.ufrgs.br\/ppgc\/wp-json\/wp\/v2\/comments?post=7097"}],"version-history":[{"count":1,"href":"https:\/\/www.inf.ufrgs.br\/ppgc\/wp-json\/wp\/v2\/pages\/7097\/revisions"}],"predecessor-version":[{"id":7098,"href":"https:\/\/www.inf.ufrgs.br\/ppgc\/wp-json\/wp\/v2\/pages\/7097\/revisions\/7098"}],"wp:attachment":[{"href":"https:\/\/www.inf.ufrgs.br\/ppgc\/wp-json\/wp\/v2\/media?parent=7097"}],"curies":[{"name":"wp","href":"https:\/\/api.w.org\/{rel}","templated":true}]}}