{"id":7132,"date":"2025-04-30T10:09:52","date_gmt":"2025-04-30T13:09:52","guid":{"rendered":"https:\/\/www.inf.ufrgs.br\/ppgc\/?page_id=7132"},"modified":"2025-10-08T00:35:56","modified_gmt":"2025-10-08T03:35:56","slug":"selecao-2025-2","status":"publish","type":"page","link":"https:\/\/www.inf.ufrgs.br\/ppgc\/mestrado\/selecao-2025-2\/","title":{"rendered":"Sele\u00e7\u00e3o 2025\/2"},"content":{"rendered":"<h3><strong>1 de Agosto Resultado de Recursos<\/strong><\/h3>\n<p>Em atendimento aos termos do Edital Sele\u00e7\u00e3o Mestrado Regular \u2013 2025\/2, segue a rela\u00e7\u00e3o de pedidos de recursos ao resultado da sele\u00e7\u00e3o e a situa\u00e7\u00e3o.<\/p>\n<p>BRUNO MATSUYAMA PEREIRA TAKAZONO &#8211; INDEFERIDO<br \/>\nDafne Goulart Vasques &#8211; INDEFERIDO<br \/>\nEric Farias dos Santos &#8211; INDEFERIDO<br \/>\nHENRIQUE GIOVANE GOMES OLIVEIRA &#8211; INDEFERIDO<\/p>\n<p>BRUNO VARGAS DE LIMA \u2013 DEFERIDO<\/p>\n<ul>\n<li>Candidato: BRUNO VARGAS DE LIMA<\/li>\n<li>Linha de pesquisa: Arquiteturas, Protocolos e Ger\u00eancia de Redes e Servi\u00e7o<\/li>\n<li>Orientador: Weverton Luis da Costa Cordeiro<\/li>\n<\/ul>\n<p>Paula Obeng-Bioh \u2013 DEFERIDO<\/p>\n<ul>\n<li>Candidata: Paula Obeng-Bioh<\/li>\n<li>Linha de pesquisa: Linha de pesquisa: Arquiteturas, Protocolos e Ger\u00eancia de Redes e Servi\u00e7o<\/li>\n<li>Orientador: Weverton Luis da Costa Cordeiro<\/li>\n<\/ul>\n<h3><strong>21-Julho Divulga\u00e7\u00e3o dos Candidatos(as) Selecionados(as)<\/strong><\/h3>\n<p>A <a href=\"http:\/\/www.inf.ufrgs.br\/ppgc\/wp-content\/uploads\/2025\/07\/PPGC-Processo-Seletivo-Mestrado-2025_2-Selecionados.pdf\">rela\u00e7\u00e3o de candidatos(as) selecionados est\u00e1 dispon\u00edvel neste link<\/a>. Cada candidato(a) tamb\u00e9m pode visualizar a sua situa\u00e7\u00e3o de sele\u00e7\u00e3o no Sistema de Inscri\u00e7\u00f5es. Aten\u00e7\u00e3o para o prazo para recursos e a data limite para confirma\u00e7\u00e3o dos selecionados conforme cronograma do edital de sele\u00e7\u00e3o.<\/p>\n<h3>05-Julho Recurso \u00e0 Homologa\u00e7\u00e3o das Inscri\u00e7\u00f5es<\/h3>\n<p>Em atendimento aos termos do Edital Sele\u00e7\u00e3o Mestrado Regular \u2013 2025\/2, segue a tabela com a situa\u00e7\u00e3o final das inscri\u00e7\u00f5es inicialmente n\u00e3o homologadas por pend\u00eancias na inscri\u00e7\u00e3o.<\/p>\n<ul>\n<li><a href=\"http:\/\/www.inf.ufrgs.br\/ppgc\/wp-content\/uploads\/2025\/07\/PPGC-Processo-Seletivo-Mestrado-2025_2-Inscricoes-Homologadas-Pos-Recursos.pdf\">Clique aqui para visualizar a tabela da situa\u00e7\u00e3o das inscri\u00e7\u00f5es inicialmente n\u00e3o homologadas p\u00f3s fase de recursos.<\/a><\/li>\n<\/ul>\n<h3>02-Julho Rela\u00e7\u00e3o de Inscri\u00e7\u00f5es Recebidas e Situa\u00e7\u00e3o<\/h3>\n<p>Em atendimento aos termos do Edital Sele\u00e7\u00e3o Mestrado Regular \u2013 2025\/2, segue a rela\u00e7\u00e3o de inscri\u00e7\u00f5es e a situa\u00e7\u00e3o. Os candidatos com inscri\u00e7\u00f5es n\u00e3o homologadas tem prazo de dois dias \u00fateis para entrar com recurso.<\/p>\n<ul>\n<li><a href=\"http:\/\/www.inf.ufrgs.br\/ppgc\/wp-content\/uploads\/2025\/07\/PPGC-Processo-Seletivo-Mestrado-2025_2-Inscricoes-Homologadas.pdf\">Clique aqui para visualizar a rela\u00e7\u00e3o de inscri\u00e7\u00f5es no Edital Sele\u00e7\u00e3o Mestrado 2025\/2.<\/a><\/li>\n<\/ul>\n<h3><strong>Edital Sele\u00e7\u00e3o Mestrado Regular &#8211; 2025\/2<\/strong><\/h3>\n<p>O Edital para as inscri\u00e7\u00f5es ao Mestrado (com ingresso em 2025\/2) est\u00e1 dispon\u00edvel. O per\u00edodo de inscri\u00e7\u00f5es vai de 1 a 30 de junho de 2025. Para mais informa\u00e7\u00f5es e para instru\u00e7\u00f5es sobre a inscri\u00e7\u00e3o, <a href=\"http:\/\/www.inf.ufrgs.br\/ppgc\/wp-content\/uploads\/2025\/04\/Edital-PPGC-004_2025-Mestrado-Segundo-Semestre-2025.pdf\">clique aqui.<\/a><\/p>\n<p>As inscri\u00e7\u00f5es s\u00e3o feitas somente atrav\u00e9s do <a href=\"https:\/\/www.inf.ufrgs.br\/ppgc\/applying\">Sistema de Inscri\u00e7\u00f5es do PPGC<\/a>.<\/p>\n<p>Visite nossa <a href=\"https:\/\/www.inf.ufrgs.br\/ppgc\/mestrado\/faq-selecao-msc\/\">P\u00e1gina de Perguntas Frequentes<\/a> para tirar suas d\u00favidas sobre o processo de aplica\u00e7\u00e3o (<a href=\"https:\/\/www.inf.ufrgs.br\/ppgc\/mestrado\/faq-selecao-msc\/\">https:\/\/www.inf.ufrgs.br\/ppgc\/mestrado\/faq-selecao-msc\/<\/a>).<\/p>\n<p>Caso a d\u00favida persista, favor entrar em contato atrav\u00e9s do email <a href=\"mailto:ppgc@inf.ufrgs.br\">ppgc@inf.ufrgs.br<\/a>.<\/p>\n","protected":false},"excerpt":{"rendered":"<p>1 de Agosto Resultado de Recursos Em atendimento aos termos do Edital Sele\u00e7\u00e3o Mestrado Regular \u2013 2025\/2, segue a rela\u00e7\u00e3o de pedidos de recursos ao resultado da sele\u00e7\u00e3o e a situa\u00e7\u00e3o. BRUNO MATSUYAMA PEREIRA TAKAZONO &#8211; INDEFERIDO Dafne Goulart Vasques &#8211; INDEFERIDO Eric Farias dos Santos &#8211; INDEFERIDO HENRIQUE GIOVANE GOMES OLIVEIRA &#8211; INDEFERIDO BRUNO [&hellip;]<\/p>\n","protected":false},"author":24,"featured_media":0,"parent":387,"menu_order":18,"comment_status":"closed","ping_status":"closed","template":"","meta":[],"_links":{"self":[{"href":"https:\/\/www.inf.ufrgs.br\/ppgc\/wp-json\/wp\/v2\/pages\/7132"}],"collection":[{"href":"https:\/\/www.inf.ufrgs.br\/ppgc\/wp-json\/wp\/v2\/pages"}],"about":[{"href":"https:\/\/www.inf.ufrgs.br\/ppgc\/wp-json\/wp\/v2\/types\/page"}],"author":[{"embeddable":true,"href":"https:\/\/www.inf.ufrgs.br\/ppgc\/wp-json\/wp\/v2\/users\/24"}],"replies":[{"embeddable":true,"href":"https:\/\/www.inf.ufrgs.br\/ppgc\/wp-json\/wp\/v2\/comments?post=7132"}],"version-history":[{"count":5,"href":"https:\/\/www.inf.ufrgs.br\/ppgc\/wp-json\/wp\/v2\/pages\/7132\/revisions"}],"predecessor-version":[{"id":7302,"href":"https:\/\/www.inf.ufrgs.br\/ppgc\/wp-json\/wp\/v2\/pages\/7132\/revisions\/7302"}],"up":[{"embeddable":true,"href":"https:\/\/www.inf.ufrgs.br\/ppgc\/wp-json\/wp\/v2\/pages\/387"}],"wp:attachment":[{"href":"https:\/\/www.inf.ufrgs.br\/ppgc\/wp-json\/wp\/v2\/media?parent=7132"}],"curies":[{"name":"wp","href":"https:\/\/api.w.org\/{rel}","templated":true}]}}