{"id":7152,"date":"2025-05-07T15:19:17","date_gmt":"2025-05-07T18:19:17","guid":{"rendered":"https:\/\/www.inf.ufrgs.br\/ppgc\/?page_id=7152"},"modified":"2026-01-23T14:55:52","modified_gmt":"2026-01-23T17:55:52","slug":"edital-de-bolsas-006-2025","status":"publish","type":"page","link":"https:\/\/www.inf.ufrgs.br\/ppgc\/bolsas-de-estudo\/edital-de-bolsas-006-2025\/","title":{"rendered":"Edital 006_2025 &#8211; D"},"content":{"rendered":"<h3>Resultado Preliminar<\/h3>\n<p>O Programa de P\u00f3s-Gradua\u00e7\u00e3o em Computa\u00e7\u00e3o da Universidade Federal do Rio Grande do Sul (PPGC), de acordo com sua legisla\u00e7\u00e3o vigente, e por delibera\u00e7\u00e3o de sua Comiss\u00e3o de P\u00f3s-Gradua\u00e7\u00e3o, torna p\u00fablico o resultado preliminar da sele\u00e7\u00e3o de estudantes matriculados\/as visando ao preenchimento de vagas de bolsas de Doutorado.<\/p>\n<ul>\n<li><a href=\"http:\/\/www.inf.ufrgs.br\/ppgc\/wp-content\/uploads\/2025\/05\/edital_006_2025_resultado_final-2.pdf\">Inscri\u00e7\u00f5es recebidas e situa\u00e7\u00e3o<\/a><\/li>\n<\/ul>\n<h3>Divulga\u00e7ao do Edital<\/h3>\n<p>O Programa de P\u00f3s-Gradua\u00e7\u00e3o em Computa\u00e7\u00e3o da Universidade Federal do Rio Grande do Sul (PPGC), de acordo com sua legisla\u00e7\u00e3o vigente, e por delibera\u00e7\u00e3o de sua Comiss\u00e3o de P\u00f3s-Gradua\u00e7\u00e3o, torna p\u00fablica a abertura de inscri\u00e7\u00f5es para a sele\u00e7\u00e3o de estudantes matriculados\/as visando ao preenchimento de vagas de bolsas de Doutorado. O presente edital contempla tanto aqueles ingressantes via reserva de vagas (A\u00e7\u00f5es Afirmativas) quanto aqueles via ampla concorr\u00eancia.<\/p>\n<p>Para acessar o edital, acesse o link <a href=\"http:\/\/www.inf.ufrgs.br\/ppgc\/wp-content\/uploads\/2025\/05\/Edital-PPGC-006_2025-Edital-de-Bolsas-de-Doutorado.pdf\">Edital PPGC 006_2025 &#8211; Edital de Bolsas de Doutorado.<\/a><\/p>\n","protected":false},"excerpt":{"rendered":"<p>Resultado Preliminar O Programa de P\u00f3s-Gradua\u00e7\u00e3o em Computa\u00e7\u00e3o da Universidade Federal do Rio Grande do Sul (PPGC), de acordo com sua legisla\u00e7\u00e3o vigente, e por delibera\u00e7\u00e3o de sua Comiss\u00e3o de P\u00f3s-Gradua\u00e7\u00e3o, torna p\u00fablico o resultado preliminar da sele\u00e7\u00e3o de estudantes matriculados\/as visando ao preenchimento de vagas de bolsas de Doutorado. Inscri\u00e7\u00f5es recebidas e situa\u00e7\u00e3o Divulga\u00e7ao [&hellip;]<\/p>\n","protected":false},"author":24,"featured_media":0,"parent":7643,"menu_order":5,"comment_status":"closed","ping_status":"closed","template":"","meta":[],"_links":{"self":[{"href":"https:\/\/www.inf.ufrgs.br\/ppgc\/wp-json\/wp\/v2\/pages\/7152"}],"collection":[{"href":"https:\/\/www.inf.ufrgs.br\/ppgc\/wp-json\/wp\/v2\/pages"}],"about":[{"href":"https:\/\/www.inf.ufrgs.br\/ppgc\/wp-json\/wp\/v2\/types\/page"}],"author":[{"embeddable":true,"href":"https:\/\/www.inf.ufrgs.br\/ppgc\/wp-json\/wp\/v2\/users\/24"}],"replies":[{"embeddable":true,"href":"https:\/\/www.inf.ufrgs.br\/ppgc\/wp-json\/wp\/v2\/comments?post=7152"}],"version-history":[{"count":4,"href":"https:\/\/www.inf.ufrgs.br\/ppgc\/wp-json\/wp\/v2\/pages\/7152\/revisions"}],"predecessor-version":[{"id":7660,"href":"https:\/\/www.inf.ufrgs.br\/ppgc\/wp-json\/wp\/v2\/pages\/7152\/revisions\/7660"}],"up":[{"embeddable":true,"href":"https:\/\/www.inf.ufrgs.br\/ppgc\/wp-json\/wp\/v2\/pages\/7643"}],"wp:attachment":[{"href":"https:\/\/www.inf.ufrgs.br\/ppgc\/wp-json\/wp\/v2\/media?parent=7152"}],"curies":[{"name":"wp","href":"https:\/\/api.w.org\/{rel}","templated":true}]}}