{"id":7286,"date":"2025-07-21T00:49:04","date_gmt":"2025-07-21T03:49:04","guid":{"rendered":"https:\/\/www.inf.ufrgs.br\/ppgc\/?page_id=7286"},"modified":"2026-01-23T14:56:07","modified_gmt":"2026-01-23T17:56:07","slug":"edital-de-bolsas-2025-2","status":"publish","type":"page","link":"https:\/\/www.inf.ufrgs.br\/ppgc\/bolsas-de-estudo\/edital-de-bolsas-2025-2\/","title":{"rendered":"Edital 009_2025 &#8211; M\/D"},"content":{"rendered":"<h3>4-Setembro Divulga\u00e7\u00e3o da Classifica\u00e7\u00e3o Geral de Candidatos<\/h3>\n<p>O Programa de P\u00f3s-Gradua\u00e7\u00e3o em Computa\u00e7\u00e3o da Universidade Federal do Rio Grande do Sul (PPGC), de acordo com sua legisla\u00e7\u00e3o vigente, e por delibera\u00e7\u00e3o de sua Comiss\u00e3o de P\u00f3s-Gradua\u00e7\u00e3o, torna p\u00fablica aclassifica\u00e7\u00e3o geral dos candidatos:<\/p>\n<ul>\n<li><a href=\"https:\/\/www.inf.ufrgs.br\/ppgc\/wp-content\/uploads\/2025\/09\/Rankeamento-Edital-PPGC-No-009_2025-1.pdf\">Classifica\u00e7\u00e3o Geral<\/a><\/li>\n<\/ul>\n<h3>21-Julho Divulga\u00e7\u00e3o do Edital de Processo Seletivo de Bolsas de Estudo de Mestrado e Doutorado<\/h3>\n<p>O Programa de P\u00f3s-Gradua\u00e7\u00e3o em Computa\u00e7\u00e3o da Universidade Federal do Rio Grande do Sul (PPGC), de acordo com sua legisla\u00e7\u00e3o vigente, e por delibera\u00e7\u00e3o de sua Comiss\u00e3o de P\u00f3s-Gradua\u00e7\u00e3o, torna p\u00fablica a abertura de inscri\u00e7\u00f5es para a sele\u00e7\u00e3o de estudantes matriculados\/as visando ao preenchimento de vagas de bolsas de Mestrado. O presente edital contempla tanto ingressantes via reserva de vagas (A\u00e7\u00f5es Afirmativas) quanto via ampla concorr\u00eancia.<\/p>\n<ul>\n<li><a href=\"http:\/\/www.inf.ufrgs.br\/ppgc\/wp-content\/uploads\/2025\/07\/PPGC-009_2025-Edital-de-Bolsas-de-Mestrado-e-Doutorado.pdf\">Edital PPGC No 009\/2025 \u2013 Processo Seletivo de Bolsas de Estudo de Mestrado<\/a><\/li>\n<li><a href=\"http:\/\/www.inf.ufrgs.br\/ppgc\/wp-content\/uploads\/2025\/07\/formulario_edital_bolsas_2025_2.docx\">Formul\u00e1rio de Inscri\u00e7\u00e3o no Processo Seletivo de Bolsas (docx)<\/a><\/li>\n<\/ul>\n","protected":false},"excerpt":{"rendered":"<p>4-Setembro Divulga\u00e7\u00e3o da Classifica\u00e7\u00e3o Geral de Candidatos O Programa de P\u00f3s-Gradua\u00e7\u00e3o em Computa\u00e7\u00e3o da Universidade Federal do Rio Grande do Sul (PPGC), de acordo com sua legisla\u00e7\u00e3o vigente, e por delibera\u00e7\u00e3o de sua Comiss\u00e3o de P\u00f3s-Gradua\u00e7\u00e3o, torna p\u00fablica aclassifica\u00e7\u00e3o geral dos candidatos: Classifica\u00e7\u00e3o Geral 21-Julho Divulga\u00e7\u00e3o do Edital de Processo Seletivo de Bolsas de Estudo [&hellip;]<\/p>\n","protected":false},"author":24,"featured_media":0,"parent":7643,"menu_order":4,"comment_status":"closed","ping_status":"closed","template":"","meta":[],"_links":{"self":[{"href":"https:\/\/www.inf.ufrgs.br\/ppgc\/wp-json\/wp\/v2\/pages\/7286"}],"collection":[{"href":"https:\/\/www.inf.ufrgs.br\/ppgc\/wp-json\/wp\/v2\/pages"}],"about":[{"href":"https:\/\/www.inf.ufrgs.br\/ppgc\/wp-json\/wp\/v2\/types\/page"}],"author":[{"embeddable":true,"href":"https:\/\/www.inf.ufrgs.br\/ppgc\/wp-json\/wp\/v2\/users\/24"}],"replies":[{"embeddable":true,"href":"https:\/\/www.inf.ufrgs.br\/ppgc\/wp-json\/wp\/v2\/comments?post=7286"}],"version-history":[{"count":5,"href":"https:\/\/www.inf.ufrgs.br\/ppgc\/wp-json\/wp\/v2\/pages\/7286\/revisions"}],"predecessor-version":[{"id":7656,"href":"https:\/\/www.inf.ufrgs.br\/ppgc\/wp-json\/wp\/v2\/pages\/7286\/revisions\/7656"}],"up":[{"embeddable":true,"href":"https:\/\/www.inf.ufrgs.br\/ppgc\/wp-json\/wp\/v2\/pages\/7643"}],"wp:attachment":[{"href":"https:\/\/www.inf.ufrgs.br\/ppgc\/wp-json\/wp\/v2\/media?parent=7286"}],"curies":[{"name":"wp","href":"https:\/\/api.w.org\/{rel}","templated":true}]}}