{"id":7398,"date":"2025-09-01T18:35:52","date_gmt":"2025-09-01T21:35:52","guid":{"rendered":"https:\/\/www.inf.ufrgs.br\/ppgc\/?page_id=7398"},"modified":"2026-02-05T11:31:23","modified_gmt":"2026-02-05T14:31:23","slug":"edital-ppgc-011-2025-processo-de-selecao-para-programa-institucional-de-doutorado-sanduiche-no-exterior-2025","status":"publish","type":"page","link":"https:\/\/www.inf.ufrgs.br\/ppgc\/editais-de-apoio-e-fomento\/edital-ppgc-011-2025-processo-de-selecao-para-programa-institucional-de-doutorado-sanduiche-no-exterior-2025\/","title":{"rendered":"Edital 011\/2025 \u2013 PDSE"},"content":{"rendered":"<h3>Resultado<\/h3>\n<p>O Programa de P\u00f3s-Gradua\u00e7\u00e3o em Ci\u00eancia da Computa\u00e7\u00e3o (PPGC) da UFRGS, em conson\u00e2ncia com o Edital 17\/2025 da CAPES e com as orienta\u00e7\u00f5es da Pr\u00f3-Reitoria de P\u00f3s-Gradua\u00e7\u00e3o da UFRGS2, torna p\u00fablico o resultado da sele\u00e7\u00e3o, conforme o documento abaixo.<\/p>\n<ul>\n<li><a href=\"http:\/\/www.inf.ufrgs.br\/ppgc\/wp-content\/uploads\/2025\/09\/resultado_pdse.pdf\">Resultado<\/a><\/li>\n<\/ul>\n<hr \/>\n<h3>Primeiro Termo Aditivo<\/h3>\n<p>O Programa de P\u00f3s-Gradua\u00e7\u00e3o em Ci\u00eancia da Computa\u00e7\u00e3o (PPGC) da UFRGS, em conson\u00e2ncia com o Edital 17\/2025 da CAPES e com as orienta\u00e7\u00f5es da Pr\u00f3-Reitoria de P\u00f3s-Gradua\u00e7\u00e3o da UFRGS2, torna p\u00fablico que fica alterado o Art. 4\u00ba do Edital PPGC no 011\/2025, conforme Termo Aditivo abaixo.<\/p>\n<ul>\n<li><a href=\"http:\/\/www.inf.ufrgs.br\/ppgc\/wp-content\/uploads\/2025\/09\/Termo-Aditivo-Edital-PPGC-011_2025-PDSE.pdf\">Termo Aditivo<\/a><\/li>\n<\/ul>\n<hr \/>\n<h3>Publica\u00e7\u00e3o de Edital<\/h3>\n<p>O Programa de P\u00f3s-Gradua\u00e7\u00e3o em Ci\u00eancia da Computa\u00e7\u00e3o (PPGC) da UFRGS, em conson\u00e2ncia com o Edital 17\/2025 da CAPES e com as orienta\u00e7\u00f5es da Pr\u00f3-Reitoria de P\u00f3s-Gradua\u00e7\u00e3o da UFRGS2, torna p\u00fablico que receber\u00e1 a documenta\u00e7\u00e3o de candidatos para o processo de sele\u00e7\u00e3o para o Programa Institucional de Doutorado Sandu\u00edche no Exterior &#8211; 2025.<\/p>\n<ul>\n<li><a href=\"http:\/\/www.inf.ufrgs.br\/ppgc\/wp-content\/uploads\/2025\/09\/Edital-PPGC-011_2025-PDSE.pdf\">Edital<\/a><\/li>\n<\/ul>\n","protected":false},"excerpt":{"rendered":"<p>Resultado O Programa de P\u00f3s-Gradua\u00e7\u00e3o em Ci\u00eancia da Computa\u00e7\u00e3o (PPGC) da UFRGS, em conson\u00e2ncia com o Edital 17\/2025 da CAPES e com as orienta\u00e7\u00f5es da Pr\u00f3-Reitoria de P\u00f3s-Gradua\u00e7\u00e3o da UFRGS2, torna p\u00fablico o resultado da sele\u00e7\u00e3o, conforme o documento abaixo. Resultado Primeiro Termo Aditivo O Programa de P\u00f3s-Gradua\u00e7\u00e3o em Ci\u00eancia da Computa\u00e7\u00e3o (PPGC) da UFRGS, [&hellip;]<\/p>\n","protected":false},"author":24,"featured_media":0,"parent":6888,"menu_order":2,"comment_status":"closed","ping_status":"closed","template":"","meta":[],"_links":{"self":[{"href":"https:\/\/www.inf.ufrgs.br\/ppgc\/wp-json\/wp\/v2\/pages\/7398"}],"collection":[{"href":"https:\/\/www.inf.ufrgs.br\/ppgc\/wp-json\/wp\/v2\/pages"}],"about":[{"href":"https:\/\/www.inf.ufrgs.br\/ppgc\/wp-json\/wp\/v2\/types\/page"}],"author":[{"embeddable":true,"href":"https:\/\/www.inf.ufrgs.br\/ppgc\/wp-json\/wp\/v2\/users\/24"}],"replies":[{"embeddable":true,"href":"https:\/\/www.inf.ufrgs.br\/ppgc\/wp-json\/wp\/v2\/comments?post=7398"}],"version-history":[{"count":9,"href":"https:\/\/www.inf.ufrgs.br\/ppgc\/wp-json\/wp\/v2\/pages\/7398\/revisions"}],"predecessor-version":[{"id":7699,"href":"https:\/\/www.inf.ufrgs.br\/ppgc\/wp-json\/wp\/v2\/pages\/7398\/revisions\/7699"}],"up":[{"embeddable":true,"href":"https:\/\/www.inf.ufrgs.br\/ppgc\/wp-json\/wp\/v2\/pages\/6888"}],"wp:attachment":[{"href":"https:\/\/www.inf.ufrgs.br\/ppgc\/wp-json\/wp\/v2\/media?parent=7398"}],"curies":[{"name":"wp","href":"https:\/\/api.w.org\/{rel}","templated":true}]}}