{"id":7434,"date":"2025-09-17T11:39:00","date_gmt":"2025-09-17T14:39:00","guid":{"rendered":"https:\/\/www.inf.ufrgs.br\/ppgc\/?page_id=7434"},"modified":"2026-02-27T20:54:01","modified_gmt":"2026-02-27T23:54:01","slug":"selecao-2026-1","status":"publish","type":"page","link":"https:\/\/www.inf.ufrgs.br\/ppgc\/mestrado\/selecao-2026-1\/","title":{"rendered":"Sele\u00e7\u00e3o 2026\/1"},"content":{"rendered":"<h3>04-Fevereiro Recursos Recebidos e Situa\u00e7\u00e3o (Atualizado em 27-Fevereiro)<\/h3>\n<p>Em atendimento aos termos do Edital Sele\u00e7\u00e3o Mestrado Regular \u2013 2026\/1, segue a rela\u00e7\u00e3o de recursos recebidos ao resultado da Sele\u00e7\u00e3o de Mestrado e a situa\u00e7\u00e3o.<\/p>\n<ul>\n<li>Diego Yoshiro Dongo Esquivel &#8211; RECURSO DEFERIDO\n<ul>\n<li>\u00a0Candidato: Diego Yoshiro Dongo Esquivel<\/li>\n<li>Linha de pesquisa: Aprendizado de M\u00e1quina, Representa\u00e7\u00e3o de Conhecimento e Racioc\u00ednio<\/li>\n<li>Orientadora: Mara Abel<\/li>\n<\/ul>\n<\/li>\n<li>Isabel da Costa Dami\u00e3o &#8211; INDEFERIDO<\/li>\n<li>Pablo Corr\u00eaa Feij\u00f3 &#8211; INDEFERIDO<\/li>\n<\/ul>\n<h3>28-Janeiro Candidatos Selecionados<\/h3>\n<p>Em atendimento aos termos do Edital Sele\u00e7\u00e3o Mestrado Regular \u2013 2026\/1, segue a rela\u00e7\u00e3o de candidatos(as) selecionados(as). Cada candidato(a) tamb\u00e9m pode visualizar a sua situa\u00e7\u00e3o de sele\u00e7\u00e3o e notas no Sistema de Inscri\u00e7\u00f5es. Aten\u00e7\u00e3o para o prazo para recursos e a data limite para confirma\u00e7\u00e3o dos selecionados conforme cronograma do edital de sele\u00e7\u00e3o.<\/p>\n<ul>\n<li><a href=\"http:\/\/www.inf.ufrgs.br\/ppgc\/wp-content\/uploads\/2026\/01\/Edital_Selecao_Mestrado_2026_1_selecionados-1.pdf\">Clique aqui para visualizar a rela\u00e7\u00e3o de candidatos(as) selecionados(as) no Edital Sele\u00e7\u00e3o Mestrado 2026\/1<\/a><\/li>\n<\/ul>\n<p>Acesse tamb\u00e9m o resultado do Edital PPGC No 012\/2025 \u2013 Processo Seletivo de Bolsas de Estudo de Mestrado:<\/p>\n<ul>\n<li><a href=\"https:\/\/www.inf.ufrgs.br\/ppgc\/bolsas-de-estudo\/edital-de-bolsas-2026-1\/\">Clique aqui para visualizar a rela\u00e7\u00e3o de candidatos(as) aprovados(as) no processo seletivo de bolsas.<\/a><\/li>\n<\/ul>\n<h3>31-Dezembro Recurso \u00e0 Homologa\u00e7\u00e3o Inscri\u00e7\u00f5es<\/h3>\n<p>Em atendimento aos termos do Edital Sele\u00e7\u00e3o Mestrado Regular \u2013 2026\/1, segue a rela\u00e7\u00e3o de recursos recebidos \u00e0 inscri\u00e7\u00e3o e a situa\u00e7\u00e3o. A atualiza\u00e7\u00e3o na situa\u00e7\u00e3o ser\u00e1 p\u00fablicada nesta p\u00e1gina e comunicada aos candidatos.<\/p>\n<ul>\n<li>Arthur Alves Ferreira Melo &#8211; DEFERIDO<\/li>\n<li>Felipe Moreira de Souza &#8211; DEFERIDO<\/li>\n<\/ul>\n<h3>26-Dezembro Rela\u00e7\u00e3o de Inscri\u00e7\u00f5es Recebidas e Situa\u00e7\u00e3o<\/h3>\n<p>Em atendimento aos termos do Edital Sele\u00e7\u00e3o Mestrado Regular \u2013 2026\/1, segue a rela\u00e7\u00e3o de inscri\u00e7\u00f5es e a situa\u00e7\u00e3o. Os candidatos com inscri\u00e7\u00f5es n\u00e3o homologadas tem prazo de dois dias \u00fateis para entrar com recurso.<\/p>\n<ul>\n<li><a href=\"http:\/\/www.inf.ufrgs.br\/ppgc\/wp-content\/uploads\/2025\/12\/Edital_Selecao_Mestrado_2026_1_homologacao-1.pdf\">Clique aqui para visualizar a rela\u00e7\u00e3o de inscri\u00e7\u00f5es no Edital Sele\u00e7\u00e3o Mestrado 2026\/1<\/a>.<\/li>\n<\/ul>\n<h3>8-Out Aviso Sobre Edital de Bolsas<\/h3>\n<p>Informamos que os interessados em ingressar no Mestrado no PPGC\/UFRGS, caso desejem tamb\u00e9m concorrer ao edital de bolsas de mestrado, dever\u00e3o fazer uma inscri\u00e7\u00e3o separada no Edital de Bolsas de Mestrado. As inscri\u00e7\u00f5es dever\u00e3o ser realizadas no per\u00edodo de 17 de novembro de 2025 a 09 de janeiro de 2026. <a href=\"https:\/\/www.inf.ufrgs.br\/ppgc\/bolsas-de-estudo\/edital-de-bolsas-2026-1\/\">Para mais informa\u00e7\u00f5es, clique aqui<\/a>.<\/p>\n<h3><strong>17-Set Edital Sele\u00e7\u00e3o Mestrado Regular \u2013 2026\/1<\/strong><\/h3>\n<p>O Edital para as inscri\u00e7\u00f5es ao Mestrado (com ingresso em 2026\/1) est\u00e1 dispon\u00edvel. O per\u00edodo de inscri\u00e7\u00f5es vai de 17 de novembro a 19 de dezembro de 2025.<\/p>\n<ul>\n<li><a href=\"http:\/\/www.inf.ufrgs.br\/ppgc\/wp-content\/uploads\/2025\/09\/Edital-PPGC-010_2025-Mestrado-Primeiro-Semestre-2026.docx.pdf\">Edital PPGC 010\/2025 Mestrado Primeiro Semestre 2026.<\/a><\/li>\n<li><a href=\"http:\/\/www.inf.ufrgs.br\/ppgc\/wp-content\/uploads\/2025\/11\/Edital-PPGC-010_2025-Mestrado-Anexo-I.docx\">Anexo I<\/a><\/li>\n<\/ul>\n<p>As inscri\u00e7\u00f5es s\u00e3o feitas somente atrav\u00e9s do <a href=\"https:\/\/www.inf.ufrgs.br\/ppgc\/applying\">Sistema de Inscri\u00e7\u00f5es do PPGC<\/a>.<\/p>\n<p>Visite nossa <a href=\"https:\/\/www.inf.ufrgs.br\/ppgc\/mestrado\/faq-selecao-msc\/\">P\u00e1gina de Perguntas Frequentes<\/a> para tirar suas d\u00favidas sobre o processo de aplica\u00e7\u00e3o (<a href=\"https:\/\/www.inf.ufrgs.br\/ppgc\/mestrado\/faq-selecao-msc\/\">https:\/\/www.inf.ufrgs.br\/ppgc\/mestrado\/faq-selecao-msc\/<\/a>).<\/p>\n<p>Caso a d\u00favida persista, favor entrar em contato atrav\u00e9s do email <span id=\"eeb-986198\"><a class=\"mailto-link\" href=\"mailto:ppgc@inf.ufrgs.br\">ppgc@inf.ufrgs.br<\/a><\/span>.<\/p>\n","protected":false},"excerpt":{"rendered":"<p>04-Fevereiro Recursos Recebidos e Situa\u00e7\u00e3o (Atualizado em 27-Fevereiro) Em atendimento aos termos do Edital Sele\u00e7\u00e3o Mestrado Regular \u2013 2026\/1, segue a rela\u00e7\u00e3o de recursos recebidos ao resultado da Sele\u00e7\u00e3o de Mestrado e a situa\u00e7\u00e3o. Diego Yoshiro Dongo Esquivel &#8211; RECURSO DEFERIDO \u00a0Candidato: Diego Yoshiro Dongo Esquivel Linha de pesquisa: Aprendizado de M\u00e1quina, Representa\u00e7\u00e3o de Conhecimento [&hellip;]<\/p>\n","protected":false},"author":24,"featured_media":0,"parent":387,"menu_order":0,"comment_status":"closed","ping_status":"closed","template":"","meta":[],"_links":{"self":[{"href":"https:\/\/www.inf.ufrgs.br\/ppgc\/wp-json\/wp\/v2\/pages\/7434"}],"collection":[{"href":"https:\/\/www.inf.ufrgs.br\/ppgc\/wp-json\/wp\/v2\/pages"}],"about":[{"href":"https:\/\/www.inf.ufrgs.br\/ppgc\/wp-json\/wp\/v2\/types\/page"}],"author":[{"embeddable":true,"href":"https:\/\/www.inf.ufrgs.br\/ppgc\/wp-json\/wp\/v2\/users\/24"}],"replies":[{"embeddable":true,"href":"https:\/\/www.inf.ufrgs.br\/ppgc\/wp-json\/wp\/v2\/comments?post=7434"}],"version-history":[{"count":16,"href":"https:\/\/www.inf.ufrgs.br\/ppgc\/wp-json\/wp\/v2\/pages\/7434\/revisions"}],"predecessor-version":[{"id":7749,"href":"https:\/\/www.inf.ufrgs.br\/ppgc\/wp-json\/wp\/v2\/pages\/7434\/revisions\/7749"}],"up":[{"embeddable":true,"href":"https:\/\/www.inf.ufrgs.br\/ppgc\/wp-json\/wp\/v2\/pages\/387"}],"wp:attachment":[{"href":"https:\/\/www.inf.ufrgs.br\/ppgc\/wp-json\/wp\/v2\/media?parent=7434"}],"curies":[{"name":"wp","href":"https:\/\/api.w.org\/{rel}","templated":true}]}}