{"id":745,"date":"2015-12-30T09:57:19","date_gmt":"2015-12-30T11:57:19","guid":{"rendered":"http:\/\/www.inf.ufrgs.br\/ppgc_wp\/?page_id=745"},"modified":"2020-03-11T14:17:30","modified_gmt":"2020-03-11T17:17:30","slug":"cmp587","status":"publish","type":"page","link":"https:\/\/www.inf.ufrgs.br\/ppgc\/disciplinas\/lista-de-disciplinas\/cmp587\/","title":{"rendered":"CMP587"},"content":{"rendered":"<h3><strong>Topicos Especiais em Computa\u00e7\u00e3o DLXXXVII: Modelagem e Gerenciamento de Processos de Neg\u00f3cio<\/strong><\/h3>\n<p><b>Respons\u00e1vel<\/b>: <a href=\"http:\/\/www.inf.ufrgs.br\/site\/docente\/lucineia-heloisa-thom\/\">Lucin\u00e9ia Thom<\/a><br \/>\n<b>Pr\u00e9-Requisitos<\/b>: &#8211;<br \/>\n<b>Carga Hor\u00e1ria<\/b>: 60 hs<br \/>\n<b>Cr\u00e9ditos<\/b>: 4<br \/>\n<b>Matr\u00edcula de Graduandos<\/b>: A matricula poder\u00e1 ser feita ou como Aluno Especial ou pela disciplina de c\u00f3digo: INF01068<br \/>\n<b>P\u00e1gina da Disciplina<\/b>: &#8211;<\/p>\n<p><strong>S\u00daMULA<\/strong><\/p>\n<p align=\"justify\">Introdu\u00e7\u00e3o ao Gerenciamento de Processos de Neg\u00f3cio e Workflow (BPM). Conceitos sobre BPM. An\u00e1lise de Requisitos em Processos. Modelagem de Processos de Neg\u00f3cio. Aspectos Avan\u00e7ados em Modelagem de Processos. Automa\u00e7\u00e3o de Processos. Tend\u00eancias em BPM.<\/p>\n<p><strong>OBJETIVOS<\/strong><\/p>\n<p align=\"justify\">O desenvolvimento da disciplina busca dar ao aluno, ao final do semestre, condi\u00e7\u00f5es de:<br \/>\n1. Compreender a import\u00e2ncia, contexto e conceitos de Gerenciamento de Processos de Neg\u00f3cio e Workflow;<br \/>\n2. Compreender as fases, atividades e pap\u00e9is envolvidos no ciclo de vida de um sistema de workflow;<br \/>\n3. Entender \u00e0 An\u00e1lise de Requisitos em Modelagem de Processos a partir de Cen\u00e1rios Reais;<br \/>\n4. Entender a modelagem de processos com \u00eanfase na Nota\u00e7\u00e3o para Modelagem de Processos (BPMN) e em aspectos avan\u00e7ados, tais como o uso de padr\u00f5es de workflow;<br \/>\n5. Entender a an\u00e1lise qualitativa e quantitativa de processos;<br \/>\n6. Conhecer aspectos sobre a automa\u00e7\u00e3o de processos;<br \/>\n7. Conhecer tend\u00eancias em Gerenciamento de Processos de Neg\u00f3cio e Workflow.<\/p>\n<p><strong>PROGRAMA<\/strong><\/p>\n<p align=\"justify\">1. Introdu\u00e7\u00e3o ao Gerenciamento de Processos de Neg\u00f3cio (BPM) e Workflow<br \/>\na. Origem do Gerenciamento de Processos de Neg\u00f3cio e Workflow<br \/>\ni. Organiza\u00e7\u00e3o Funcional<br \/>\nii. Nascimento do Pensamento Orientado a Processos<br \/>\nb. Funcionalidades e aplica\u00e7\u00f5es de BPM e Workflow<br \/>\nc. Ciclo de vida de BPM<br \/>\n2. Conceitos B\u00e1sicos em Gerenciamento de Processos de Neg\u00f3cio e Workflow<br \/>\n3. An\u00e1lise de Requisitos em Modelagem de Processos de Neg\u00f3cio<br \/>\n4. Modelagem de Processos de Neg\u00f3cio<br \/>\na. Aspectos gerais sobre modelagem de Processos de Neg\u00f3cio<br \/>\nb. Introdu\u00e7\u00e3o \u00e0 Nota\u00e7\u00e3o para Modelagem de Processos (BPMN)<br \/>\n5. Aspectos Avan\u00e7ados em Modelagem de Processos<br \/>\na. Minera\u00e7\u00e3o de Processos<br \/>\nb. Padr\u00f5es de Workflow<br \/>\n6. An\u00e1lise Qualitativa e Quantitativa de Processos<br \/>\n7. Automa\u00e7\u00e3o de Processos<br \/>\n8. Tend\u00eancias em Gerenciamento de Processos e Workflow<\/p>\n<p><strong>CRIT\u00c9RIOS DE AVALIA\u00c7\u00c3O<\/strong><\/p>\n<p align=\"justify\">\u2022 Provas: Ser\u00e1 realizada 1 (uma) prova, que ocorre conforme calend\u00e1rio da disciplina em data pr\u00e9-definida. A prova envolve o conte\u00fado da disciplina ministrado at\u00e9 a prova. Peso 3.<br \/>\n\u2022 Semin\u00e1rios: Ser\u00e3o realizados um ou mais semin\u00e1rios ao longo da disciplina. Peso 2.<br \/>\n\u2022 Trabalhos Pr\u00e1ticos: Ser\u00e3o realizados um ou mais trabalhos pr\u00e1ticos, organizados em sua maioria como atividades extraclasse. Est\u00e3o previstas aulas de acompanhamento com o professor para resolver d\u00favidas da elabora\u00e7\u00e3o do trabalho. Os trabalhos pr\u00e1ticos ser\u00e3o realizados em grupo e seus desenvolvimentos (parciais e\/ou final) enviados via moodle nas datas indicadas. O conjunto dos trabalhos pr\u00e1ticos tem peso 4 sobre o total. Haver\u00e3o apresenta\u00e7\u00f5es (parciais e\/ou final) do trabalho.<br \/>\n\u2022 Participa\u00e7\u00e3o: avalia\u00e7\u00e3o sobre realiza\u00e7\u00e3o\/participa\u00e7\u00e3o de exerc\u00edcios e din\u00e2micas propostos, aulas de laborat\u00f3rio, posicionamento quanto a conte\u00fado e d\u00favidas, qualidade de participa\u00e7\u00e3o em aula e motiva\u00e7\u00e3o durante o desenvolvimento dos trabalhos, e assiduidade do aluno. Peso 1 sobre o total.<br \/>\n\u2022 Forma\u00e7\u00e3o do Conceito Final: O conceito final do aluno ser\u00e1 atribu\u00eddo levando-se em considera\u00e7\u00e3o a prova, trabalhos pr\u00e1ticos e participa\u00e7\u00e3o, nos pesos acima definidos. A m\u00e9dia ponderada da prova, trabalhos e avalia\u00e7\u00e3o do professor ser\u00e1 convertida em conceito, mediante referencial abaixo:<\/p>\n<p>Nota &gt;= 9,0 = A<br \/>\nNota &gt;= 7,5 e &lt; 9,0 = B<br \/>\nNota &gt;= 6,0 e &lt; 7,5 = C<br \/>\nNota &lt; 6,0 = D<\/p>\n<p>Observa\u00e7\u00f5es: Somente ser\u00e1 calculada a m\u00e9dia geral daqueles alunos que tiverem obtido um \u00edndice de frequ\u00eancia \u00e0s aulas igual ou superior a 75% das aulas previstas. Aos que n\u00e3o satisfizerem este requisito, ser\u00e1 atribu\u00eddo o conceito FF (Falta de Frequ\u00eancia).<\/p>\n<p>\u2022 Recupera\u00e7\u00e3o: O aluno que obtiver conceito final D poder\u00e1 realizar uma prova de recupera\u00e7\u00e3o versando sobre todo o conte\u00fado da disciplina. Se a nota obtida nessa prova for igual ou superior a 6,0, o conceito mudar\u00e1 para C.<\/p>\n<p><strong>BIBLIOGRAFIA<\/strong><\/p>\n<p align=\"justify\">\u2022 Dumas, Marlon; La Rosa, Marcello; Mendling, Jan; Reijers, Hajo A. &#8211; Fundamental of Business Process Management &#8211; Editora Springer (ISBN: 978-3-642-33142-8).<br \/>\nWeske, Mathias &#8211; Business Process Management: Concepts, Languages &#8211; Editora Springer (ISBN: 978-3-642-28616-2).<\/p>\n<p>Bibliografia B\u00e1sica<br \/>\n\u2022 Eriksson, Hans-Erik. Penker, Magnus &#8211; Business modeling with uml : business patterns at work &#8211; Editora John Wiley (ISBN: 0-471-29551-5).<\/p>\n<p>Bibliografia Complementar<br \/>\n\u2022 Fischer, Layna &#8211; Workflow handbook 2006 including business process management &#8211; Editora Future Strategies (ISBN: 0-9777527-0-4).<br \/>\n\u2022 Hohpe, Gregor, Woolf, Bobby &#8211; Enterprise integration patterns: designing, building, and deployng messaging solutions &#8211; Editora Addison-Wesley (ISBN: 978-0321200686).<br \/>\n\u2022 Sharp, Alec, McDermott, Patrick &#8211; Workflow modeling : tools for process improvement and application development &#8211; Editora Artech House (ISBN: 1596931922).<\/p>\n","protected":false},"excerpt":{"rendered":"<p>Topicos Especiais em Computa\u00e7\u00e3o DLXXXVII: Modelagem e Gerenciamento de Processos de Neg\u00f3cio Respons\u00e1vel: Lucin\u00e9ia Thom Pr\u00e9-Requisitos: &#8211; Carga Hor\u00e1ria: 60 hs Cr\u00e9ditos: 4 Matr\u00edcula de Graduandos: A matricula poder\u00e1 ser feita ou como Aluno Especial ou pela disciplina de c\u00f3digo: INF01068 P\u00e1gina da Disciplina: &#8211; S\u00daMULA Introdu\u00e7\u00e3o ao Gerenciamento de Processos de Neg\u00f3cio e Workflow [&hellip;]<\/p>\n","protected":false},"author":1,"featured_media":0,"parent":462,"menu_order":587,"comment_status":"closed","ping_status":"closed","template":"","meta":[],"_links":{"self":[{"href":"https:\/\/www.inf.ufrgs.br\/ppgc\/wp-json\/wp\/v2\/pages\/745"}],"collection":[{"href":"https:\/\/www.inf.ufrgs.br\/ppgc\/wp-json\/wp\/v2\/pages"}],"about":[{"href":"https:\/\/www.inf.ufrgs.br\/ppgc\/wp-json\/wp\/v2\/types\/page"}],"author":[{"embeddable":true,"href":"https:\/\/www.inf.ufrgs.br\/ppgc\/wp-json\/wp\/v2\/users\/1"}],"replies":[{"embeddable":true,"href":"https:\/\/www.inf.ufrgs.br\/ppgc\/wp-json\/wp\/v2\/comments?post=745"}],"version-history":[{"count":5,"href":"https:\/\/www.inf.ufrgs.br\/ppgc\/wp-json\/wp\/v2\/pages\/745\/revisions"}],"predecessor-version":[{"id":4378,"href":"https:\/\/www.inf.ufrgs.br\/ppgc\/wp-json\/wp\/v2\/pages\/745\/revisions\/4378"}],"up":[{"embeddable":true,"href":"https:\/\/www.inf.ufrgs.br\/ppgc\/wp-json\/wp\/v2\/pages\/462"}],"wp:attachment":[{"href":"https:\/\/www.inf.ufrgs.br\/ppgc\/wp-json\/wp\/v2\/media?parent=745"}],"curies":[{"name":"wp","href":"https:\/\/api.w.org\/{rel}","templated":true}]}}