{"id":7477,"date":"2025-10-08T00:31:54","date_gmt":"2025-10-08T03:31:54","guid":{"rendered":"https:\/\/www.inf.ufrgs.br\/ppgc\/?page_id=7477"},"modified":"2026-02-24T11:49:13","modified_gmt":"2026-02-24T14:49:13","slug":"edital-de-bolsas-2026-1","status":"publish","type":"page","link":"https:\/\/www.inf.ufrgs.br\/ppgc\/bolsas-de-estudo\/edital-de-bolsas-2026-1\/","title":{"rendered":"Edital 012_2025 &#8211; M"},"content":{"rendered":"<h3>24-Fev Aviso sobre Disponibilidade de Bolsas e Notifica\u00e7\u00e3o aos Contemplados<\/h3>\n<p>O Programa de P\u00f3s-Gradua\u00e7\u00e3o em Computa\u00e7\u00e3o da Universidade Federal do Rio Grande do Sul (PPGC), de acordo com sua legisla\u00e7\u00e3o vigente, informa que a implementa\u00e7\u00e3o das bolsas ocorre de acordo com a disponibilidade de cotas no Programa. Havendo disponibilidade, os candidatos ser\u00e3o comunicados por e-mail pela Secretaria, respeitando a ordem de classifica\u00e7\u00e3o e o prazo de validade da vig\u00eancia do edital.<\/p>\n<h3>28-Jan Divulga\u00e7\u00e3o do Resultado Edital de Processo Seletivo de Bolsas de Estudo de Mestrado<\/h3>\n<p>O Programa de P\u00f3s-Gradua\u00e7\u00e3o em Computa\u00e7\u00e3o da Universidade Federal do Rio Grande do Sul (PPGC), de acordo com sua legisla\u00e7\u00e3o vigente e nos termos do Edital PPGC No 012\/2025 \u2013 Processo Seletivo de Bolsas de Estudo de Mestrado, torna p\u00fablico o resultado da sele\u00e7\u00e3o de estudantes visando ao preenchimento de vagas de bolsas de Mestrado.<\/p>\n<p>Conforme o edital, n\u00e3o h\u00e1 garantia de concess\u00e3o de bolsa aos\/\u00e0s candidatos\/as classificados\/as. A concess\u00e3o de bolsas depende da exist\u00eancia de cota remanescente ou de novas concess\u00f5es por parte das ag\u00eancias de fomento.<\/p>\n<p>Ainda conforme o edital, caso todas as pessoas aprovadas e aptas a receberem bolsa tenham sido contempladas, bolsas remanescentes poder\u00e3o ser atribu\u00eddas a pessoas n\u00e3o aprovadas, a crit\u00e9rio da comiss\u00e3o de bolsas, respeitados os crit\u00e9rios estabelecidos no edital.<\/p>\n<ul>\n<li><a href=\"http:\/\/www.inf.ufrgs.br\/ppgc\/wp-content\/uploads\/2026\/01\/Edital-Mestrado-2026_1_-Selecionados-e-Bolsas-Bolsas-Lista-Geral.pdf\">Rela\u00e7\u00e3o de candidatos\/as aprovados\/as &#8211; Lista Geral<\/a><\/li>\n<li><a href=\"http:\/\/www.inf.ufrgs.br\/ppgc\/wp-content\/uploads\/2026\/01\/Edital-Mestrado-2026_1_-Selecionados-e-Bolsas-Bolsas-Acoes-Afirmativas.pdf\">Rela\u00e7\u00e3o de candidatos\/as aprovados\/as &#8211; A\u00e7\u00f5es Afirmativas<\/a><\/li>\n<\/ul>\n<h3>8-Out Aviso Sobre Edital Sele\u00e7\u00e3o Mestrado Regular \u2013 2026\/1<\/h3>\n<p>Informamos que os interessados em concorrer ao edital de bolsas de mestrado, caso ainda n\u00e3o sejam discentes regularmente matriculados no programa, devem obrigatoriamente se inscrever no Edital Sele\u00e7\u00e3o Mestrado Regular \u2013 2026\/1. O per\u00edodo de inscri\u00e7\u00f5es vai de 17 de novembro a 19 de dezembro de 2025. <a href=\"https:\/\/www.inf.ufrgs.br\/ppgc\/mestrado\/selecao-2026-1\/\">Para mais informa\u00e7\u00f5es e para instru\u00e7\u00f5es sobre a inscri\u00e7\u00e3o, clique aqui<\/a>.<\/p>\n<h3>8-Out Divulga\u00e7\u00e3o do Edital de Processo Seletivo de Bolsas de Estudo de Mestrado<\/h3>\n<p>O Programa de P\u00f3s-Gradua\u00e7\u00e3o em Computa\u00e7\u00e3o da Universidade Federal do Rio Grande do Sul (PPGC), de acordo com sua legisla\u00e7\u00e3o vigente, e por delibera\u00e7\u00e3o de sua Comiss\u00e3o de P\u00f3s-Gradua\u00e7\u00e3o, torna p\u00fablica a abertura de inscri\u00e7\u00f5es para a sele\u00e7\u00e3o de estudantes visando ao preenchimento de vagas de bolsas de Mestrado. O presente edital contempla tanto ingressantes via reserva de vagas (A\u00e7\u00f5es Afirmativas) quanto via ampla concorr\u00eancia. As inscri\u00e7\u00f5es dever\u00e3o ser realizadas no per\u00edodo de 17 de novembro de 2025 a 09 de janeiro de 2026.<\/p>\n<ul>\n<li><a href=\"http:\/\/www.inf.ufrgs.br\/ppgc\/wp-content\/uploads\/2025\/10\/PPGC-012_2025-Edital-de-Bolsas-de-Mestrado-1.pdf\">Edital PPGC No 012\/2025 \u2013 Processo Seletivo de Bolsas de Estudo de Mestrado<\/a><\/li>\n<li><a href=\"http:\/\/www.inf.ufrgs.br\/ppgc\/wp-content\/uploads\/2025\/10\/formulario_edital_bolsas_12_2025.docx\">Formul\u00e1rio de Inscri\u00e7\u00e3o no Processo Seletivo de Bolsas (docx)<\/a><\/li>\n<\/ul>\n<p>&nbsp;<\/p>\n","protected":false},"excerpt":{"rendered":"<p>24-Fev Aviso sobre Disponibilidade de Bolsas e Notifica\u00e7\u00e3o aos Contemplados O Programa de P\u00f3s-Gradua\u00e7\u00e3o em Computa\u00e7\u00e3o da Universidade Federal do Rio Grande do Sul (PPGC), de acordo com sua legisla\u00e7\u00e3o vigente, informa que a implementa\u00e7\u00e3o das bolsas ocorre de acordo com a disponibilidade de cotas no Programa. Havendo disponibilidade, os candidatos ser\u00e3o comunicados por e-mail [&hellip;]<\/p>\n","protected":false},"author":24,"featured_media":0,"parent":7643,"menu_order":3,"comment_status":"closed","ping_status":"closed","template":"","meta":[],"_links":{"self":[{"href":"https:\/\/www.inf.ufrgs.br\/ppgc\/wp-json\/wp\/v2\/pages\/7477"}],"collection":[{"href":"https:\/\/www.inf.ufrgs.br\/ppgc\/wp-json\/wp\/v2\/pages"}],"about":[{"href":"https:\/\/www.inf.ufrgs.br\/ppgc\/wp-json\/wp\/v2\/types\/page"}],"author":[{"embeddable":true,"href":"https:\/\/www.inf.ufrgs.br\/ppgc\/wp-json\/wp\/v2\/users\/24"}],"replies":[{"embeddable":true,"href":"https:\/\/www.inf.ufrgs.br\/ppgc\/wp-json\/wp\/v2\/comments?post=7477"}],"version-history":[{"count":14,"href":"https:\/\/www.inf.ufrgs.br\/ppgc\/wp-json\/wp\/v2\/pages\/7477\/revisions"}],"predecessor-version":[{"id":7742,"href":"https:\/\/www.inf.ufrgs.br\/ppgc\/wp-json\/wp\/v2\/pages\/7477\/revisions\/7742"}],"up":[{"embeddable":true,"href":"https:\/\/www.inf.ufrgs.br\/ppgc\/wp-json\/wp\/v2\/pages\/7643"}],"wp:attachment":[{"href":"https:\/\/www.inf.ufrgs.br\/ppgc\/wp-json\/wp\/v2\/media?parent=7477"}],"curies":[{"name":"wp","href":"https:\/\/api.w.org\/{rel}","templated":true}]}}