{"id":7500,"date":"2025-10-10T09:32:53","date_gmt":"2025-10-10T12:32:53","guid":{"rendered":"https:\/\/www.inf.ufrgs.br\/ppgc\/?page_id=7500"},"modified":"2026-02-05T11:30:33","modified_gmt":"2026-02-05T14:30:33","slug":"edital-ppgc-013-2025-processo-de-selecao-para-programa-institucional-de-doutorado-sanduiche-no-exterior-2025","status":"publish","type":"page","link":"https:\/\/www.inf.ufrgs.br\/ppgc\/editais-de-apoio-e-fomento\/edital-ppgc-013-2025-processo-de-selecao-para-programa-institucional-de-doutorado-sanduiche-no-exterior-2025\/","title":{"rendered":"Edital 013\/2025 &#8211; PDSE"},"content":{"rendered":"<h3>Publica\u00e7\u00e3o de Edital<\/h3>\n<p>O Programa de P\u00f3s-Gradua\u00e7\u00e3o em Ci\u00eancia da Computa\u00e7\u00e3o (PPGC) da UFRGS, em conson\u00e2ncia com o Edital 17\/2025 da CAPES e com as orienta\u00e7\u00f5es da Pr\u00f3-Reitoria de P\u00f3s-Gradua\u00e7\u00e3o da UFRGS, torna p\u00fablico que receber\u00e1 a documenta\u00e7\u00e3o de candidatos para o processo de sele\u00e7\u00e3o para o Programa Institucional de Doutorado Sandu\u00edche no Exterior &#8211; 2025.<\/p>\n<ul>\n<li><a href=\"http:\/\/www.inf.ufrgs.br\/ppgc\/wp-content\/uploads\/2025\/10\/Edital-PPGC-013_2025-PDSE.pdf\">Edital<\/a><\/li>\n<li><a href=\"http:\/\/www.inf.ufrgs.br\/ppgc\/wp-content\/uploads\/2025\/10\/Termo-Aditivo-Edital-PPGC-013_2025-PDSE.pdf\">Termo Aditivo<\/a><\/li>\n<\/ul>\n<h3>Resultado<\/h3>\n<p>O Programa de P\u00f3s-Gradua\u00e7\u00e3o em Ci\u00eancia da Computa\u00e7\u00e3o (PPGC) da UFRGS, em conson\u00e2ncia com o Edital 17\/2025 da CAPES e com as orienta\u00e7\u00f5es da Pr\u00f3-Reitoria de P\u00f3s-Gradua\u00e7\u00e3o da UFRGS, torna p\u00fablico o resultado da sele\u00e7\u00e3o, conforme o documento abaixo.<\/p>\n<ul>\n<li><a href=\"http:\/\/www.inf.ufrgs.br\/ppgc\/wp-content\/uploads\/2026\/01\/resultado_pdse_final.docx.pdf\">Resultado<\/a><\/li>\n<\/ul>\n","protected":false},"excerpt":{"rendered":"<p>Publica\u00e7\u00e3o de Edital O Programa de P\u00f3s-Gradua\u00e7\u00e3o em Ci\u00eancia da Computa\u00e7\u00e3o (PPGC) da UFRGS, em conson\u00e2ncia com o Edital 17\/2025 da CAPES e com as orienta\u00e7\u00f5es da Pr\u00f3-Reitoria de P\u00f3s-Gradua\u00e7\u00e3o da UFRGS, torna p\u00fablico que receber\u00e1 a documenta\u00e7\u00e3o de candidatos para o processo de sele\u00e7\u00e3o para o Programa Institucional de Doutorado Sandu\u00edche no Exterior &#8211; [&hellip;]<\/p>\n","protected":false},"author":10,"featured_media":0,"parent":6888,"menu_order":1,"comment_status":"closed","ping_status":"closed","template":"","meta":[],"_links":{"self":[{"href":"https:\/\/www.inf.ufrgs.br\/ppgc\/wp-json\/wp\/v2\/pages\/7500"}],"collection":[{"href":"https:\/\/www.inf.ufrgs.br\/ppgc\/wp-json\/wp\/v2\/pages"}],"about":[{"href":"https:\/\/www.inf.ufrgs.br\/ppgc\/wp-json\/wp\/v2\/types\/page"}],"author":[{"embeddable":true,"href":"https:\/\/www.inf.ufrgs.br\/ppgc\/wp-json\/wp\/v2\/users\/10"}],"replies":[{"embeddable":true,"href":"https:\/\/www.inf.ufrgs.br\/ppgc\/wp-json\/wp\/v2\/comments?post=7500"}],"version-history":[{"count":10,"href":"https:\/\/www.inf.ufrgs.br\/ppgc\/wp-json\/wp\/v2\/pages\/7500\/revisions"}],"predecessor-version":[{"id":7696,"href":"https:\/\/www.inf.ufrgs.br\/ppgc\/wp-json\/wp\/v2\/pages\/7500\/revisions\/7696"}],"up":[{"embeddable":true,"href":"https:\/\/www.inf.ufrgs.br\/ppgc\/wp-json\/wp\/v2\/pages\/6888"}],"wp:attachment":[{"href":"https:\/\/www.inf.ufrgs.br\/ppgc\/wp-json\/wp\/v2\/media?parent=7500"}],"curies":[{"name":"wp","href":"https:\/\/api.w.org\/{rel}","templated":true}]}}