{"id":7584,"date":"2025-12-12T12:23:11","date_gmt":"2025-12-12T15:23:11","guid":{"rendered":"https:\/\/www.inf.ufrgs.br\/ppgc\/?page_id=7584"},"modified":"2026-03-18T11:41:23","modified_gmt":"2026-03-18T14:41:23","slug":"selecao-2026-1","status":"publish","type":"page","link":"https:\/\/www.inf.ufrgs.br\/ppgc\/aluno-especial\/selecao-2026-1\/","title":{"rendered":"Sele\u00e7\u00e3o 2026\/1"},"content":{"rendered":"<h3>Candidatos(as) Selecionados(as) \u2013 Sele\u00e7\u00e3o de Aluno Especial \u2013 2026\/1 (Edital 016\/2025)<\/h3>\n<p>A rela\u00e7\u00e3o de <a href=\"http:\/\/www.inf.ufrgs.br\/ppgc\/wp-content\/uploads\/2026\/03\/Aluno_Especial_2026_1_resultado.pdf\">candidatos(as) selecionados(as) no Edital de Aluno Especial est\u00e1 dispon\u00edvel aqui<\/a> e foi notificada aos candidatos via Sistema do PPGC. Quaisquer d\u00favidas ou informa\u00e7\u00f5es adicionais entre em contato com o PPGC pelo e-mail <span id=\"eeb-298429\"><a class=\"mailto-link\" href=\"mailto:ppgc@inf.ufrgs.br\">ppgc@inf.ufrgs.br<\/a><\/span>.<\/p>\n<hr \/>\n<h3>Inscri\u00e7\u00f5es Homologadas \u2013 Sele\u00e7\u00e3o de Aluno Especial \u2013 2026\/1 (Edital 016\/2025)<\/h3>\n<p>A rela\u00e7\u00e3o de <a href=\"http:\/\/www.inf.ufrgs.br\/ppgc\/wp-content\/uploads\/2026\/02\/Aluno_Especial_2026_1_homologacao.pdf\">inscri\u00e7\u00f5es homologadas no Edital de Aluno Especial est\u00e1 dispon\u00edvel aqui<\/a>. Quaisquer d\u00favidas ou informa\u00e7\u00f5es adicionais entre em contato com o PPGC pelo e-mail <span id=\"eeb-298429\"><a class=\"mailto-link\" href=\"mailto:ppgc@inf.ufrgs.br\">ppgc@inf.ufrgs.br<\/a><\/span>.<\/p>\n<hr \/>\n<h3>O Per\u00edodo de Inscri\u00e7\u00e3o vai de 27\/01\/2026 \u00e0 11\/02\/2026<\/h3>\n<h3><strong>Calend\u00e1rio<\/strong><\/h3>\n<p>As datas de inscri\u00e7\u00f5es de alunos especiais coincidem com as datas para matr\u00edculas de alunos regulares. Para verificar o calend\u00e1rio de inscri\u00e7\u00e3o, acesse o <a href=\"https:\/\/www.inf.ufrgs.br\/ppgc\/index.php\/institucional\/calendario\/\" target=\"_blank\" rel=\"noopener\">calend\u00e1rio atualizado do PPGC<\/a>.<\/p>\n<h3><strong>Regulamenta\u00e7\u00e3o de Ingresso de Aluno Especial<\/strong><\/h3>\n<p>O edital de sele\u00e7\u00e3o para alunos especiais para 2026\/01 pode ser acessado <a href=\"http:\/\/www.inf.ufrgs.br\/ppgc\/wp-content\/uploads\/2025\/12\/Edital-PPGC-016-2025_Aluno-Especial.pdf\" target=\"_blank\" rel=\"noopener\">aqui<\/a>.<\/p>\n<h3><strong>Procedimentos para a Inscri\u00e7\u00e3o<\/strong><\/h3>\n<p>O processo de inscri\u00e7\u00f5es se d\u00e1 atrav\u00e9s do <a href=\"https:\/\/www.inf.ufrgs.br\/ppgc\/sistema\" target=\"_blank\" rel=\"noopener\">Sistema do PPGC<\/a><\/p>\n<p>Maiores informa\u00e7\u00f5es podem ser obtidas pessoalmente, por e-mail: <span id=\"eeb-708835\"><span id=\"eeb-743719\"><a class=\"mailto-link mailto-link\" href=\"mailto:ppgc@inf.ufrgs.br\">ppgc@inf.ufrgs.br<\/a><\/span><\/span> ou por telefone (51) 3308-6161.<\/p>\n<p>&nbsp;<\/p>\n<hr \/>\n<div><\/div>\n<p>&nbsp;<\/p>\n<div class=\"clearfix\"><\/div>\n","protected":false},"excerpt":{"rendered":"<p>Candidatos(as) Selecionados(as) \u2013 Sele\u00e7\u00e3o de Aluno Especial \u2013 2026\/1 (Edital 016\/2025) A rela\u00e7\u00e3o de candidatos(as) selecionados(as) no Edital de Aluno Especial est\u00e1 dispon\u00edvel aqui e foi notificada aos candidatos via Sistema do PPGC. Quaisquer d\u00favidas ou informa\u00e7\u00f5es adicionais entre em contato com o PPGC pelo e-mail ppgc@inf.ufrgs.br. Inscri\u00e7\u00f5es Homologadas \u2013 Sele\u00e7\u00e3o de Aluno Especial \u2013 [&hellip;]<\/p>\n","protected":false},"author":24,"featured_media":0,"parent":394,"menu_order":0,"comment_status":"closed","ping_status":"closed","template":"","meta":[],"_links":{"self":[{"href":"https:\/\/www.inf.ufrgs.br\/ppgc\/wp-json\/wp\/v2\/pages\/7584"}],"collection":[{"href":"https:\/\/www.inf.ufrgs.br\/ppgc\/wp-json\/wp\/v2\/pages"}],"about":[{"href":"https:\/\/www.inf.ufrgs.br\/ppgc\/wp-json\/wp\/v2\/types\/page"}],"author":[{"embeddable":true,"href":"https:\/\/www.inf.ufrgs.br\/ppgc\/wp-json\/wp\/v2\/users\/24"}],"replies":[{"embeddable":true,"href":"https:\/\/www.inf.ufrgs.br\/ppgc\/wp-json\/wp\/v2\/comments?post=7584"}],"version-history":[{"count":5,"href":"https:\/\/www.inf.ufrgs.br\/ppgc\/wp-json\/wp\/v2\/pages\/7584\/revisions"}],"predecessor-version":[{"id":7763,"href":"https:\/\/www.inf.ufrgs.br\/ppgc\/wp-json\/wp\/v2\/pages\/7584\/revisions\/7763"}],"up":[{"embeddable":true,"href":"https:\/\/www.inf.ufrgs.br\/ppgc\/wp-json\/wp\/v2\/pages\/394"}],"wp:attachment":[{"href":"https:\/\/www.inf.ufrgs.br\/ppgc\/wp-json\/wp\/v2\/media?parent=7584"}],"curies":[{"name":"wp","href":"https:\/\/api.w.org\/{rel}","templated":true}]}}