{"id":7630,"date":"2026-01-21T10:23:06","date_gmt":"2026-01-21T13:23:06","guid":{"rendered":"https:\/\/www.inf.ufrgs.br\/ppgc\/?page_id=7630"},"modified":"2026-01-21T10:23:06","modified_gmt":"2026-01-21T13:23:06","slug":"cmp264","status":"publish","type":"page","link":"https:\/\/www.inf.ufrgs.br\/ppgc\/disciplinas\/lista-de-disciplinas\/cmp264\/","title":{"rendered":"CMP264"},"content":{"rendered":"<h2>CMP264: Visualiza\u00e7\u00e3o de Informa\u00e7\u00f5es<\/h2>\n<p><strong>Cr\u00e9ditos:<\/strong> 4<br \/>\n<strong>Carga hor\u00e1ria:<\/strong> 60 h<\/p>\n<p><strong>Modalidade de Ensino:<\/strong> Presencial<br \/>\n<strong>Matr\u00edcula de Graduandos:<\/strong> A matricula poder\u00e1 ser feita pela disciplina de c\u00f3digo INF01093<\/p>\n<p><strong>S\u00famula\/ementa:<\/strong><\/p>\n<p>Introdu\u00e7\u00e3o \u00e0 visualiza\u00e7\u00e3o de informa\u00e7\u00f5es e suas aplica\u00e7\u00f5es: vis\u00e3o geral da \u00e1rea, rela\u00e7\u00e3o com outras \u00e1reas da computa\u00e7\u00e3o, conceitos b\u00e1sicos. Representa\u00e7\u00f5es visuais. Estrat\u00e9gias de visualiza\u00e7\u00e3o e t\u00e9cnicas de intera\u00e7\u00e3o. Visualiza\u00e7\u00e3o cient\u00edfica, visualiza\u00e7\u00e3o de dados multidimensionais ou multivariados, visualiza\u00e7\u00e3o de \u00e1rvores e grafos, visualiza\u00e7\u00e3o de dados temporais, visualiza\u00e7\u00e3o de software. Aspectos de avalia\u00e7\u00e3o de t\u00e9cnicas de<br \/>\nvisualiza\u00e7\u00e3o.<\/p>\n<p><strong>Objetivos:<\/strong><\/p>\n<p>Esta disciplina explora o tema com os seguintes objetivos:<br \/>\n&#8211; apresentar os conceitos b\u00e1sicos envolvidos na concep\u00e7\u00e3o de t\u00e9cnicas de visualiza\u00e7\u00e3o de informa\u00e7\u00f5es,<br \/>\n&#8211; apresentar t\u00e9cnicas de visualiza\u00e7\u00e3o representativas de diferentes classes de dados e aplica\u00e7\u00f5es<br \/>\n&#8211; fornecer o conhecimento b\u00e1sico para o desenvolvimento de t\u00e9cnicas interativas de visualiza\u00e7\u00e3o de informa\u00e7\u00f5es,<br \/>\n&#8211; discutir aspectos de avalia\u00e7\u00e3o de visualiza\u00e7\u00f5es.<\/p>\n<p><strong>Avalia\u00e7\u00e3o<\/strong><\/p>\n<p>O aluno ser\u00e1 avaliado com base na participa\u00e7\u00e3o positiva em aula e no desempenho nos trabalhos ao longo do semestre. Dois trabalhos ser\u00e3o desenvolvidos, um de cunho te\u00f3rico e outro pr\u00e1tico.<\/p>\n<h3>Conte\u00fado Program\u00e1tico<\/h3>\n<p style=\"padding-left: 40px;\">1) Introdu\u00e7\u00e3o, motiva\u00e7\u00e3o<\/p>\n<p style=\"padding-left: 40px;\">2) Revis\u00e3o sobre fundamentos de Computa\u00e7\u00e3o Gr\u00e1fica e Intera\u00e7\u00e3o<\/p>\n<p style=\"padding-left: 40px;\">3) Classes (tipos) de informa\u00e7\u00f5es e tarefas de usu\u00e1rios de visualiza\u00e7\u00f5es<\/p>\n<p>\u00a0 \u00a0 \u00a0 \u00a0 \u00a0 4) Representa\u00e7\u00f5es visuais: conceitos de percep\u00e7\u00e3o, codifica\u00e7\u00e3o visual e espacial<\/p>\n<p>5) Estrat\u00e9gias de visualiza\u00e7\u00e3o e t\u00e9cnicas de intera\u00e7\u00e3o<\/p>\n<p>6) Visualiza\u00e7\u00e3o de dados cient\u00edficos<\/p>\n<p>7) Visualiza\u00e7\u00e3o de dados multidimensionais<\/p>\n<p>8) Visualiza\u00e7\u00e3o de \u00e1rvores e grafos<\/p>\n<p>9) Visualiza\u00e7\u00e3o de dados temporais<\/p>\n<p>10) Visualiza\u00e7\u00e3o de software<\/p>\n<p>11) Avalia\u00e7\u00e3o de visualiza\u00e7\u00f5es de informa\u00e7\u00f5es.<\/p>\n<p><strong>M\u00e9todo de Trabalho<\/strong><\/p>\n<p>&#8211;<\/p>\n<h3>Bibliografia<\/h3>\n<p>A disciplina ser\u00e1 basicamente centrada em artigos de peri\u00f3dicos e confer\u00eancias, mas os livros abaixo constituem<br \/>\nimportante material e refer\u00eancia, do qual extrairemos cap\u00edtulos espec\u00edficos.<\/p>\n<ul>\n<li>Card, Stuart, Mackinlay, Jock e Shneiderman, Ben. Readings in Information Visualization. Morgan Kaufmann, 1999.<\/li>\n<li>Farin, Gerald e Hansford, Dianne. Mathematical Principles for Scientific Computing and Visualization. A.K.Peters Ltd. , 2008<\/li>\n<li>Telea, Alexandru. Data Visualization: Principles and Practice. A.K. Peters, 2007<\/li>\n<li>Tufte, Edward. The Visual Display of Quantitative Information. Graphics Press, 1983.<\/li>\n<li>Tufte, Edward. Envisioning Information. Graphics Press, 1990.<\/li>\n<li>Tufte, Edward. Visual Explanations: Images and Quantities, Evidence and Narrative. Graphics Press, 1997<\/li>\n<li>Spence, Robert. Information Visualization (2nd edition). Prentice Hall, 2007<\/li>\n<li>Ward, Matthew, Grisntein. Georges e Keim, Daniel. Interactive Data Visualization. A.K. Peters Ltd., 2010.<\/li>\n<li>Ware, Colin. Information Visualization: From Perception to Design (2nd edition). Morgan Kaufmann, 2004.<\/li>\n<\/ul>\n","protected":false},"excerpt":{"rendered":"<p>CMP264: Visualiza\u00e7\u00e3o de Informa\u00e7\u00f5es Cr\u00e9ditos: 4 Carga hor\u00e1ria: 60 h Modalidade de Ensino: Presencial Matr\u00edcula de Graduandos: A matricula poder\u00e1 ser feita pela disciplina de c\u00f3digo INF01093 S\u00famula\/ementa: Introdu\u00e7\u00e3o \u00e0 visualiza\u00e7\u00e3o de informa\u00e7\u00f5es e suas aplica\u00e7\u00f5es: vis\u00e3o geral da \u00e1rea, rela\u00e7\u00e3o com outras \u00e1reas da computa\u00e7\u00e3o, conceitos b\u00e1sicos. Representa\u00e7\u00f5es visuais. Estrat\u00e9gias de visualiza\u00e7\u00e3o e t\u00e9cnicas [&hellip;]<\/p>\n","protected":false},"author":10,"featured_media":0,"parent":462,"menu_order":0,"comment_status":"closed","ping_status":"closed","template":"","meta":[],"_links":{"self":[{"href":"https:\/\/www.inf.ufrgs.br\/ppgc\/wp-json\/wp\/v2\/pages\/7630"}],"collection":[{"href":"https:\/\/www.inf.ufrgs.br\/ppgc\/wp-json\/wp\/v2\/pages"}],"about":[{"href":"https:\/\/www.inf.ufrgs.br\/ppgc\/wp-json\/wp\/v2\/types\/page"}],"author":[{"embeddable":true,"href":"https:\/\/www.inf.ufrgs.br\/ppgc\/wp-json\/wp\/v2\/users\/10"}],"replies":[{"embeddable":true,"href":"https:\/\/www.inf.ufrgs.br\/ppgc\/wp-json\/wp\/v2\/comments?post=7630"}],"version-history":[{"count":1,"href":"https:\/\/www.inf.ufrgs.br\/ppgc\/wp-json\/wp\/v2\/pages\/7630\/revisions"}],"predecessor-version":[{"id":7631,"href":"https:\/\/www.inf.ufrgs.br\/ppgc\/wp-json\/wp\/v2\/pages\/7630\/revisions\/7631"}],"up":[{"embeddable":true,"href":"https:\/\/www.inf.ufrgs.br\/ppgc\/wp-json\/wp\/v2\/pages\/462"}],"wp:attachment":[{"href":"https:\/\/www.inf.ufrgs.br\/ppgc\/wp-json\/wp\/v2\/media?parent=7630"}],"curies":[{"name":"wp","href":"https:\/\/api.w.org\/{rel}","templated":true}]}}