{"id":7637,"date":"2026-01-23T14:22:45","date_gmt":"2026-01-23T17:22:45","guid":{"rendered":"https:\/\/www.inf.ufrgs.br\/ppgc\/?page_id=7637"},"modified":"2026-02-24T11:45:00","modified_gmt":"2026-02-24T14:45:00","slug":"edital-de-bolsas-002-2026","status":"publish","type":"page","link":"https:\/\/www.inf.ufrgs.br\/ppgc\/bolsas-de-estudo\/edital-de-bolsas-002-2026\/","title":{"rendered":"Edital 002_2026 &#8211; M\/D"},"content":{"rendered":"<h3>24-Fev Aviso sobre Disponibilidade de Bolsas e Notifica\u00e7\u00e3o aos Contemplados<\/h3>\n<p>O Programa de P\u00f3s-Gradua\u00e7\u00e3o em Computa\u00e7\u00e3o da Universidade Federal do Rio Grande do Sul (PPGC), de acordo com sua legisla\u00e7\u00e3o vigente, informa que a implementa\u00e7\u00e3o das bolsas ocorre de acordo com a disponibilidade de cotas no Programa. Havendo disponibilidade, os candidatos ser\u00e3o comunicados por e-mail pela Secretaria, respeitando a ordem de classifica\u00e7\u00e3o e o prazo de validade da vig\u00eancia do edital.<\/p>\n<h3>24-Fev Divulga\u00e7\u00e3o do Resultado Final (RETIFICA\u00c7\u00c3O)<\/h3>\n<p>O Programa de P\u00f3s-Gradua\u00e7\u00e3o em Computa\u00e7\u00e3o da Universidade Federal do Rio Grande do Sul (PPGC), de acordo com sua legisla\u00e7\u00e3o vigente, e por delibera\u00e7\u00e3o de sua Comiss\u00e3o de P\u00f3s-Gradua\u00e7\u00e3o, torna p\u00fablico o Resultado Final do processo de sele\u00e7\u00e3o de estudantes matriculados\/as visando ao preenchimento de vagas de bolsas de Mestrado e Doutorado:<\/p>\n<ul>\n<li><a href=\"http:\/\/www.inf.ufrgs.br\/ppgc\/wp-content\/uploads\/2026\/02\/Bolsas-Edital-002-2026-resultado_mest.pdf\">Resultado Final &#8211; Mestrado<\/a><\/li>\n<li><a href=\"http:\/\/www.inf.ufrgs.br\/ppgc\/wp-content\/uploads\/2026\/02\/Bolsas-Edital-002-2026-resultado_dout-RETIFICADO.pdf\">Resultado Final &#8211; Doutorado (RETIFICADO)<\/a><\/li>\n<\/ul>\n<h3><del>20-Fev Divulga\u00e7\u00e3o do Resultado Final<\/del><\/h3>\n<p><del>O Programa de P\u00f3s-Gradua\u00e7\u00e3o em Computa\u00e7\u00e3o da Universidade Federal do Rio Grande do Sul (PPGC), de acordo com sua legisla\u00e7\u00e3o vigente, e por delibera\u00e7\u00e3o de sua Comiss\u00e3o de P\u00f3s-Gradua\u00e7\u00e3o, torna p\u00fablico o Resultado Final do processo de sele\u00e7\u00e3o de estudantes matriculados\/as visando ao preenchimento de vagas de bolsas de Mestrado e Doutorado:<\/del><\/p>\n<ul>\n<li><del>Resultado Final &#8211; Mestrado<\/del><\/li>\n<li><del>Resultado Final &#8211; Doutorado<\/del><\/li>\n<\/ul>\n<h3>23-Jan Divulga\u00e7\u00e3o do Edital de Processo Seletivo de Bolsas de Estudo de Mestrado e Doutorado<\/h3>\n<p>O Programa de P\u00f3s-Gradua\u00e7\u00e3o em Computa\u00e7\u00e3o da Universidade Federal do Rio Grande do Sul (PPGC), de acordo com sua legisla\u00e7\u00e3o vigente, e por delibera\u00e7\u00e3o de sua Comiss\u00e3o de P\u00f3s-Gradua\u00e7\u00e3o, torna p\u00fablica a abertura de inscri\u00e7\u00f5es para a sele\u00e7\u00e3o de estudantes matriculados\/as visando ao preenchimento de vagas de bolsas de Mestrado e Doutorado. O presente edital contempla tanto aqueles ingressantes via reserva de vagas (A\u00e7\u00f5es Afirmativas) quanto ingressantes via ampla concorr\u00eancia.. As inscri\u00e7\u00f5es dever\u00e3o ser realizadas no per\u00edodo de 21 de janeiro a 09 de fevereiro de 2026, 23:59:59 hor\u00e1rio de Bras\u00edlia.<\/p>\n<ul>\n<li><a href=\"http:\/\/www.inf.ufrgs.br\/ppgc\/wp-content\/uploads\/2026\/01\/Edital-PPGC-002_2026-Edital-de-Bolsas-de-Mestrado-e-Doutorado.pdf\">Edital PPGC No 002\/2026 \u2013 Processo Seletivo de Bolsas de Estudo de Mestrado e Doutorado<\/a><\/li>\n<li><a href=\"http:\/\/www.inf.ufrgs.br\/ppgc\/wp-content\/uploads\/2026\/01\/ANEXO-A-Edital-PPGC-002_2026-Edital-de-Bolsas-de-Mestrado-e-Doutorado.docx\">Formul\u00e1rio de Inscri\u00e7\u00e3o no Processo Seletivo de Bolsas (docx)<\/a><\/li>\n<\/ul>\n<p>&nbsp;<\/p>\n","protected":false},"excerpt":{"rendered":"<p>24-Fev Aviso sobre Disponibilidade de Bolsas e Notifica\u00e7\u00e3o aos Contemplados O Programa de P\u00f3s-Gradua\u00e7\u00e3o em Computa\u00e7\u00e3o da Universidade Federal do Rio Grande do Sul (PPGC), de acordo com sua legisla\u00e7\u00e3o vigente, informa que a implementa\u00e7\u00e3o das bolsas ocorre de acordo com a disponibilidade de cotas no Programa. Havendo disponibilidade, os candidatos ser\u00e3o comunicados por e-mail [&hellip;]<\/p>\n","protected":false},"author":24,"featured_media":0,"parent":7643,"menu_order":1,"comment_status":"closed","ping_status":"closed","template":"","meta":[],"_links":{"self":[{"href":"https:\/\/www.inf.ufrgs.br\/ppgc\/wp-json\/wp\/v2\/pages\/7637"}],"collection":[{"href":"https:\/\/www.inf.ufrgs.br\/ppgc\/wp-json\/wp\/v2\/pages"}],"about":[{"href":"https:\/\/www.inf.ufrgs.br\/ppgc\/wp-json\/wp\/v2\/types\/page"}],"author":[{"embeddable":true,"href":"https:\/\/www.inf.ufrgs.br\/ppgc\/wp-json\/wp\/v2\/users\/24"}],"replies":[{"embeddable":true,"href":"https:\/\/www.inf.ufrgs.br\/ppgc\/wp-json\/wp\/v2\/comments?post=7637"}],"version-history":[{"count":11,"href":"https:\/\/www.inf.ufrgs.br\/ppgc\/wp-json\/wp\/v2\/pages\/7637\/revisions"}],"predecessor-version":[{"id":7740,"href":"https:\/\/www.inf.ufrgs.br\/ppgc\/wp-json\/wp\/v2\/pages\/7637\/revisions\/7740"}],"up":[{"embeddable":true,"href":"https:\/\/www.inf.ufrgs.br\/ppgc\/wp-json\/wp\/v2\/pages\/7643"}],"wp:attachment":[{"href":"https:\/\/www.inf.ufrgs.br\/ppgc\/wp-json\/wp\/v2\/media?parent=7637"}],"curies":[{"name":"wp","href":"https:\/\/api.w.org\/{rel}","templated":true}]}}