{"id":7643,"date":"2026-01-23T14:25:34","date_gmt":"2026-01-23T17:25:34","guid":{"rendered":"https:\/\/www.inf.ufrgs.br\/ppgc\/?page_id=7643"},"modified":"2026-01-28T17:38:42","modified_gmt":"2026-01-28T20:38:42","slug":"bolsas-de-estudo","status":"publish","type":"page","link":"https:\/\/www.inf.ufrgs.br\/ppgc\/bolsas-de-estudo\/","title":{"rendered":"Editais de Bolsas de Mestrado e Doutorado"},"content":{"rendered":"<p>Os alunos do Curso de P\u00f3s-Gradua\u00e7\u00e3o poder\u00e3o receber bolsas de estudos da CAPES Coordena\u00e7\u00e3o de Aperfei\u00e7oamento de Pessoal de N\u00edvel Superior, CNPq &#8211; Conselho Nacional de Desenvolvimento Cient\u00edfico e Tecnol\u00f3gico ou de outras ag\u00eancias governamentais, dependendo da disponibilidade.<\/p>\n<p>O Curso recebe quotas de bolsas de cada ag\u00eancia e as distribui entre os alunos de acordo com os crit\u00e9rios estabelecidos pela Comiss\u00e3o de P\u00f3s-Gradua\u00e7\u00e3o. Tem sido pol\u00edtica do PPGC e das Ag\u00eancias a distribui\u00e7\u00e3o de bolsas somente para os alunos que possuam o compromisso de se dedicarem em tempo integral ao PPGC e que n\u00e3o exer\u00e7am outra atividade remunerada.<\/p>\n<p>As bolsas de mestrado tem a dura\u00e7\u00e3o de 24 meses e as de doutorado 48 meses. Os valores das bolsas da CAPES para mestrado e doutorado podem ser encontrados <a href=\"http:\/\/www.capes.gov.br\/bolsas\/valores-das-bolsas\">aqui<\/a>. Os valores das bolsas do CNPq podem ser encontrados <a href=\"http:\/\/cnpq.br\/view\/-\/journal_content\/56_INSTANCE_0oED\/10157\/971393\">aqui<\/a><\/p>\n<p>Alguns professores orientadores disp\u00f5em de cotas de bolsa de projetos submetidos ao CNPq, atrav\u00e9s de editais espec\u00edficos e\/ou bolsas de projetos ligados a empresas. Estas bolsas s\u00e3o de responsabilidade de cada orientador.<\/p>\n<p>Candidatos de paises em desenvolvimento podem tamb\u00e9m solicitar bolsa de estudos atrav\u00e9s do programa PEC&#8211;PG da CAPES. Maiores informa\u00e7\u00f5es sobre o programa PEC-PG da CAPES e sobre a lista de paises participantes podem ser encontradas\u00a0<a href=\"http:\/\/www.capes.gov.br\/cooperacao-internacional\/multinacional\/pec-pg\">aqui.<\/a><\/p>\n<h3><strong>Aux\u00edlio para Participa\u00e7\u00e3o em Eventos Cient\u00edficos<\/strong><\/h3>\n<p>O PPGC ap\u00f3ia financeiramente a participa\u00e7\u00e3o de seus alunos em eventos cient\u00edficos no Brasil e no exterior para apresenta\u00e7\u00e3o de trabalhos. \u00a0Informa\u00e7\u00f5es sobre regras para a concess\u00e3o e sobre como obter esse tipos de apoio encontram-se na p\u00e1gina da <a href=\"https:\/\/www.inf.ufrgs.br\/site\/pesquisa\/comissao-de-pesquisa\/\" target=\"_blank\" rel=\"noopener\">Comiss\u00e3o de Pesquisa do Instituto de Inform\u00e1tica<\/a>.<\/p>\n<p>A <a href=\"http:\/\/www.ufrgs.br\/propesq\/programas\" target=\"_blank\" rel=\"noopener\">Pr\u00f3-reitoria de Pesquisa (PROPESQ)<\/a> tamb\u00e9m disponibiliza aux\u00edlios de fomento \u00e0 pesquisa para professores e alunos da UFRGS.<\/p>\n","protected":false},"excerpt":{"rendered":"<p>Os alunos do Curso de P\u00f3s-Gradua\u00e7\u00e3o poder\u00e3o receber bolsas de estudos da CAPES Coordena\u00e7\u00e3o de Aperfei\u00e7oamento de Pessoal de N\u00edvel Superior, CNPq &#8211; Conselho Nacional de Desenvolvimento Cient\u00edfico e Tecnol\u00f3gico ou de outras ag\u00eancias governamentais, dependendo da disponibilidade. O Curso recebe quotas de bolsas de cada ag\u00eancia e as distribui entre os alunos de acordo [&hellip;]<\/p>\n","protected":false},"author":24,"featured_media":0,"parent":0,"menu_order":0,"comment_status":"closed","ping_status":"closed","template":"","meta":[],"_links":{"self":[{"href":"https:\/\/www.inf.ufrgs.br\/ppgc\/wp-json\/wp\/v2\/pages\/7643"}],"collection":[{"href":"https:\/\/www.inf.ufrgs.br\/ppgc\/wp-json\/wp\/v2\/pages"}],"about":[{"href":"https:\/\/www.inf.ufrgs.br\/ppgc\/wp-json\/wp\/v2\/types\/page"}],"author":[{"embeddable":true,"href":"https:\/\/www.inf.ufrgs.br\/ppgc\/wp-json\/wp\/v2\/users\/24"}],"replies":[{"embeddable":true,"href":"https:\/\/www.inf.ufrgs.br\/ppgc\/wp-json\/wp\/v2\/comments?post=7643"}],"version-history":[{"count":4,"href":"https:\/\/www.inf.ufrgs.br\/ppgc\/wp-json\/wp\/v2\/pages\/7643\/revisions"}],"predecessor-version":[{"id":7689,"href":"https:\/\/www.inf.ufrgs.br\/ppgc\/wp-json\/wp\/v2\/pages\/7643\/revisions\/7689"}],"wp:attachment":[{"href":"https:\/\/www.inf.ufrgs.br\/ppgc\/wp-json\/wp\/v2\/media?parent=7643"}],"curies":[{"name":"wp","href":"https:\/\/api.w.org\/{rel}","templated":true}]}}