{"id":7701,"date":"2026-02-05T11:26:07","date_gmt":"2026-02-05T14:26:07","guid":{"rendered":"https:\/\/www.inf.ufrgs.br\/ppgc\/?page_id=7701"},"modified":"2026-02-12T14:18:37","modified_gmt":"2026-02-12T17:18:37","slug":"edital-001-2026-pipd","status":"publish","type":"page","link":"https:\/\/www.inf.ufrgs.br\/ppgc\/editais-de-apoio-e-fomento\/edital-001-2026-pipd\/","title":{"rendered":"Edital 001\/2026 &#8211; PIPD"},"content":{"rendered":"<h3>Publica\u00e7\u00e3o de Edital<\/h3>\n<p>O Programa de P\u00f3s-gradua\u00e7\u00e3o em Computa\u00e7\u00e3o (PPGC) da Universidade Federal do Rio Grande do Sul (UFRGS) informa que est\u00e3o abertas as inscri\u00e7\u00f5es para o pleito de 01 (uma) Bolsa de Estudo no \u00e2mbito do Programa Institucional de P\u00f3s-Doutorado \u2013 PIPD da CAPES \u2013 2025, de acordo com todos os artigos estabelecidos na Portaria CAPES n\u00ba 282, de 4 de Setembro de 2024 e eventuais atualiza\u00e7\u00f5es posteriores.<\/p>\n<p>O processo seletivo ser\u00e1 realizado por meio da apresenta\u00e7\u00e3o oral da trajet\u00f3ria acad\u00eamica, projeto de pesquisa e pela an\u00e1lise curricular.\u00a0A inscri\u00e7\u00e3o dos candidatos poder\u00e1 ser realizada entre os dias 7 e 31 de janeiro de 2026. A an\u00e1lise de documenta\u00e7\u00e3o e homologa\u00e7\u00e3o ocorrer\u00e1 no dia 5 de fevereiro, seguida pela avalia\u00e7\u00e3o dos curr\u00edculos entre os dias 6 e 9 de fevereiro.<\/p>\n<p>As entrevistas, apresenta\u00e7\u00f5es dos projetos e trajet\u00f3rias acad\u00eamicas ser\u00e3o agendadas entre os dias 9 e 11 de fevereiro. O resultado final ser\u00e1 divulgado em 12 de fevereiro, com in\u00edcio da bolsa no dia 1 de mar\u00e7o de 2026.<\/p>\n<p>A bolsa, financiada pela CAPES, e que tem dura\u00e7\u00e3o de at\u00e9 12 meses, \u00e9 destinada a doutores brasileiros com titula\u00e7\u00e3o obtida nos \u00faltimos sete anos e que apresentem projeto de pesquisa vinculado \u00e0s linhas do PPGC.<\/p>\n<ul>\n<li><a href=\"https:\/\/www.inf.ufrgs.br\/site\/wp-content\/uploads\/2026\/01\/EDITAL-PIPD-PPGC-N%E2%81%B0001_2026.pdf\">Edital<\/a><\/li>\n<\/ul>\n<h3>Homologa\u00e7\u00e3o<\/h3>\n<p>O Programa de P\u00f3s-Gradua\u00e7\u00e3o em Computa\u00e7\u00e3o (PPGC) torna p\u00fablica a homologa\u00e7\u00e3o da inscri\u00e7\u00e3o referente ao <strong>Edital PPGC N\u00ba 001\/2026<\/strong>, que trata da concess\u00e3o de Bolsa do <strong>Programa Institucional de P\u00f3s-Doutorado (PIPD)<\/strong>.<\/p>\n<p>Foi homologada a inscri\u00e7\u00e3o do candidato <strong>\u00c9derson Sales Moreira Pinto<\/strong>, \u00fanico inscrito no referido edital.\u00a0Conforme previsto em edital, a entrevista ser\u00e1 realizada no dia <strong>11\/02<\/strong>, \u00e0s <strong>13h30<\/strong>, por meio da plataforma Google Meet, no seguinte endere\u00e7o:<\/p>\n<ul>\n<li><a href=\"https:\/\/meet.google.com\/arr-fjbt-fue\" target=\"_blank\" rel=\"noopener noreferrer\"> https:\/\/meet.google.com\/arr-fjbt-fue <\/a><\/li>\n<\/ul>\n<h3>Resultado Final<\/h3>\n<p>O Programa de P\u00f3s-Gradua\u00e7\u00e3o em Computa\u00e7\u00e3o (PPGC) torna p\u00fablica o resultado da sele\u00e7\u00e3o do Edital PPGC N\u00ba 001\/2026, que trata da concess\u00e3o de Bolsa do Programa Institucional de P\u00f3s-Doutorado (PIPD).<\/p>\n<p>As seguintes pessoas foram aprovadas em ordem decrescente das Notas Finais:<\/p>\n<ul>\n<li>1\u00ba colocado: \u00c9derson Sales Moreira Pinto (selecionado)\n<ul>\n<li>Nota da An\u00e1lise curricular: 2,53<\/li>\n<li>Nota da Apresenta\u00e7\u00e3o oral: 10,0<\/li>\n<li>Nota final: 5,52<\/li>\n<\/ul>\n<\/li>\n<\/ul>\n","protected":false},"excerpt":{"rendered":"<p>Publica\u00e7\u00e3o de Edital O Programa de P\u00f3s-gradua\u00e7\u00e3o em Computa\u00e7\u00e3o (PPGC) da Universidade Federal do Rio Grande do Sul (UFRGS) informa que est\u00e3o abertas as inscri\u00e7\u00f5es para o pleito de 01 (uma) Bolsa de Estudo no \u00e2mbito do Programa Institucional de P\u00f3s-Doutorado \u2013 PIPD da CAPES \u2013 2025, de acordo com todos os artigos estabelecidos na [&hellip;]<\/p>\n","protected":false},"author":24,"featured_media":0,"parent":6888,"menu_order":0,"comment_status":"closed","ping_status":"closed","template":"","meta":[],"_links":{"self":[{"href":"https:\/\/www.inf.ufrgs.br\/ppgc\/wp-json\/wp\/v2\/pages\/7701"}],"collection":[{"href":"https:\/\/www.inf.ufrgs.br\/ppgc\/wp-json\/wp\/v2\/pages"}],"about":[{"href":"https:\/\/www.inf.ufrgs.br\/ppgc\/wp-json\/wp\/v2\/types\/page"}],"author":[{"embeddable":true,"href":"https:\/\/www.inf.ufrgs.br\/ppgc\/wp-json\/wp\/v2\/users\/24"}],"replies":[{"embeddable":true,"href":"https:\/\/www.inf.ufrgs.br\/ppgc\/wp-json\/wp\/v2\/comments?post=7701"}],"version-history":[{"count":4,"href":"https:\/\/www.inf.ufrgs.br\/ppgc\/wp-json\/wp\/v2\/pages\/7701\/revisions"}],"predecessor-version":[{"id":7707,"href":"https:\/\/www.inf.ufrgs.br\/ppgc\/wp-json\/wp\/v2\/pages\/7701\/revisions\/7707"}],"up":[{"embeddable":true,"href":"https:\/\/www.inf.ufrgs.br\/ppgc\/wp-json\/wp\/v2\/pages\/6888"}],"wp:attachment":[{"href":"https:\/\/www.inf.ufrgs.br\/ppgc\/wp-json\/wp\/v2\/media?parent=7701"}],"curies":[{"name":"wp","href":"https:\/\/api.w.org\/{rel}","templated":true}]}}