{"id":7765,"date":"2026-04-06T10:36:06","date_gmt":"2026-04-06T13:36:06","guid":{"rendered":"https:\/\/www.inf.ufrgs.br\/ppgc\/?page_id=7765"},"modified":"2026-04-06T10:42:23","modified_gmt":"2026-04-06T13:42:23","slug":"selecao-2026-2","status":"publish","type":"page","link":"https:\/\/www.inf.ufrgs.br\/ppgc\/mestrado\/selecao-2026-2\/","title":{"rendered":"Sele\u00e7\u00e3o 2026\/2"},"content":{"rendered":"<h3><strong>06-Abril Edital Sele\u00e7\u00e3o Mestrado Regular \u2013 2026\/2<\/strong><\/h3>\n<p>O Edital para as inscri\u00e7\u00f5es ao Mestrado (com ingresso em 2026\/2) est\u00e1 dispon\u00edvel. O per\u00edodo de inscri\u00e7\u00f5es vai de 27 de abril a 29 de maio de 2026.<\/p>\n<ul>\n<li><a href=\"http:\/\/www.inf.ufrgs.br\/ppgc\/wp-content\/uploads\/2026\/04\/Edital-PPGC-003_2026-Mestrado-Segundo-Semestre-2026.docx.pdf\">Edital PPGC 003\/2026 Mestrado Segundo Semestre 2026.<\/a><\/li>\n<li><a href=\"http:\/\/www.inf.ufrgs.br\/ppgc\/wp-content\/uploads\/2025\/11\/Edital-PPGC-010_2025-Mestrado-Anexo-I.docx\">Anexo I<\/a><\/li>\n<\/ul>\n<p>As inscri\u00e7\u00f5es s\u00e3o feitas somente atrav\u00e9s do <a href=\"https:\/\/www.inf.ufrgs.br\/ppgc\/applying\">Sistema de Inscri\u00e7\u00f5es do PPGC<\/a>.<\/p>\n<p>Visite nossa <a href=\"https:\/\/www.inf.ufrgs.br\/ppgc\/mestrado\/faq-selecao-msc\/\">P\u00e1gina de Perguntas Frequentes<\/a> para tirar suas d\u00favidas sobre o processo de aplica\u00e7\u00e3o (<a href=\"https:\/\/www.inf.ufrgs.br\/ppgc\/mestrado\/faq-selecao-msc\/\">https:\/\/www.inf.ufrgs.br\/ppgc\/mestrado\/faq-selecao-msc\/<\/a>).<\/p>\n<p>Caso a d\u00favida persista, favor entrar em contato atrav\u00e9s do email <span id=\"eeb-986198\"><a class=\"mailto-link\" href=\"mailto:ppgc@inf.ufrgs.br\">ppgc@inf.ufrgs.br<\/a><\/span>.<\/p>\n","protected":false},"excerpt":{"rendered":"<p>06-Abril Edital Sele\u00e7\u00e3o Mestrado Regular \u2013 2026\/2 O Edital para as inscri\u00e7\u00f5es ao Mestrado (com ingresso em 2026\/2) est\u00e1 dispon\u00edvel. O per\u00edodo de inscri\u00e7\u00f5es vai de 27 de abril a 29 de maio de 2026. Edital PPGC 003\/2026 Mestrado Segundo Semestre 2026. Anexo I As inscri\u00e7\u00f5es s\u00e3o feitas somente atrav\u00e9s do Sistema de Inscri\u00e7\u00f5es do [&hellip;]<\/p>\n","protected":false},"author":24,"featured_media":0,"parent":387,"menu_order":1,"comment_status":"closed","ping_status":"closed","template":"","meta":[],"_links":{"self":[{"href":"https:\/\/www.inf.ufrgs.br\/ppgc\/wp-json\/wp\/v2\/pages\/7765"}],"collection":[{"href":"https:\/\/www.inf.ufrgs.br\/ppgc\/wp-json\/wp\/v2\/pages"}],"about":[{"href":"https:\/\/www.inf.ufrgs.br\/ppgc\/wp-json\/wp\/v2\/types\/page"}],"author":[{"embeddable":true,"href":"https:\/\/www.inf.ufrgs.br\/ppgc\/wp-json\/wp\/v2\/users\/24"}],"replies":[{"embeddable":true,"href":"https:\/\/www.inf.ufrgs.br\/ppgc\/wp-json\/wp\/v2\/comments?post=7765"}],"version-history":[{"count":3,"href":"https:\/\/www.inf.ufrgs.br\/ppgc\/wp-json\/wp\/v2\/pages\/7765\/revisions"}],"predecessor-version":[{"id":7769,"href":"https:\/\/www.inf.ufrgs.br\/ppgc\/wp-json\/wp\/v2\/pages\/7765\/revisions\/7769"}],"up":[{"embeddable":true,"href":"https:\/\/www.inf.ufrgs.br\/ppgc\/wp-json\/wp\/v2\/pages\/387"}],"wp:attachment":[{"href":"https:\/\/www.inf.ufrgs.br\/ppgc\/wp-json\/wp\/v2\/media?parent=7765"}],"curies":[{"name":"wp","href":"https:\/\/api.w.org\/{rel}","templated":true}]}}