{"id":830,"date":"2016-01-22T08:16:10","date_gmt":"2016-01-22T10:16:10","guid":{"rendered":"http:\/\/www.inf.ufrgs.br\/ppgc_wp\/?page_id=830"},"modified":"2025-11-24T08:43:48","modified_gmt":"2025-11-24T11:43:48","slug":"formularios","status":"publish","type":"page","link":"https:\/\/www.inf.ufrgs.br\/ppgc\/doutorado\/formularios\/","title":{"rendered":"Formul\u00e1rios"},"content":{"rendered":"<div>\n<ul>\n<li>Form. Autodeclara\u00e7\u00e3o para vagas destinadas ao Programa de A\u00e7\u00f5es Afirmativas <a href=\"http:\/\/www.inf.ufrgs.br\/ppgc\/wp-content\/uploads\/2023\/02\/Formula\u0301rio-de-Autodeclarac\u0327a\u0303o.pdf\">[pdf]<\/a><\/li>\n<li>Form. Autoriza\u00e7\u00e3o para disponibilidade no LUME <a href=\"https:\/\/www.inf.ufrgs.br\/ppgc\/wp-content\/uploads\/2024\/07\/FormularioTD-2022.pdf\"><span style=\"color: #9a0000;\">[pdf]<\/span><\/a><\/li>\n<li>Form. Cadastro Prof. Pesquisador Visitante <span style=\"color: #9a0000;\"><a style=\"color: #9a0000;\" href=\"http:\/\/inf.ufrgs.br\/ppgc\/wp-content\/formularios\/CadastProfPesqVisitante.pdf\">[pdf]<\/a> <a style=\"color: #9a0000;\" href=\"http:\/\/inf.ufrgs.br\/ppgc\/wp-content\/formularios\/CadastProfPesqVisitante.doc\">[doc]<\/a><\/span><\/li>\n<li>Form. Cancelamento de Disciplina <a href=\"http:\/\/www.inf.ufrgs.br\/ppgc\/wp-content\/uploads\/2025\/08\/NOVO-Form_Cancelamento_Disciplina.doc\">[doc]<\/a><\/li>\n<li>Form. Conceito de Atividade Did\u00e1tica <span style=\"color: #9a0000;\"><a style=\"color: #9a0000;\" href=\"http:\/\/inf.ufrgs.br\/ppgc\/wp-content\/formularios\/FormConceitoAtivDidatica.pdf\">[pdf]<\/a> <a style=\"color: #9a0000;\" href=\"http:\/\/inf.ufrgs.br\/ppgc\/wp-content\/formularios\/FormConceitoAtivDidatica.doc\">[doc]<\/a><\/span><\/li>\n<li>Form. Credenciamento e recredenciamento (atualizado em 04-07-2025) <a href=\"http:\/\/www.inf.ufrgs.br\/ppgc\/wp-content\/uploads\/2025\/09\/ANEXO-A-FORMULARIO-PARA-CREDENCIAMENTO_NOVA_VERSAO-1.docx\">[doc]<\/a><\/li>\n<li>Form. Folha de Conceito &#8211; Resultado Final &#8211; Trabalho Individual\u00a0<span style=\"color: #9a0000;\"><a style=\"color: #9a0000;\" href=\"http:\/\/inf.ufrgs.br\/ppgc\/wp-content\/formularios\/form_conceito_de_trabalho_individual.pdf\">[pdf]<\/a> <a style=\"color: #9a0000;\" href=\"http:\/\/inf.ufrgs.br\/ppgc\/wp-content\/formularios\/form_conceito_de_trabalho_individual.doc\">[doc]<\/a><\/span><\/li>\n<li>Form. Instru\u00e7\u00f5es Avalia\u00e7\u00e3o a Membros de Bancas <span style=\"color: #9a0000;\"><a style=\"color: #9a0000;\" href=\"http:\/\/inf.ufrgs.br\/ppgc\/wp-content\/formularios\/InstrucoesBanca.pdf\">[pdf]<\/a> <a style=\"color: #9a0000;\" href=\"http:\/\/inf.ufrgs.br\/ppgc\/wp-content\/formularios\/InstrucoesBanca.doc\">[doc]<\/a><\/span><\/li>\n<li>Form. Matr\u00edcula &#8211; Aluno Regular <span style=\"color: #9a0000;\"><a style=\"color: #9a0000;\" href=\"http:\/\/inf.ufrgs.br\/ppgc\/wp-content\/formularios\/FormMatricAlunoRegular.pdf\">[pdf]<\/a> <a style=\"color: #9a0000;\" href=\"http:\/\/inf.ufrgs.br\/ppgc\/wp-content\/formularios\/FormMatricAlunoRegular.doc\">[doc]<\/a><\/span><\/li>\n<li>Form. Parecer &#8211; Tese de Doutorado <span style=\"color: #9a0000;\"><a style=\"color: #9a0000;\" href=\"http:\/\/inf.ufrgs.br\/ppgc\/wp-content\/formularios\/doutorado\/ParecerTeseDout.pdf\">[pdf]<\/a> <a style=\"color: #9a0000;\" href=\"http:\/\/inf.ufrgs.br\/ppgc\/wp-content\/formularios\/doutorado\/ParecerTeseDout.doc\">[doc]<\/a><\/span><\/li>\n<li>Form. Plano de Curso <span style=\"color: #9a0000;\"><a style=\"color: #9a0000;\" href=\"http:\/\/ppgc.inf.ufrgs.br\/arquivos\/Form_Plano_de_Curso_Doutorado.doc\">[doc]<\/a><\/span><\/li>\n<li>Form. Registro no Sistema de Bibliotecas da UFRGS <a href=\"http:\/\/www.inf.ufrgs.br\/ppgc\/wp-content\/uploads\/2023\/03\/FormularioTD-2022-1.pdf\"><span style=\"color: #9a0000;\">[pdf]<\/span><\/a><\/li>\n<li>Form. Relat\u00f3rio de Viagem <span style=\"color: #9a0000;\"><a style=\"color: #9a0000;\" href=\"http:\/\/inf.ufrgs.br\/ppgc\/wp-content\/formularios\/Form.RelatorioViagem.pdf\">[pdf]<\/a> <a style=\"color: #9a0000;\" href=\"http:\/\/inf.ufrgs.br\/ppgc\/wp-content\/formularios\/Form.RelatorioViagem.doc\">[doc]<\/a><\/span><\/li>\n<li>Form. Requisi\u00e7\u00e3o Passagem Hotel e Di\u00e1ria ($) <span style=\"color: #9a0000;\"><a style=\"color: #9a0000;\" href=\"http:\/\/inf.ufrgs.br\/ppgc\/wp-content\/formularios\/form_diaria_e%20passagem.pdf\">[pdf]<\/a> <a style=\"color: #9a0000;\" href=\"http:\/\/inf.ufrgs.br\/ppgc\/wp-content\/formularios\/form_diaria_e%20passagem.doc\">[doc]<\/a><\/span><\/li>\n<li>Form. Solicita\u00e7\u00e3o de Aproveitamento de Disciplinas <a href=\"http:\/\/www.inf.ufrgs.br\/ppgc\/wp-content\/uploads\/2025\/11\/Form-Solicita-Aproveitamento-Disciplinas-2.pdf\">[pdf]<\/a><\/li>\n<li>Form. Solicita\u00e7\u00e3o de Aux\u00edlio \u00e0 participa\u00e7\u00e3o em Eventos <span style=\"color: #9a0000;\"><a style=\"color: #9a0000;\" href=\"http:\/\/www.inf.ufrgs.br\/compesq\/solitacaodeauxilio_v2014.rtf\">[rtf]<\/a><\/span><\/li>\n<li>Form. Solicita\u00e7\u00e3o de Atribui\u00e7\u00e3o de Cr\u00e9ditos <a href=\"http:\/\/www.inf.ufrgs.br\/ppgc\/wp-content\/uploads\/2025\/11\/Form-Solicita-Atribui-Creditos-1.pdf\">[pdf]<\/a><\/li>\n<\/ul>\n<\/div>\n<div><\/div>\n","protected":false},"excerpt":{"rendered":"<p>Form. Autodeclara\u00e7\u00e3o para vagas destinadas ao Programa de A\u00e7\u00f5es Afirmativas [pdf] Form. Autoriza\u00e7\u00e3o para disponibilidade no LUME [pdf] Form. Cadastro Prof. Pesquisador Visitante [pdf] [doc] Form. Cancelamento de Disciplina [doc] Form. Conceito de Atividade Did\u00e1tica [pdf] [doc] Form. Credenciamento e recredenciamento (atualizado em 04-07-2025) [doc] Form. Folha de Conceito &#8211; Resultado Final &#8211; Trabalho Individual\u00a0[pdf] [&hellip;]<\/p>\n","protected":false},"author":1,"featured_media":0,"parent":389,"menu_order":2,"comment_status":"closed","ping_status":"closed","template":"","meta":[],"_links":{"self":[{"href":"https:\/\/www.inf.ufrgs.br\/ppgc\/wp-json\/wp\/v2\/pages\/830"}],"collection":[{"href":"https:\/\/www.inf.ufrgs.br\/ppgc\/wp-json\/wp\/v2\/pages"}],"about":[{"href":"https:\/\/www.inf.ufrgs.br\/ppgc\/wp-json\/wp\/v2\/types\/page"}],"author":[{"embeddable":true,"href":"https:\/\/www.inf.ufrgs.br\/ppgc\/wp-json\/wp\/v2\/users\/1"}],"replies":[{"embeddable":true,"href":"https:\/\/www.inf.ufrgs.br\/ppgc\/wp-json\/wp\/v2\/comments?post=830"}],"version-history":[{"count":26,"href":"https:\/\/www.inf.ufrgs.br\/ppgc\/wp-json\/wp\/v2\/pages\/830\/revisions"}],"predecessor-version":[{"id":7562,"href":"https:\/\/www.inf.ufrgs.br\/ppgc\/wp-json\/wp\/v2\/pages\/830\/revisions\/7562"}],"up":[{"embeddable":true,"href":"https:\/\/www.inf.ufrgs.br\/ppgc\/wp-json\/wp\/v2\/pages\/389"}],"wp:attachment":[{"href":"https:\/\/www.inf.ufrgs.br\/ppgc\/wp-json\/wp\/v2\/media?parent=830"}],"curies":[{"name":"wp","href":"https:\/\/api.w.org\/{rel}","templated":true}]}}