{"id":2019,"date":"2016-03-16T11:29:53","date_gmt":"2016-03-16T14:29:53","guid":{"rendered":"http:\/\/www.inf.ufrgs.br\/profcomp_wp\/?page_id=2019"},"modified":"2019-06-07T15:43:38","modified_gmt":"2019-06-07T18:43:38","slug":"scholarships-and-grants","status":"publish","type":"page","link":"https:\/\/www.inf.ufrgs.br\/profcomp\/en\/scholarships-and-grants\/","title":{"rendered":"Scholarships and Grants"},"content":{"rendered":"<p align=\"justify\">Since UFRGS is a public university, there are no tuition fees (all expenses are covered by the Brazilian Government). Hence, the program is free to all admitted students, including foreign ones.<\/p>\n<p align=\"justify\">In addition, students enrolled in the Graduate Program in Computer Science\u00a0may receive a scholarship from <a href=\"http:\/\/www.capes.gov.br\/\">CAPES<\/a> &#8212; Coordena\u00e7\u00e3o de Aperfei\u00e7oamento de Pessoal de N\u00edvel Superior, <a href=\"http:\/\/www.cnpq.br\/\">CNPq<\/a> &#8212; Conselho Nacional de Desenvolvimento Cient\u00edfico e Tecnol\u00f3gico, or from other governmental agencies, according to availability.<\/p>\n<p>PPGC receives a quota of scholarships from each agency and distributes them among students according to the criteria established by the Graduate\u00a0Committee.\u00a0Candidates who intend to enroll as full-time students will have priority for receiving scholarships from the Program.<\/p>\n<p>The duration of scholarships is 24 months for Masters students and 48 months for PhD students.<\/p>\n<p>&nbsp;<\/p>\n","protected":false},"excerpt":{"rendered":"<p>Since UFRGS is a public university, there are no tuition fees (all expenses are covered by the Brazilian Government). Hence, the program is free to all admitted students, including foreign ones. In addition, students enrolled in the Graduate Program in Computer Science\u00a0may receive a scholarship from CAPES &#8212; Coordena\u00e7\u00e3o de Aperfei\u00e7oamento de Pessoal de N\u00edvel [&hellip;]<\/p>\n","protected":false},"author":1,"featured_media":0,"parent":0,"menu_order":0,"comment_status":"closed","ping_status":"closed","template":"","meta":[],"_links":{"self":[{"href":"https:\/\/www.inf.ufrgs.br\/profcomp\/wp-json\/wp\/v2\/pages\/2019"}],"collection":[{"href":"https:\/\/www.inf.ufrgs.br\/profcomp\/wp-json\/wp\/v2\/pages"}],"about":[{"href":"https:\/\/www.inf.ufrgs.br\/profcomp\/wp-json\/wp\/v2\/types\/page"}],"author":[{"embeddable":true,"href":"https:\/\/www.inf.ufrgs.br\/profcomp\/wp-json\/wp\/v2\/users\/1"}],"replies":[{"embeddable":true,"href":"https:\/\/www.inf.ufrgs.br\/profcomp\/wp-json\/wp\/v2\/comments?post=2019"}],"version-history":[{"count":5,"href":"https:\/\/www.inf.ufrgs.br\/profcomp\/wp-json\/wp\/v2\/pages\/2019\/revisions"}],"predecessor-version":[{"id":4057,"href":"https:\/\/www.inf.ufrgs.br\/profcomp\/wp-json\/wp\/v2\/pages\/2019\/revisions\/4057"}],"wp:attachment":[{"href":"https:\/\/www.inf.ufrgs.br\/profcomp\/wp-json\/wp\/v2\/media?parent=2019"}],"curies":[{"name":"wp","href":"https:\/\/api.w.org\/{rel}","templated":true}]}}