{"id":2077,"date":"2016-03-16T12:19:14","date_gmt":"2016-03-16T15:19:14","guid":{"rendered":"http:\/\/www.inf.ufrgs.br\/profcomp_wp\/?page_id=2077"},"modified":"2025-07-03T15:56:31","modified_gmt":"2025-07-03T18:56:31","slug":"faculty","status":"publish","type":"page","link":"https:\/\/www.inf.ufrgs.br\/profcomp\/en\/people\/faculty\/","title":{"rendered":"Faculty"},"content":{"rendered":"<section class=\"docentes\">\n<h5>Alberto Egon Schaeffer Filho<\/h5>\n<h5>\u00c1lvaro Freitas Moreira<\/h5>\n<h5>Ana L\u00facia Cetertich Bazzan<\/h5>\n<h5>Anderson Maciel<\/h5>\n<h5>Anderson Rocha Tavares<\/h5>\n<h5>Andr\u00e9 Grahl Pereira<\/h5>\n<h5>Andr\u00e9 In\u00e1cio Reis<\/h5>\n<h5>Ant\u00f4nio Carlos Schneider Beck Filho<\/h5>\n<h5>Arthur Francisco Lorenzon<\/h5>\n<h5>Bruno Iochins Grisci<\/h5>\n<h5>Carla Maria Dal Sasso Freitas<\/h5>\n<h5>Carlos Eduardo Pereira<\/h5>\n<h5>Cl\u00e1udio Fernando Resin Geyer<\/h5>\n<h5>Cl\u00e1udio Rosito Jung<\/h5>\n<h5>Dante Augusto Couto Barone<\/h5>\n<h5>Dennis Giovani Balreira<\/h5>\n<h5>Edison Pignaton de Freitas<\/h5>\n<h5>Edson Prestes e Silva J\u00fanior<\/h5>\n<h5>Eduardo Sim\u00f5es Lopes Gastal<\/h5>\n<h5>\u00c9rika Fernandes Cota<\/h5>\n<h5>Fl\u00e1vio Rech Wagner<\/h5>\n<h5>Gabriel Luca Nazar<\/h5>\n<h5>Henrique Becker<\/h5>\n<h5>Jacob Scharcanski<\/h5>\n<h5>J\u00e9ferson Campos Nobre<\/h5>\n<h5>Jo\u00e3o Luiz Dihl Comba<\/h5>\n<h5>Joel Lu\u00eds Carbonera<\/h5>\n<h5>Jos\u00e9 Palazzo Moreira de Oliveira<\/h5>\n<h5>Jos\u00e9 Rodrigo Furlanetto Azambuja<\/h5>\n<h5>Juliano Araujo Wickboldt<\/h5>\n<h5>Karin Becker<\/h5>\n<h5>Karina Kohl Silveira<\/h5>\n<h5>Leticia dos Santos Machado<\/h5>\n<h5>Lisandro Zambenedetti Granville<\/h5>\n<h5>Lucas Mello Schnorr<\/h5>\n<h5>Luciana Porcher Nedel<\/h5>\n<h5>Luciano Paschoal Gaspary<\/h5>\n<h5>Lucin\u00e9ia Heloisa Thom<\/h5>\n<h5>Luigi Carro<\/h5>\n<h5>Lu\u00eds da Cunha Lamb<\/h5>\n<h5>Manuel Menezes de Oliveira Neto<\/h5>\n<h5>Mara Abel<\/h5>\n<h5>Marcelo Soares Pimenta<\/h5>\n<h5>Marcelo Walter<\/h5>\n<h5>M\u00e1rcio Dorn<\/h5>\n<h5>Marcus Rolf Peter Ritt<\/h5>\n<h5>Mariana Luderitz Kolberg Fernandes<\/h5>\n<h5>Mariana Recamonde Mendoza<\/h5>\n<h5>Nicolas Bruno Maillard<\/h5>\n<h5>Philippe Olivier Alexandre Navaux<\/h5>\n<h5>Renan de Queiroz Maffei<\/h5>\n<h5>Renata de Matos Galante<\/h5>\n<h5>Ricardo Augusto da Luz Reis<\/h5>\n<h5>Viviane Pereira Moreira<\/h5>\n<h5>Weverton Luis da Costa Cordeiro<\/h5>\n<\/section>\n<div class=\"clearfix\"><\/div>\n","protected":false},"excerpt":{"rendered":"<p>Alberto Egon Schaeffer Filho \u00c1lvaro Freitas Moreira Ana L\u00facia Cetertich Bazzan Anderson Maciel Anderson Rocha Tavares Andr\u00e9 Grahl Pereira Andr\u00e9 In\u00e1cio Reis Ant\u00f4nio Carlos Schneider Beck Filho Arthur Francisco Lorenzon Bruno Iochins Grisci Carla Maria Dal Sasso Freitas Carlos Eduardo Pereira Cl\u00e1udio Fernando Resin Geyer Cl\u00e1udio Rosito Jung Dante Augusto Couto Barone Dennis Giovani Balreira [&hellip;]<\/p>\n","protected":false},"author":1,"featured_media":0,"parent":2076,"menu_order":0,"comment_status":"closed","ping_status":"closed","template":"","meta":[],"_links":{"self":[{"href":"https:\/\/www.inf.ufrgs.br\/profcomp\/wp-json\/wp\/v2\/pages\/2077"}],"collection":[{"href":"https:\/\/www.inf.ufrgs.br\/profcomp\/wp-json\/wp\/v2\/pages"}],"about":[{"href":"https:\/\/www.inf.ufrgs.br\/profcomp\/wp-json\/wp\/v2\/types\/page"}],"author":[{"embeddable":true,"href":"https:\/\/www.inf.ufrgs.br\/profcomp\/wp-json\/wp\/v2\/users\/1"}],"replies":[{"embeddable":true,"href":"https:\/\/www.inf.ufrgs.br\/profcomp\/wp-json\/wp\/v2\/comments?post=2077"}],"version-history":[{"count":19,"href":"https:\/\/www.inf.ufrgs.br\/profcomp\/wp-json\/wp\/v2\/pages\/2077\/revisions"}],"predecessor-version":[{"id":7243,"href":"https:\/\/www.inf.ufrgs.br\/profcomp\/wp-json\/wp\/v2\/pages\/2077\/revisions\/7243"}],"up":[{"embeddable":true,"href":"https:\/\/www.inf.ufrgs.br\/profcomp\/wp-json\/wp\/v2\/pages\/2076"}],"wp:attachment":[{"href":"https:\/\/www.inf.ufrgs.br\/profcomp\/wp-json\/wp\/v2\/media?parent=2077"}],"curies":[{"name":"wp","href":"https:\/\/api.w.org\/{rel}","templated":true}]}}