{"id":3511,"date":"2018-01-16T09:15:33","date_gmt":"2018-01-16T11:15:33","guid":{"rendered":"http:\/\/www.inf.ufrgs.br\/profcomp\/?page_id=3511"},"modified":"2020-11-26T09:02:05","modified_gmt":"2020-11-26T12:02:05","slug":"cmp193","status":"publish","type":"page","link":"https:\/\/www.inf.ufrgs.br\/profcomp\/lista-de-disciplinas\/cmp193\/","title":{"rendered":"CMP193"},"content":{"rendered":"<h2>Ger\u00eancia e Aplica\u00e7\u00f5es em Redes<\/h2>\n<p>Respons\u00e1veis: <a href=\"https:\/\/www.inf.ufrgs.br\/site\/docente\/weverton-luis-da-costa-cordeiro\/\">Weverton Luis da Costa Cordeiro<\/a>\u00a0 e <a href=\"https:\/\/www.inf.ufrgs.br\/site\/docente\/juliano-wickboldt\/\">Juliano Ara\u00fajo Wickboldt<\/a><\/p>\n<p>Pr\u00e9-Requisitos: CMP182 &#8211; Computer Networks<br \/>\nCarga Hor\u00e1ria: 60 hs<br \/>\nCr\u00e9ditos: 4<br \/>\nSemestres Oferecidos: Segundo semestre<br \/>\nMatr\u00edcula de Graduandos: A matricula dever\u00e1 ser feita como Aluno Especial<\/p>\n<p>&nbsp;<\/p>\n<p style=\"text-align: justify;\"><strong>S\u00daMULA<\/strong><br \/>\nA disciplina aborda as pr\u00e1ticas, t\u00e9cnicas e fundamentos na \u00e1rea de gerenciamento de opera\u00e7\u00e3o de redes de computadores e servi\u00e7os associados. A disciplina tamb\u00e9m aborda quest\u00f5es relacionadas ao controle de redes, monitoramento e planejamento. S\u00e3o considerados aspectos de ambientes de redes diversos, como redes cabeadas tradicionais, redes sem fio e redes com suporte a virtualiza\u00e7\u00e3o. Atrav\u00e9s de uma abordagem te\u00f3rica e pr\u00e1tica, s\u00e3o apresentados os principais conceitos no gerenciamento de redes, interfaces de programa\u00e7\u00e3o e outros servi\u00e7os.<\/p>\n<p style=\"text-align: justify;\"><strong>OBJETIVOS<\/strong><br \/>\nApresentar o panorama de pesquisa na \u00e1rea de ger\u00eancia e opera\u00e7\u00f5es de redes e servi\u00e7os, com vistas \u00e0 produ\u00e7\u00e3o cient\u00edfica de artigos. Capacitar os alunos a analisar, utilizar e desenvolver ferramentas de gerenciamento de redes de computadores.<\/p>\n<p><strong>PROGRAMA<\/strong><br \/>\n\u2013 Organiza\u00e7\u00e3o da ger\u00eancia de redes<br \/>\n\u2013 Modelo de refer\u00eancia para ger\u00eancia de redes<br \/>\n\u2013 Modelo agente-gerente<br \/>\n\u2013 Protocolos de ger\u00eancia<br \/>\n\u2013 Fun\u00e7\u00f5es de ger\u00eancia (FCAPS)<br \/>\n\u2013 Modelo de ger\u00eancia Internet<br \/>\n\u2013 Simple Network Management Protocol (SNMP)<br \/>\n\u2013 SNMPv2, SNMPv2c, SNMPv3<br \/>\n\u2013 Network Configuration Protocol (NETCONF)<br \/>\n\u2013 Monitoramento de redes e servi\u00e7os<br \/>\n\u2013 RMON e RMON2<br \/>\n\u2013 NetFlow e IPFIX<br \/>\n\u2013 sFlow<br \/>\n\u2013 Ferramentas de monitora\u00e7\u00e3o e controle de rede<br \/>\n\u2013 Plataformas de ger\u00eancia<br \/>\n\u2013 Aplica\u00e7\u00f5es de gerenciamento<br \/>\n\u2013 Gerenciamento baseado em pol\u00edticas (PBNM)<br \/>\n\u2013 Intent-based networking (IBN)<br \/>\n\u2013 Ger\u00eancia pr\u00f3-ativa<br \/>\n\u2013 Automa\u00e7\u00e3o de ger\u00eancia<br \/>\n\u2013 Gerenciamento distribu\u00eddo<br \/>\n\u2013 Gerenciamento auton\u00f4mico e self-*<br \/>\n\u2013 Ger\u00eancia de seguran\u00e7a<br \/>\n\u2013 Ger\u00eancia em Software-Defined Networking (SDN)<br \/>\n\u2013 Network Functions Virtualization (NFV) e ger\u00eancia de redes virtualizadas<br \/>\n\u2013 Ger\u00eancia de redes sem-fio e 5G<br \/>\n\u2013 Ger\u00eancia de redes de data-centers e em computa\u00e7\u00e3o em nuvem<br \/>\n\u2013 Intelig\u00eancia artificial em ger\u00eancia de redes e servi\u00e7os<br \/>\n\u2013 Ger\u00eancia e big data<\/p>\n<p>&nbsp;<\/p>\n<p><strong>CRIT\u00c9RIOS DE AVALIA\u00c7\u00c3O<\/strong><\/p>\n<p>A avalia\u00e7\u00e3o ser\u00e1 derivada de 2 componentes:<\/p>\n<ol>\n<li style=\"text-align: justify;\">a) Participa\u00e7\u00e3o ativas das atividades desenvolvidas em aula (debates e atividades a serem realizadas em laborat\u00f3rio) (peso 30%)<\/li>\n<li style=\"text-align: justify;\">b) Resultados dos trabalhos propostos (peso 70%)<\/li>\n<\/ol>\n<p>&nbsp;<\/p>\n<p><strong>BIBLIOGRAFIA<br \/>\n<\/strong>BLACK, U. Network Management Standards. McGraw-Hill, 1995.<br \/>\nCLEM, Alexander. Network Management Fundamentals. 2007.<br \/>\nFARREL, A. Network Management Know It All. Morgan Kauffman Editors. 2008<br \/>\nJason Edelman and Scott S. Lowe. Network Programmability and Automation: Skills for the Next-Generation Network Engineer. 2017<br \/>\nLEINWAND. Allan. Network Management. A practical perspective. Addison Wesley. 1996.<br \/>\nMichael Allen Patterson and Drew Robb. Unleashing The Power Of NetFlow and IPFIX. 2013<br \/>\nNorthcutt, Stephen e outros. Desvendando Seguran\u00e7a em Redes. Editora Campus. 2002.<br \/>\nThomas Plevyak and Veli Sahin. Next Generation Telecommunications Networks, Services, and Management. 2010<br \/>\nWENSTROM, Michael. Managing Cisco Network Security (Gerenciando a seguran\u00e7a de redes CISCO). Alta.Books. 2002.<br \/>\nWilliam Stallings. Foundations of Modern Networking: SDN, NFV, QoE, IoT, and Cloud. 2015.<\/p>\n","protected":false},"excerpt":{"rendered":"<p>Ger\u00eancia e Aplica\u00e7\u00f5es em Redes Respons\u00e1veis: Weverton Luis da Costa Cordeiro\u00a0 e Juliano Ara\u00fajo Wickboldt Pr\u00e9-Requisitos: CMP182 &#8211; Computer Networks Carga Hor\u00e1ria: 60 hs Cr\u00e9ditos: 4 Semestres Oferecidos: Segundo semestre Matr\u00edcula de Graduandos: A matricula dever\u00e1 ser feita como Aluno Especial &nbsp; S\u00daMULA A disciplina aborda as pr\u00e1ticas, t\u00e9cnicas e fundamentos na \u00e1rea de gerenciamento [&hellip;]<\/p>\n","protected":false},"author":14,"featured_media":0,"parent":462,"menu_order":193,"comment_status":"closed","ping_status":"closed","template":"","meta":[],"_links":{"self":[{"href":"https:\/\/www.inf.ufrgs.br\/profcomp\/wp-json\/wp\/v2\/pages\/3511"}],"collection":[{"href":"https:\/\/www.inf.ufrgs.br\/profcomp\/wp-json\/wp\/v2\/pages"}],"about":[{"href":"https:\/\/www.inf.ufrgs.br\/profcomp\/wp-json\/wp\/v2\/types\/page"}],"author":[{"embeddable":true,"href":"https:\/\/www.inf.ufrgs.br\/profcomp\/wp-json\/wp\/v2\/users\/14"}],"replies":[{"embeddable":true,"href":"https:\/\/www.inf.ufrgs.br\/profcomp\/wp-json\/wp\/v2\/comments?post=3511"}],"version-history":[{"count":4,"href":"https:\/\/www.inf.ufrgs.br\/profcomp\/wp-json\/wp\/v2\/pages\/3511\/revisions"}],"predecessor-version":[{"id":4596,"href":"https:\/\/www.inf.ufrgs.br\/profcomp\/wp-json\/wp\/v2\/pages\/3511\/revisions\/4596"}],"up":[{"embeddable":true,"href":"https:\/\/www.inf.ufrgs.br\/profcomp\/wp-json\/wp\/v2\/pages\/462"}],"wp:attachment":[{"href":"https:\/\/www.inf.ufrgs.br\/profcomp\/wp-json\/wp\/v2\/media?parent=3511"}],"curies":[{"name":"wp","href":"https:\/\/api.w.org\/{rel}","templated":true}]}}