{"id":3531,"date":"2018-01-17T11:07:47","date_gmt":"2018-01-17T13:07:47","guid":{"rendered":"http:\/\/www.inf.ufrgs.br\/profcomp\/?page_id=3531"},"modified":"2019-12-13T15:42:25","modified_gmt":"2019-12-13T18:42:25","slug":"cmp177","status":"publish","type":"page","link":"https:\/\/www.inf.ufrgs.br\/profcomp\/lista-de-disciplinas\/cmp177\/","title":{"rendered":"CMP177"},"content":{"rendered":"<h3><span style=\"font-size: 24px;\">Detec\u00e7\u00e3o de Objetos para aplica\u00e7\u00f5es automotivas e aeroespaciais<\/span><\/h3>\n<p><strong>Respons\u00e1vel<\/strong>:\u00a0<a href=\"http:\/\/www.inf.ufrgs.br\/profcomp\/docente\/paolo-rech\/\">Paolo Rech<\/a><br \/>\n<strong>Pr\u00e9-Requisitos<\/strong>: \u2013<br \/>\n<strong>Carga Hor\u00e1ria<\/strong>: 60 hs<br \/>\n<strong>Cr\u00e9ditos<\/strong>: 4<br \/>\n<strong>Semestres Oferecidos<\/strong>: Segundo semestre<br \/>\n<strong>Matr\u00edcula de Graduandos<\/strong>: A matricula dever\u00e1 ser feita como Aluno Especial<\/p>\n<p style=\"text-align: justify;\"><strong>S\u00daMULA<\/strong><br \/>\nRevis\u00e3o de conceitos b\u00e1sicos de sistemas de tempo real, de arquiteturas paralelas ou program\u00e1veis, sistemas safety-critical, sistemas em tempo real, e de computa\u00e7\u00e3o aproximada. Esses conceitos s\u00e3o utilizados para intender ao fundo os sistemas de detec\u00e7\u00e3o de objetos por meio de redes neurais, e o utilizo dos mesmos para aplica\u00e7\u00f5es automotivas e aeroespaciais. Estudo dos limites de toler\u00e2ncia a falhas e dos poss\u00edveis problemas que podem influenciar o correto funcionamento do software.<\/p>\n<p><strong>OBJETIVOS<\/strong><br \/>\nO objetivo da disciplina \u00e9 capacitar o aluno a ter uma vis\u00e3o da parte hardware e software duma aplica\u00e7\u00e3o, como a detec\u00e7\u00e3o de objetos, que, hoje em dia, \u00e9 essencial para o mercado automotivo e espacial. A disciplina enfatiza o estudo quanto do software que do hardware necess\u00e1rio para detectar objetos em tempo real. S\u00e3o especialmente considerados os problemas e os crit\u00e9rios de seguran\u00e7a que podem afeitar o projeto dum sistema critico.<br \/>\n<strong>\u00a0<\/strong><br \/>\n<strong>PROGRAMA<\/strong><br \/>\n1 Introdu\u00e7\u00e3o. Conceitos de aplica\u00e7\u00f5es safety-critical<br \/>\n2 Aplica\u00e7\u00f5es automotivas e aeroespaciais<br \/>\n3 Processadores paralelos<br \/>\n4 Processadores program\u00e1veis<br \/>\n5 Computa\u00e7\u00e3o aproximada e limites de energia<br \/>\n6 Detec\u00e7\u00e3o de objetos: estado da arte<br \/>\n7 Convola\u00e7\u00e3o<br \/>\n8 Fun\u00e7\u00e3o de ativa\u00e7\u00e3o<br \/>\n9 Detec\u00e7\u00e3o de objetos por meio de redes neurais<br \/>\n10 Detec\u00e7\u00e3o de objetos por meio de CNN<br \/>\n12 CNN em GPUs<br \/>\n13 CNN em FPGAs<br \/>\n14 GPUs, FPGAs, what else? Automotive vs Aeroespace<br \/>\n15 Simplifica\u00e7\u00e3o de CNNs<br \/>\n16 Consumo, tempo de resposta, precis\u00e3o: pudemos ter tudo?<br \/>\n17 Standard ISO 26262.<br \/>\n18 Erros em software, erros em hardware.<br \/>\n19 Efeitos das falhas na execu\u00e7\u00e3o de redes neurais.<br \/>\n20 Toler\u00e2ncia a falhas em GPUs e FPGAs<br \/>\n21 T\u00e9cnicas de mitiga\u00e7\u00e3o para detec\u00e7\u00e3o de objetos<br \/>\n22 Consumo, tempo de resposta, precis\u00e3o, toler\u00e2ncia a falhas: pudemos ter tudo?<br \/>\n23 <strong>Palestra 1:<\/strong> Neural Network on GPUs for the automotive Market &#8211;<br \/>\nNirmal Saxena, NVIDIA Corp. (por v\u00eddeo conferencia)<br \/>\n24 <strong>Palestra 2:<\/strong> Autonomous driving for Mars Rover 2020 \u2013<br \/>\nSteve Guertin, NASA JPL (por v\u00eddeo conferencia)<br \/>\n25 <strong>Palestra 3:<\/strong> ARM processors for automotive applications \u2013<br \/>\nPeter Harrod, ARM (por v\u00eddeo conferencia)<br \/>\n26 <strong>Palestra 4:<\/strong> Tolerancia a falhas em FPGAs-Fernanda Kastensmidt<br \/>\n27 Apresenta\u00e7\u00e3o trabalho<\/p>\n","protected":false},"excerpt":{"rendered":"<p>Detec\u00e7\u00e3o de Objetos para aplica\u00e7\u00f5es automotivas e aeroespaciais Respons\u00e1vel:\u00a0Paolo Rech Pr\u00e9-Requisitos: \u2013 Carga Hor\u00e1ria: 60 hs Cr\u00e9ditos: 4 Semestres Oferecidos: Segundo semestre Matr\u00edcula de Graduandos: A matricula dever\u00e1 ser feita como Aluno Especial S\u00daMULA Revis\u00e3o de conceitos b\u00e1sicos de sistemas de tempo real, de arquiteturas paralelas ou program\u00e1veis, sistemas safety-critical, sistemas em tempo real, e [&hellip;]<\/p>\n","protected":false},"author":14,"featured_media":0,"parent":462,"menu_order":177,"comment_status":"closed","ping_status":"closed","template":"","meta":[],"_links":{"self":[{"href":"https:\/\/www.inf.ufrgs.br\/profcomp\/wp-json\/wp\/v2\/pages\/3531"}],"collection":[{"href":"https:\/\/www.inf.ufrgs.br\/profcomp\/wp-json\/wp\/v2\/pages"}],"about":[{"href":"https:\/\/www.inf.ufrgs.br\/profcomp\/wp-json\/wp\/v2\/types\/page"}],"author":[{"embeddable":true,"href":"https:\/\/www.inf.ufrgs.br\/profcomp\/wp-json\/wp\/v2\/users\/14"}],"replies":[{"embeddable":true,"href":"https:\/\/www.inf.ufrgs.br\/profcomp\/wp-json\/wp\/v2\/comments?post=3531"}],"version-history":[{"count":1,"href":"https:\/\/www.inf.ufrgs.br\/profcomp\/wp-json\/wp\/v2\/pages\/3531\/revisions"}],"predecessor-version":[{"id":3532,"href":"https:\/\/www.inf.ufrgs.br\/profcomp\/wp-json\/wp\/v2\/pages\/3531\/revisions\/3532"}],"up":[{"embeddable":true,"href":"https:\/\/www.inf.ufrgs.br\/profcomp\/wp-json\/wp\/v2\/pages\/462"}],"wp:attachment":[{"href":"https:\/\/www.inf.ufrgs.br\/profcomp\/wp-json\/wp\/v2\/media?parent=3531"}],"curies":[{"name":"wp","href":"https:\/\/api.w.org\/{rel}","templated":true}]}}