{"id":384,"date":"2015-12-18T15:11:31","date_gmt":"2015-12-18T17:11:31","guid":{"rendered":"http:\/\/www.inf.ufrgs.br\/profcomp_wp\/?page_id=384"},"modified":"2025-10-14T18:03:14","modified_gmt":"2025-10-14T21:03:14","slug":"pesquisa","status":"publish","type":"page","link":"https:\/\/www.inf.ufrgs.br\/profcomp\/pesquisa\/","title":{"rendered":"Pesquisa"},"content":{"rendered":"<p>Computa\u00e7\u00e3o \u00e9 uma ci\u00eancia que estuda formas de representa\u00e7\u00e3o da informa\u00e7\u00e3o e o processo de resolu\u00e7\u00e3o de problemas em si, incluindo tanto o desenvolvimento de t\u00e9cnicas de constru\u00e7\u00e3o de solu\u00e7\u00f5es quanto o de m\u00e1quinas capazes de executar essas solu\u00e7\u00f5es. Essas t\u00e9cnicas desenvolvem n\u00e3o somente a capacidade de construir modelos abstratos (de informa\u00e7\u00e3o e processos) e sistematizar a solu\u00e7\u00e3o de problemas, mas tamb\u00e9m as habilidades de argumenta\u00e7\u00e3o, an\u00e1lise cr\u00edtica e trabalho cooperativo. Por isso, Computa\u00e7\u00e3o \u00e9 usada nas outras ci\u00eancias, na Matem\u00e1tica, F\u00edsica, Biologia, L\u00ednguas, Hist\u00f3ria, Economia, Artes, etc. A \u00e1rea da Computa\u00e7\u00e3o prov\u00ea habilidades, conhecimento, ferramentas e m\u00e1quinas para tornar as pessoas mais capazes de criar e inovar em todas as \u00e1reas.<\/p>\n","protected":false},"excerpt":{"rendered":"<p>Computa\u00e7\u00e3o \u00e9 uma ci\u00eancia que estuda formas de representa\u00e7\u00e3o da informa\u00e7\u00e3o e o processo de resolu\u00e7\u00e3o de problemas em si, incluindo tanto o desenvolvimento de t\u00e9cnicas de constru\u00e7\u00e3o de solu\u00e7\u00f5es quanto o de m\u00e1quinas capazes de executar essas solu\u00e7\u00f5es. Essas t\u00e9cnicas desenvolvem n\u00e3o somente a capacidade de construir modelos abstratos (de informa\u00e7\u00e3o e processos) e [&hellip;]<\/p>\n","protected":false},"author":1,"featured_media":0,"parent":0,"menu_order":0,"comment_status":"closed","ping_status":"closed","template":"","meta":[],"_links":{"self":[{"href":"https:\/\/www.inf.ufrgs.br\/profcomp\/wp-json\/wp\/v2\/pages\/384"}],"collection":[{"href":"https:\/\/www.inf.ufrgs.br\/profcomp\/wp-json\/wp\/v2\/pages"}],"about":[{"href":"https:\/\/www.inf.ufrgs.br\/profcomp\/wp-json\/wp\/v2\/types\/page"}],"author":[{"embeddable":true,"href":"https:\/\/www.inf.ufrgs.br\/profcomp\/wp-json\/wp\/v2\/users\/1"}],"replies":[{"embeddable":true,"href":"https:\/\/www.inf.ufrgs.br\/profcomp\/wp-json\/wp\/v2\/comments?post=384"}],"version-history":[{"count":2,"href":"https:\/\/www.inf.ufrgs.br\/profcomp\/wp-json\/wp\/v2\/pages\/384\/revisions"}],"predecessor-version":[{"id":7564,"href":"https:\/\/www.inf.ufrgs.br\/profcomp\/wp-json\/wp\/v2\/pages\/384\/revisions\/7564"}],"wp:attachment":[{"href":"https:\/\/www.inf.ufrgs.br\/profcomp\/wp-json\/wp\/v2\/media?parent=384"}],"curies":[{"name":"wp","href":"https:\/\/api.w.org\/{rel}","templated":true}]}}