{"id":4026,"date":"2019-03-26T13:04:23","date_gmt":"2019-03-26T16:04:23","guid":{"rendered":"http:\/\/www.inf.ufrgs.br\/profcomp\/?page_id=4026"},"modified":"2019-12-13T15:41:09","modified_gmt":"2019-12-13T18:41:09","slug":"cmp602","status":"publish","type":"page","link":"https:\/\/www.inf.ufrgs.br\/profcomp\/lista-de-disciplinas\/cmp602\/","title":{"rendered":"CMP602"},"content":{"rendered":"<p><strong>Programa PG Computa\u00e7\u00e3o &#8211; UFRGS<\/strong><\/p>\n<p><strong>T\u00f3picos Especiais em Computa\u00e7\u00e3o \u2013 M\u00e9todos e Dados de Explora\u00e7\u00e3o de Petr\u00f3leo<\/strong><\/p>\n<p>&nbsp;<\/p>\n<p><strong>C\u00f3digo<\/strong>: CMP602<\/p>\n<p><strong>Respons\u00e1vel<\/strong>: Mara Abel. Ministrante: Renata Alvarenga Kuchle<\/p>\n<p><strong>Carga Hor\u00e1ria:<\/strong> 15 hs<\/p>\n<p><strong>Cr\u00e9ditos: <\/strong>1 cr\u00e9ditos<\/p>\n<p><strong>Semestres Oferecidos:<\/strong> 2019-1 (oferecimento sob demanda apenas)<\/p>\n<p><strong>Matr\u00edcula de Graduandos: <\/strong>Permitida<\/p>\n<p><strong>S\u00famula:<\/strong><\/p>\n<ol>\n<li>Defini\u00e7\u00f5es e conceitos<\/li>\n<li>Origem do Petr\u00f3leo<\/li>\n<li>Prospec\u00e7\u00e3o de Petr\u00f3leo (Explora\u00e7\u00e3o)<\/li>\n<li>Desenvolvimento e Produ\u00e7\u00e3o: o po\u00e7o de petr\u00f3leo<\/li>\n<\/ol>\n<p><strong>\u00a0<\/strong><\/p>\n<p><strong>Objetivos:<\/strong><\/p>\n<p>Fundamenta\u00e7\u00e3o te\u00f3rica dos termos e conceitos b\u00e1sicos da Geologia do Petr\u00f3leo para compreens\u00e3o e aplica\u00e7\u00e3o na Inform\u00e1tica. Estudo dos principais m\u00e9todos de an\u00e1lise em explora\u00e7\u00e3o, dados produzidos e formatos de manipula\u00e7\u00e3o e armazenamento de dados. Integra\u00e7\u00e3o de dados para interpreta\u00e7\u00e3o geol\u00f3gica<\/p>\n<p>&nbsp;<\/p>\n<p><strong>Programa:<\/strong><\/p>\n<h4>1.\u00a0\u00a0\u00a0\u00a0\u00a0 Introdu\u00e7\u00e3o \u2013 defini\u00e7\u00f5es e conceitos<\/h4>\n<ul>\n<li>Forma\u00e7\u00e3o do Petr\u00f3leo<\/li>\n<li>Hist\u00f3rico no mundo e no Brasil<\/li>\n<li>Constituintes do petr\u00f3leo<\/li>\n<li>Composi\u00e7\u00e3o<\/li>\n<li>Classifica\u00e7\u00e3o<\/li>\n<\/ul>\n<p>&nbsp;<\/p>\n<h4>2.\u00a0\u00a0\u00a0\u00a0\u00a0 Origem do Petr\u00f3leo<\/h4>\n<ul>\n<li>Migra\u00e7\u00e3o do Petr\u00f3leo<\/li>\n<li>Rocha reservat\u00f3rio<\/li>\n<li>Rocha selante<\/li>\n<li>Aprisionamento do Petr\u00f3leo<\/li>\n<li>S\u00edntese do Sistema petrol\u00edfero<\/li>\n<\/ul>\n<p>&nbsp;<\/p>\n<h4>3.\u00a0\u00a0\u00a0\u00a0\u00a0 Prospec\u00e7\u00e3o de Petr\u00f3leo (Explora\u00e7\u00e3o)<\/h4>\n<ul>\n<li>M\u00e9todos geol\u00f3gicos<\/li>\n<li>M\u00e9todos Potenciais (Gravi-magnetometria)<\/li>\n<li>M\u00e9todos S\u00edsmicos<\/li>\n<\/ul>\n<p>&nbsp;<\/p>\n<h4>4.\u00a0\u00a0\u00a0\u00a0\u00a0 Avalia\u00e7\u00e3o de Forma\u00e7\u00f5es (Desenvolvimento &amp; Produ\u00e7\u00e3o)<\/h4>\n<ul>\n<li>Perfilagem a po\u00e7o aberto<\/li>\n<li>Testes de press\u00e3o em po\u00e7os<\/li>\n<li>Perfilagem de produ\u00e7\u00e3o<\/li>\n<\/ul>\n<h4><\/h4>\n<h4>5.\u00a0\u00a0\u00a0\u00a0\u00a0 Tipo de Dados usados na ind\u00fastria do Petr\u00f3leo<\/h4>\n<p>5.1.\u00a0\u00a0 Afloramentos<br \/>\n5.2.\u00a0\u00a0 Po\u00e7os<br \/>\n5.3.\u00a0\u00a0 Logs geof\u00edsicos<br \/>\n5.4.\u00a0\u00a0 Testemunhos<br \/>\n5.5.\u00a0\u00a0 S\u00edsmica<br \/>\n5.6.\u00a0\u00a0 Dados de m\u00e9todos potenciais<\/p>\n<h4>6.\u00a0\u00a0\u00a0\u00a0\u00a0 Tipo de Dados: Curvas Geof\u00edsicas<\/h4>\n<p>6.1.\u00a0\u00a0 Tipo de perfis<br \/>\n6.2.\u00a0\u00a0 O ge\u00f3logo e os perfis<br \/>\n6.3.\u00a0\u00a0 Utilizando os perfis geof\u00edsicos para a aquisi\u00e7\u00e3o de outras curvas<\/p>\n<h4>7.\u00a0\u00a0\u00a0\u00a0\u00a0 Formatos de dados geof\u00edsicos<\/h4>\n<ul>\n<li>Arquivo .las<\/li>\n<li>Arquivo .lis<\/li>\n<li>Arquivo .dlis<\/li>\n<li>Arquivo .dat<\/li>\n<li>Arquivo .XYZ<\/li>\n<li>Arquivo de litologia<\/li>\n<\/ul>\n<p>&nbsp;<\/p>\n<h4>8.\u00a0\u00a0\u00a0\u00a0\u00a0 Outros\u00a0 m\u00e9todos de an\u00e1lise<\/h4>\n<p>8.1.\u00a0\u00a0 S\u00edsmica 2D e 3D 4D<br \/>\n8.2.\u00a0\u00a0 M\u00e9todos potenciais<br \/>\n8.3.\u00a0\u00a0 Geoqu\u00edmica org\u00e2nica e qualidade do petr\u00f3leo<\/p>\n<h4>9.\u00a0\u00a0\u00a0\u00a0\u00a0 O workflow de trabalho em um Projeto de Pesquisa de Explora\u00e7\u00e3o<\/h4>\n<p>9.1.\u00a0\u00a0 Etapas envolvidas em Projeto de Pesquisa<br \/>\n9.2.\u00a0\u00a0 Recebimento, carregamento, integra\u00e7\u00e3o e interpreta\u00e7\u00e3o de dados<\/p>\n<h4>10.\u00a0 Ferramentas Computacionais e seu papel na cadeia Explorat\u00f3ria<\/h4>\n<p>10.1.\u00a0\u00a0\u00a0\u00a0 Softwares b\u00e1sicos na Geologia<br \/>\n10.2.\u00a0\u00a0\u00a0\u00a0 Principais Softwares geol\u00f3gicos e sua utilidade<br \/>\n10.3.\u00a0\u00a0\u00a0\u00a0 Softwares avan\u00e7ados<\/p>\n<h4>11.\u00a0 Bacias Sedimentares Brasileiras e seu potencial petrol\u00edfero<\/h4>\n<p>11.1.\u00a0\u00a0\u00a0\u00a0 Bacias da Margem Leste<br \/>\n11.2.\u00a0\u00a0\u00a0\u00a0 Bacias Equatoriais<br \/>\n11.3.\u00a0\u00a0\u00a0\u00a0 Bacias Intracrat\u00f4nicas<\/p>\n<h4>12.\u00a0 O Petr\u00f3leo no Brasil: Hist\u00f3rico 1939 ao pr\u00e9-sal<\/h4>\n<p>12.1.\u00a0\u00a0\u00a0\u00a0 Evolu\u00e7\u00e3o das reservas de petr\u00f3leo no Brasil<br \/>\n12.2.\u00a0\u00a0\u00a0\u00a0 Os principais marcos na Hist\u00f3ria petrol\u00edfera no Brasil<\/p>\n<p><strong>Procedimentos<\/strong>:<br \/>\nAulas expositivas sobre os conceitos geol\u00f3gicos<\/p>\n<p>Estudo de aplica\u00e7\u00f5es de software para interpreta\u00e7\u00e3o geol\u00f3gica e avalia\u00e7\u00e3o de prospectos<\/p>\n<p><strong>\u00a0<\/strong><\/p>\n<p><strong>Crit\u00e9rios de Avalia\u00e7\u00e3o<\/strong>:<\/p>\n<p>O aluno ser\u00e1 avaliado atrav\u00e9s da presen\u00e7a em aula e lista de exerc\u00edcios extra-classe.<\/p>\n<p>&nbsp;<\/p>\n<p><strong>Bibliografia<\/strong><\/p>\n<p><a href=\"http:\/\/petrowiki.org\/Basic_elements_of_a_reservoir_characterization_study\">http:\/\/petrowiki.org\/Basic_elements_of_a_reservoir_characterization_study<\/a><\/p>\n<p>Hyne, Norman J. <em>Nontechnical Guide to Petroleum Geology, Exploration, Drilling and Production<\/em> (2nd Edition),\u00a0\u00a0 PenWell Corporation, Tulsa, 2001.<\/p>\n<p>MAGOON, L.B. &amp; DOW, W.G. 1994. The petroleum system-from source to Trap. AAPG Memoir, n. 60, p.3-23.<\/p>\n<p>Texeira, W.S. 2013. Decifrando a Terra (2\u00b0 Ed.) Ed: S\u00e3o Paulo:\u00a0Companhia Editora Nacional. 623p<\/p>\n<p>Thomas, J.E. 2001. Fundamentos de Engenharia de Petr\u00f3leo.<\/p>\n<p>TISSOT, B.P., WELTE, D.H., 1984. Petroleum formation and occurrence. Springer-Verlag, Berlin, 2nd ed., 699p.<\/p>\n<p>&nbsp;<\/p>\n","protected":false},"excerpt":{"rendered":"<p>Programa PG Computa\u00e7\u00e3o &#8211; UFRGS T\u00f3picos Especiais em Computa\u00e7\u00e3o \u2013 M\u00e9todos e Dados de Explora\u00e7\u00e3o de Petr\u00f3leo &nbsp; C\u00f3digo: CMP602 Respons\u00e1vel: Mara Abel. Ministrante: Renata Alvarenga Kuchle Carga Hor\u00e1ria: 15 hs Cr\u00e9ditos: 1 cr\u00e9ditos Semestres Oferecidos: 2019-1 (oferecimento sob demanda apenas) Matr\u00edcula de Graduandos: Permitida S\u00famula: Defini\u00e7\u00f5es e conceitos Origem do Petr\u00f3leo Prospec\u00e7\u00e3o de Petr\u00f3leo [&hellip;]<\/p>\n","protected":false},"author":11,"featured_media":0,"parent":462,"menu_order":602,"comment_status":"closed","ping_status":"closed","template":"","meta":[],"_links":{"self":[{"href":"https:\/\/www.inf.ufrgs.br\/profcomp\/wp-json\/wp\/v2\/pages\/4026"}],"collection":[{"href":"https:\/\/www.inf.ufrgs.br\/profcomp\/wp-json\/wp\/v2\/pages"}],"about":[{"href":"https:\/\/www.inf.ufrgs.br\/profcomp\/wp-json\/wp\/v2\/types\/page"}],"author":[{"embeddable":true,"href":"https:\/\/www.inf.ufrgs.br\/profcomp\/wp-json\/wp\/v2\/users\/11"}],"replies":[{"embeddable":true,"href":"https:\/\/www.inf.ufrgs.br\/profcomp\/wp-json\/wp\/v2\/comments?post=4026"}],"version-history":[{"count":5,"href":"https:\/\/www.inf.ufrgs.br\/profcomp\/wp-json\/wp\/v2\/pages\/4026\/revisions"}],"predecessor-version":[{"id":4196,"href":"https:\/\/www.inf.ufrgs.br\/profcomp\/wp-json\/wp\/v2\/pages\/4026\/revisions\/4196"}],"up":[{"embeddable":true,"href":"https:\/\/www.inf.ufrgs.br\/profcomp\/wp-json\/wp\/v2\/pages\/462"}],"wp:attachment":[{"href":"https:\/\/www.inf.ufrgs.br\/profcomp\/wp-json\/wp\/v2\/media?parent=4026"}],"curies":[{"name":"wp","href":"https:\/\/api.w.org\/{rel}","templated":true}]}}