{"id":410,"date":"2015-12-18T15:16:19","date_gmt":"2015-12-18T17:16:19","guid":{"rendered":"http:\/\/www.inf.ufrgs.br\/profcomp_wp\/?page_id=410"},"modified":"2025-09-24T11:01:18","modified_gmt":"2025-09-24T14:01:18","slug":"contato","status":"publish","type":"page","link":"https:\/\/www.inf.ufrgs.br\/profcomp\/contato\/","title":{"rendered":"Contato"},"content":{"rendered":"<p><span style=\"font-size: 14pt;\"><strong>Entre em contato com o Programa de P\u00f3s-Gradua\u00e7\u00e3o ProfComp da UFRGS<\/strong><\/span><\/p>\n<p>Entre em contato atrav\u00e9s o e-mail: profcomp@inf.ufrgs.br<\/p>\n<p>&nbsp;<\/p>\n<p>&nbsp;<\/p>\n","protected":false},"excerpt":{"rendered":"<p>Entre em contato com o Programa de P\u00f3s-Gradua\u00e7\u00e3o ProfComp da UFRGS Entre em contato atrav\u00e9s o e-mail: profcomp@inf.ufrgs.br &nbsp; &nbsp;<\/p>\n","protected":false},"author":1,"featured_media":0,"parent":0,"menu_order":0,"comment_status":"closed","ping_status":"closed","template":"","meta":[],"_links":{"self":[{"href":"https:\/\/www.inf.ufrgs.br\/profcomp\/wp-json\/wp\/v2\/pages\/410"}],"collection":[{"href":"https:\/\/www.inf.ufrgs.br\/profcomp\/wp-json\/wp\/v2\/pages"}],"about":[{"href":"https:\/\/www.inf.ufrgs.br\/profcomp\/wp-json\/wp\/v2\/types\/page"}],"author":[{"embeddable":true,"href":"https:\/\/www.inf.ufrgs.br\/profcomp\/wp-json\/wp\/v2\/users\/1"}],"replies":[{"embeddable":true,"href":"https:\/\/www.inf.ufrgs.br\/profcomp\/wp-json\/wp\/v2\/comments?post=410"}],"version-history":[{"count":15,"href":"https:\/\/www.inf.ufrgs.br\/profcomp\/wp-json\/wp\/v2\/pages\/410\/revisions"}],"predecessor-version":[{"id":7518,"href":"https:\/\/www.inf.ufrgs.br\/profcomp\/wp-json\/wp\/v2\/pages\/410\/revisions\/7518"}],"wp:attachment":[{"href":"https:\/\/www.inf.ufrgs.br\/profcomp\/wp-json\/wp\/v2\/media?parent=410"}],"curies":[{"name":"wp","href":"https:\/\/api.w.org\/{rel}","templated":true}]}}