{"id":415,"date":"2015-12-18T15:19:01","date_gmt":"2015-12-18T17:19:01","guid":{"rendered":"http:\/\/www.inf.ufrgs.br\/profcomp_wp\/?page_id=415"},"modified":"2025-09-25T16:15:01","modified_gmt":"2025-09-25T19:15:01","slug":"disciplinas","status":"publish","type":"page","link":"https:\/\/www.inf.ufrgs.br\/profcomp\/disciplinas\/","title":{"rendered":"Disciplinas"},"content":{"rendered":"<p>O curso possui uma carga hor\u00e1ria total de 540 horas de atividades em disciplinas, sendo 420 horas em disciplinas obrigat\u00f3rias e 120 horas em disciplinas eletivas.<\/p>\n<p>Com exce\u00e7\u00e3o do grupo de disciplinas b\u00e1sicas (BA), que tem um perfil diferente, os outros grupos compreendem disciplinas introdut\u00f3rias, intermedi\u00e1rias e avan\u00e7adas de Computa\u00e7\u00e3o.<\/p>\n<p>O discente pode escolher quais disciplinas obrigat\u00f3rias de cada grupo quer cursar, respeitando o n\u00famero m\u00ednimo de horas necess\u00e1rias de cada grupo:<\/p>\n<ul>\n<li>B\u00e1sicas (BA): m\u00edn. 120 horas<\/li>\n<li>Pensamento Computacional (PC): m\u00edn. 120 horas<\/li>\n<li>Mundo Digital (MD): m\u00edn. 90 horas<\/li>\n<li>Cultura Digital (CD): m\u00edn. 90 horas<\/li>\n<\/ul>\n<p>&nbsp;<\/p>\n","protected":false},"excerpt":{"rendered":"<p>O curso possui uma carga hor\u00e1ria total de 540 horas de atividades em disciplinas, sendo 420 horas em disciplinas obrigat\u00f3rias e 120 horas em disciplinas eletivas. Com exce\u00e7\u00e3o do grupo de disciplinas b\u00e1sicas (BA), que tem um perfil diferente, os outros grupos compreendem disciplinas introdut\u00f3rias, intermedi\u00e1rias e avan\u00e7adas de Computa\u00e7\u00e3o. O discente pode escolher quais [&hellip;]<\/p>\n","protected":false},"author":1,"featured_media":0,"parent":0,"menu_order":0,"comment_status":"closed","ping_status":"closed","template":"","meta":[],"_links":{"self":[{"href":"https:\/\/www.inf.ufrgs.br\/profcomp\/wp-json\/wp\/v2\/pages\/415"}],"collection":[{"href":"https:\/\/www.inf.ufrgs.br\/profcomp\/wp-json\/wp\/v2\/pages"}],"about":[{"href":"https:\/\/www.inf.ufrgs.br\/profcomp\/wp-json\/wp\/v2\/types\/page"}],"author":[{"embeddable":true,"href":"https:\/\/www.inf.ufrgs.br\/profcomp\/wp-json\/wp\/v2\/users\/1"}],"replies":[{"embeddable":true,"href":"https:\/\/www.inf.ufrgs.br\/profcomp\/wp-json\/wp\/v2\/comments?post=415"}],"version-history":[{"count":3,"href":"https:\/\/www.inf.ufrgs.br\/profcomp\/wp-json\/wp\/v2\/pages\/415\/revisions"}],"predecessor-version":[{"id":7525,"href":"https:\/\/www.inf.ufrgs.br\/profcomp\/wp-json\/wp\/v2\/pages\/415\/revisions\/7525"}],"wp:attachment":[{"href":"https:\/\/www.inf.ufrgs.br\/profcomp\/wp-json\/wp\/v2\/media?parent=415"}],"curies":[{"name":"wp","href":"https:\/\/api.w.org\/{rel}","templated":true}]}}