{"id":4189,"date":"2019-10-01T15:59:12","date_gmt":"2019-10-01T18:59:12","guid":{"rendered":"http:\/\/www.inf.ufrgs.br\/profcomp\/?page_id=4189"},"modified":"2019-12-13T15:40:05","modified_gmt":"2019-12-13T18:40:05","slug":"cmp606-topicos-especiais-em-computacao-dcvi","status":"publish","type":"page","link":"https:\/\/www.inf.ufrgs.br\/profcomp\/lista-de-disciplinas\/cmp606-topicos-especiais-em-computacao-dcvi\/","title":{"rendered":"CMP606"},"content":{"rendered":"<p><strong>T\u00f3picos Especiais em Computa\u00e7\u00e3o DCVI \u2013 Scientic Methodology and Performance Evaluation for Experimental Computer Scientists<\/strong><\/p>\n<p><strong>Professor respons\u00e1vel:<\/strong> Arnaud Legrand (CNRS, Grenoble, Fran\u00e7a) e Lucas Mello Schnorr<br \/>\n<strong>Carga Hor\u00e1ria<\/strong>: 15 horas<br \/>\n1 cr\u00e9ditos<\/p>\n<p>&nbsp;<\/p>\n<p><strong>S\u00famula <\/strong><\/p>\n<p>Reproducible research; Data presentation; Basic notion of statistics; Linear regression; Design of experiments<\/p>\n<p><strong>\u00a0<\/strong><\/p>\n<p><strong>Objetivo <\/strong><\/p>\n<p>The aim of this course is to provide the fundamental basis for sound scientific methodology of performance evaluation of computer systems. Some of the topics include some maths (in particular probabilities and statistics) but I will adopt a very pragmatic presentation particularly suited to experimental computer scientists and will re-explain any notion that would not be clear. Every lecture will be backed up with practical sessions and worked out examples.<\/p>\n<p><strong>\u00a0<\/strong><\/p>\n<p><strong>Conte\u00fado Program\u00e1tico <\/strong><\/p>\n<ol>\n<li>introduce the audience to reproducible research and explain how to manage a laboratory notebook and report results (using tools like org-mode or knitR) . Such sound practice is necessary to allow other researchers (and even yourself) to build upon your work.<\/li>\n<li>provide an introduction to effective data presentation with R and illustrate with many classical pitfalls.<\/li>\n<li>provide the audience basic notions of statistics (esperance and variance estimation, confidence interval, distribution comparison, \u2026) that are required in every-day life computer science experimentation.<\/li>\n<li>provide slightly more elaborate notions of statistics such as linear regression. The goal is that the audience understands such tool and the underlying assumptions to know when it makes sense or not.<\/li>\n<li>provide an introduction to the design of experiments, a fields of statistics that will help the audience to plan their experiments to obtain much more meaningful results with way less experiments.<\/li>\n<\/ol>\n<p>A much more detailed version is available at the course website:<\/p>\n<ul>\n<li>https:\/\/github.com\/alegrand\/SMPE<\/li>\n<\/ul>\n<p><strong>\u00a0<\/strong><\/p>\n<p><strong>M\u00e9todo de Trabalho <\/strong><\/p>\n<p>Cinco aulas expositivas de 100 minutos cada, totalizando 500 minutos. Os 400 minutos restantes para fechar 900 minutos (15 horas aula) ser\u00e3o realizados em formato educa\u00e7\u00e3o \u00e0 dist\u00e2ncia.<\/p>\n<p><strong>\u00a0<\/strong><\/p>\n<p><strong>Bibliografia <\/strong><\/p>\n<ul>\n<li>Measuring Computer Performance: A Practitioner&#8217;s Guide by David Lijla. Cambridge University Press, 2005<\/li>\n<li>The Art of Computer Systems Performance Analysis by Raj Jain. John Wiley &amp; Sons 1991.<\/li>\n<\/ul>\n<p>&nbsp;<\/p>\n","protected":false},"excerpt":{"rendered":"<p>T\u00f3picos Especiais em Computa\u00e7\u00e3o DCVI \u2013 Scientic Methodology and Performance Evaluation for Experimental Computer Scientists Professor respons\u00e1vel: Arnaud Legrand (CNRS, Grenoble, Fran\u00e7a) e Lucas Mello Schnorr Carga Hor\u00e1ria: 15 horas 1 cr\u00e9ditos &nbsp; S\u00famula Reproducible research; Data presentation; Basic notion of statistics; Linear regression; Design of experiments \u00a0 Objetivo The aim of this course is [&hellip;]<\/p>\n","protected":false},"author":11,"featured_media":0,"parent":462,"menu_order":606,"comment_status":"closed","ping_status":"closed","template":"","meta":[],"_links":{"self":[{"href":"https:\/\/www.inf.ufrgs.br\/profcomp\/wp-json\/wp\/v2\/pages\/4189"}],"collection":[{"href":"https:\/\/www.inf.ufrgs.br\/profcomp\/wp-json\/wp\/v2\/pages"}],"about":[{"href":"https:\/\/www.inf.ufrgs.br\/profcomp\/wp-json\/wp\/v2\/types\/page"}],"author":[{"embeddable":true,"href":"https:\/\/www.inf.ufrgs.br\/profcomp\/wp-json\/wp\/v2\/users\/11"}],"replies":[{"embeddable":true,"href":"https:\/\/www.inf.ufrgs.br\/profcomp\/wp-json\/wp\/v2\/comments?post=4189"}],"version-history":[{"count":3,"href":"https:\/\/www.inf.ufrgs.br\/profcomp\/wp-json\/wp\/v2\/pages\/4189\/revisions"}],"predecessor-version":[{"id":4193,"href":"https:\/\/www.inf.ufrgs.br\/profcomp\/wp-json\/wp\/v2\/pages\/4189\/revisions\/4193"}],"up":[{"embeddable":true,"href":"https:\/\/www.inf.ufrgs.br\/profcomp\/wp-json\/wp\/v2\/pages\/462"}],"wp:attachment":[{"href":"https:\/\/www.inf.ufrgs.br\/profcomp\/wp-json\/wp\/v2\/media?parent=4189"}],"curies":[{"name":"wp","href":"https:\/\/api.w.org\/{rel}","templated":true}]}}