{"id":4293,"date":"2019-12-13T13:43:58","date_gmt":"2019-12-13T16:43:58","guid":{"rendered":"http:\/\/www.inf.ufrgs.br\/profcomp\/?page_id=4293"},"modified":"2019-12-13T15:39:59","modified_gmt":"2019-12-13T18:39:59","slug":"cmp198","status":"publish","type":"page","link":"https:\/\/www.inf.ufrgs.br\/profcomp\/lista-de-disciplinas\/cmp198\/","title":{"rendered":"CMP198"},"content":{"rendered":"<p><strong>Algoritmos para a Bioinform\u00e1tica e Biologia Computacional<\/strong><\/p>\n<p><strong>Disciplina:<\/strong> Algoritmos para a Bioinform\u00e1tica e Biologia Computacional<br \/>\n<strong>Respons\u00e1vel:<\/strong> Prof. Dr. M\u00e1rcio Dorn<br \/>\n<strong>Pr\u00e9-Requisitos:<\/strong> N\u00edvel Intermedi\u00e1rio de Programa\u00e7\u00e3o<br \/>\n<strong>Carga Hor\u00e1ria:<\/strong> 60 hs<br \/>\n<strong>Cr\u00e9ditos:<\/strong> 4<br \/>\n<strong>Semestres Oferecidos:<\/strong> Primeiro semestre<br \/>\n<strong>Matr\u00edcula de Graduandos:<\/strong> A matricula dever\u00e1 ser feita como Aluno Especial<\/p>\n<p><strong>S\u00famula<\/strong><br \/>\nEsta disciplina explora a base te\u00f3rica de algoritmos de aprendizado de m\u00e1quina e de busca<br \/>\nheur\u00edstica aplicados em diferentes dom\u00ednios biol\u00f3gicos. Desenvolvimento e aplica\u00e7\u00e3o de m\u00e9todos<br \/>\ncomputacionais, matem\u00e1ticos e estat\u00edsticos para an\u00e1lise de dados omicos (Gen\u00f4mica e Prote\u00f4mica).<br \/>\nAlgoritmos e estrat\u00e9gias computacionais para problemas de atracamento molecular e predi\u00e7\u00e3o de<br \/>\nestruturas proteicas.<\/p>\n<p><strong>Objetivos<\/strong><br \/>\nEsta disciplina visa proporcionar ao aluno a constru\u00e7\u00e3o de conhecimentos e habilidades acerca do<br \/>\ndesenvolvimento e aplica\u00e7\u00e3o de m\u00e9todos e estrat\u00e9gias computacionais para problemas no campo da<br \/>\nBioinform\u00e1tica.<\/p>\n<p><strong>Programa<\/strong><br \/>\n&#8211;\u00a0 No\u00e7\u00f5es b\u00e1sicas de biologia molecular e Bioinform\u00e1tica<br \/>\n&#8211;\u00a0 Algoritmos e estrat\u00e9gias computacionais para an\u00e1lise de dados omicos<br \/>\n&#8211;\u00a0 Conceitos de aprendizagem de m\u00e1quina e suas aplica\u00e7\u00f5es \u00e0 Bioinform\u00e1tica<br \/>\n&#8211;\u00a0 Sele\u00e7\u00e3o de atributos e redu\u00e7\u00e3o de dimensionalidade em dados biol\u00f3gicos<br \/>\n&#8211;\u00a0 Aprendizagem supervisionado e suas aplica\u00e7\u00f5es na Bioinform\u00e1tica<br \/>\n&#8211;\u00a0 Aprendizagem n\u00e3o supervisionada e suas aplica\u00e7\u00f5es na Bioinform\u00e1tica<br \/>\n&#8211;\u00a0 Algoritmos de busca heur\u00edstica em Bioinform\u00e1tica<br \/>\n&#8211;\u00a0 Manipula\u00e7\u00e3o da estrutura tridimensional de biomol\u00e9culas<br \/>\n&#8211;\u00a0 Algoritmos\u00a0 para\u00a0 atracamento\u00a0 molecular\u00a0 e\u00a0 predi\u00e7\u00e3o\u00a0 da\u00a0 estrutura\u00a0 tridimensional\u00a0 de<br \/>\nbiomol\u00e9culas<\/p>\n<p><strong>Procedimentos e\/ou crit\u00e9rios de avalia\u00e7\u00e3o:<\/strong><br \/>\nA avalia\u00e7\u00e3o da disciplina ser\u00e1 baseada na realiza\u00e7\u00e3o e apresenta\u00e7\u00e3o de trabalhos, podendo ser<br \/>\nsuplantada pela discuss\u00e3o de artigos selecionados. A nota final ser a dada pela media das notas<br \/>\nobtidas em cada uma das atividades realizadas.<\/p>\n<p><strong>Conceitos ser\u00e3o gerados conforme as regras de convers\u00e3o que seguem:<\/strong><\/p>\n<p>Aproveitamento de 90% a 100% \u2013 Conceito A<br \/>\nAproveitamento de 75% a 89% \u2013 Conceito B<br \/>\nAproveitamento de 60% a 74% \u2013 Conceito C<br \/>\nAproveitamento inferior a 60% \u2013 Conceito D<br \/>\nFreq\u00fc\u00eancia insuficiente \u00e0 disciplina (menor que 75%) \u2013 Conceito FF<\/p>\n<p>&nbsp;<\/p>\n<p><strong>BIBLIOGRAFIA<\/strong><\/p>\n<p>B\u00e1sica Essencial<br \/>\nPhilip E. Bourne; Helge Weissig. Structural Bioinformatics. Wiley-Liss.<br \/>\nHugo Verli. Bioinform\u00e1tica: da Biologia \u00e0 Flexibilidade Moleculares. Sociedade Brasileira<br \/>\nde Bioqu\u00edmica. 2018. Ebook: https:\/\/www.ufrgs.br\/bioinfo\/ebook\/<\/p>\n<p>Pierre Baldi and Soren Brunak. Bioinformatics: The Machine Learning Approach. MIT Press; 2nd ed,<br \/>\n2001.<\/p>\n<p>Sean Luke, 2013, Essentials of Metaheuristics, Lulu, second edition, available for free at<br \/>\nhttp:\/\/cs.gmu.edu\/~sean\/book\/metaheuristics\/<\/p>\n<p>David L. Nelson; Michael M. Cox. Princ\u00edpios de Bioqu\u00edmica. Artmed<br \/>\nArtigos de revistas t\u00e9cnicas e anais de confer\u00eancias na \u00e1rea, teses e disserta\u00e7\u00f5es.<\/p>\n","protected":false},"excerpt":{"rendered":"<p>Algoritmos para a Bioinform\u00e1tica e Biologia Computacional Disciplina: Algoritmos para a Bioinform\u00e1tica e Biologia Computacional Respons\u00e1vel: Prof. Dr. M\u00e1rcio Dorn Pr\u00e9-Requisitos: N\u00edvel Intermedi\u00e1rio de Programa\u00e7\u00e3o Carga Hor\u00e1ria: 60 hs Cr\u00e9ditos: 4 Semestres Oferecidos: Primeiro semestre Matr\u00edcula de Graduandos: A matricula dever\u00e1 ser feita como Aluno Especial S\u00famula Esta disciplina explora a base te\u00f3rica de algoritmos [&hellip;]<\/p>\n","protected":false},"author":11,"featured_media":0,"parent":462,"menu_order":198,"comment_status":"closed","ping_status":"closed","template":"","meta":[],"_links":{"self":[{"href":"https:\/\/www.inf.ufrgs.br\/profcomp\/wp-json\/wp\/v2\/pages\/4293"}],"collection":[{"href":"https:\/\/www.inf.ufrgs.br\/profcomp\/wp-json\/wp\/v2\/pages"}],"about":[{"href":"https:\/\/www.inf.ufrgs.br\/profcomp\/wp-json\/wp\/v2\/types\/page"}],"author":[{"embeddable":true,"href":"https:\/\/www.inf.ufrgs.br\/profcomp\/wp-json\/wp\/v2\/users\/11"}],"replies":[{"embeddable":true,"href":"https:\/\/www.inf.ufrgs.br\/profcomp\/wp-json\/wp\/v2\/comments?post=4293"}],"version-history":[{"count":3,"href":"https:\/\/www.inf.ufrgs.br\/profcomp\/wp-json\/wp\/v2\/pages\/4293\/revisions"}],"predecessor-version":[{"id":4296,"href":"https:\/\/www.inf.ufrgs.br\/profcomp\/wp-json\/wp\/v2\/pages\/4293\/revisions\/4296"}],"up":[{"embeddable":true,"href":"https:\/\/www.inf.ufrgs.br\/profcomp\/wp-json\/wp\/v2\/pages\/462"}],"wp:attachment":[{"href":"https:\/\/www.inf.ufrgs.br\/profcomp\/wp-json\/wp\/v2\/media?parent=4293"}],"curies":[{"name":"wp","href":"https:\/\/api.w.org\/{rel}","templated":true}]}}