{"id":4303,"date":"2019-12-13T14:21:42","date_gmt":"2019-12-13T17:21:42","guid":{"rendered":"http:\/\/www.inf.ufrgs.br\/profcomp\/?page_id=4303"},"modified":"2019-12-13T14:21:42","modified_gmt":"2019-12-13T17:21:42","slug":"cmp195","status":"publish","type":"page","link":"https:\/\/www.inf.ufrgs.br\/profcomp\/lista-de-disciplinas\/cmp195\/","title":{"rendered":"CMP195"},"content":{"rendered":"<p>Disciplina: Planejamento em Intelig\u00eancia Artificial.<br \/>\nRespons\u00e1vel: Andr\u00e9 Grahl Pereira<br \/>\nPr\u00e9-Requisitos: \u2013<br \/>\nCarga Hor\u00e1ria: 60 horas<br \/>\nCr\u00e9ditos: 4<br \/>\nSemestres Oferecidos: Primeiro e Segundo Semestre<br \/>\nMatr\u00edcula de Graduandos: A matricula poder\u00e1 ser feita ou como Aluno Especial ou pela disciplina de c\u00f3digo: T\u00d3PICOS ESPECIAIS EM COMPUTA\u00c7\u00c3O XXVIII &#8211; INF05023<br \/>\nP\u00e1gina da Disciplina: \u2013<\/p>\n<p>S\u00daMULA<br \/>\nFundamentos da \u00e1rea de planejamento em intelig\u00eancia artificial com foco em busca heur\u00edstica e planejamento cl\u00e1ssico.<\/p>\n<p>OBJETIVOS<br \/>\nA disciplina apresenta os fundamentos te\u00f3ricos e algor\u00edtmicos das \u00e1reas de busca heur\u00edstica e planejamento cl\u00e1ssico, bem como sua implementa\u00e7\u00e3o pr\u00e1tica. Ela apresenta os conceitos fundamentais dos algoritmos modernos de planejamento em intelig\u00eancia artificial, e as rela\u00e7\u00f5es te\u00f3ricas que os conectam.<br \/>\nAl\u00e9m das apresenta\u00e7\u00f5es te\u00f3ricas, o car\u00e1ter pr\u00e1tico das t\u00e9cnicas estudadas \u00e9 compreendido por meio de implementa\u00e7\u00e3o, avalia\u00e7\u00e3o e aplica\u00e7\u00e3o das t\u00e9cnicas estudadas.<br \/>\nAo final desta disciplina, os alunos estar\u00e3o preparados para conduzir projetos de pesquisa nessa \u00e1rea, assim como a utilizar essas tecnologias em diversas aplica\u00e7\u00f5es.<\/p>\n<p>PROGRAMA<br \/>\nIntrodu\u00e7\u00e3o:<br \/>\n&#8211; Apresenta\u00e7\u00e3o da disciplina, aplica\u00e7\u00f5es e casos de sucesso.<br \/>\nBusca Heur\u00edstica:<br \/>\n&#8211; Algoritmos de busca heur\u00edstica.<br \/>\n&#8211; Propriedades e an\u00e1lise de algoritmos de busca heur\u00edstica.<br \/>\n&#8211; Fun\u00e7\u00f5es heur\u00edsticas e an\u00e1lise de fun\u00e7\u00f5es heur\u00edsticas.<br \/>\nPlanejamento Cl\u00e1ssico:<br \/>\n&#8211; Sistema de transi\u00e7\u00e3o, formalismos e planejamento como busca.<br \/>\n&#8211; Fun\u00e7\u00f5es heur\u00edsticas baseadas em delete relaxation.<br \/>\n&#8211; Fun\u00e7\u00f5es heur\u00edsticas baseadas em abstra\u00e7\u00e3o.<br \/>\n&#8211; Fun\u00e7\u00f5es heur\u00edsticas baseadas em landmarks.<br \/>\n&#8211; Fun\u00e7\u00f5es heur\u00edsticas baseadas em programa\u00e7\u00e3o linear e inteira.<br \/>\nTeoria:<br \/>\n&#8211; Compara\u00e7\u00e3o de fam\u00edlias de fun\u00e7\u00f5es heur\u00edsticas.<br \/>\n&#8211; Complexidade computacional.<\/p>\n<p>CRIT\u00c9RIOS DE AVALIA\u00c7\u00c3O<br \/>\nPara ser aprovado, o aluno necessita obter m\u00e9dia final igual ou superior a 6.0, e frequ\u00eancia igual ou superior a 75%. A avalia\u00e7\u00e3o \u00e9 feita atrav\u00e9s de uma prova e de atividades aut\u00f4nomas, respeitando os seguintes pesos: prova, com valor 30% da nota final; atividades aut\u00f4nomas realizadas ao longo da disciplina, com valor de 70% da nota final.<\/p>\n<p>A correspond\u00eancia entre notas e conceitos, onde NOTA \u00e9 a nota obtida somando-se os pontos obtidos nas avalia\u00e7\u00f5es, \u00e9 a seguinte:<br \/>\n&#8211; Frequ\u00eancia final &lt;75%: conceito final FF (reprova\u00e7\u00e3o por falta de frequ\u00eancia).<br \/>\n&#8211; NOTA &lt; 6.0: Conceito final D (insuficiente).<br \/>\n&#8211; NOTA no intervalo [6.0; 7.5): Conceito final C.<br \/>\n&#8211; NOTA no intervalo [7.5; 9.0): Conceito final B.<br \/>\n&#8211; NOTA no intervalo [9.0; 10.0]: Conceito final A.<br \/>\nO aluno com nota final menor do que 6.0 e frequ\u00eancia final maior ou igual 75% poder\u00e1 realizar atividades de recupera\u00e7\u00e3o para a prova e para as atividades aut\u00f4nomas.<\/p>\n<p>BIBLIOGRAFIA<br \/>\nEdelkamp, Stefan e Schroedl, Stefan. Heuristic Search: Theory and Applications, (2011).<br \/>\nRussell, Stuart e Norvig, Peter. Artificial Intelligence: a Modern Approach, (2010).<br \/>\nArtigos Cient\u00edficos.<\/p>\n","protected":false},"excerpt":{"rendered":"<p>Disciplina: Planejamento em Intelig\u00eancia Artificial. Respons\u00e1vel: Andr\u00e9 Grahl Pereira Pr\u00e9-Requisitos: \u2013 Carga Hor\u00e1ria: 60 horas Cr\u00e9ditos: 4 Semestres Oferecidos: Primeiro e Segundo Semestre Matr\u00edcula de Graduandos: A matricula poder\u00e1 ser feita ou como Aluno Especial ou pela disciplina de c\u00f3digo: T\u00d3PICOS ESPECIAIS EM COMPUTA\u00c7\u00c3O XXVIII &#8211; INF05023 P\u00e1gina da Disciplina: \u2013 S\u00daMULA Fundamentos da \u00e1rea [&hellip;]<\/p>\n","protected":false},"author":11,"featured_media":0,"parent":462,"menu_order":195,"comment_status":"closed","ping_status":"closed","template":"","meta":[],"_links":{"self":[{"href":"https:\/\/www.inf.ufrgs.br\/profcomp\/wp-json\/wp\/v2\/pages\/4303"}],"collection":[{"href":"https:\/\/www.inf.ufrgs.br\/profcomp\/wp-json\/wp\/v2\/pages"}],"about":[{"href":"https:\/\/www.inf.ufrgs.br\/profcomp\/wp-json\/wp\/v2\/types\/page"}],"author":[{"embeddable":true,"href":"https:\/\/www.inf.ufrgs.br\/profcomp\/wp-json\/wp\/v2\/users\/11"}],"replies":[{"embeddable":true,"href":"https:\/\/www.inf.ufrgs.br\/profcomp\/wp-json\/wp\/v2\/comments?post=4303"}],"version-history":[{"count":1,"href":"https:\/\/www.inf.ufrgs.br\/profcomp\/wp-json\/wp\/v2\/pages\/4303\/revisions"}],"predecessor-version":[{"id":4304,"href":"https:\/\/www.inf.ufrgs.br\/profcomp\/wp-json\/wp\/v2\/pages\/4303\/revisions\/4304"}],"up":[{"embeddable":true,"href":"https:\/\/www.inf.ufrgs.br\/profcomp\/wp-json\/wp\/v2\/pages\/462"}],"wp:attachment":[{"href":"https:\/\/www.inf.ufrgs.br\/profcomp\/wp-json\/wp\/v2\/media?parent=4303"}],"curies":[{"name":"wp","href":"https:\/\/api.w.org\/{rel}","templated":true}]}}