{"id":460,"date":"2015-12-28T07:41:37","date_gmt":"2015-12-28T09:41:37","guid":{"rendered":"http:\/\/www.inf.ufrgs.br\/profcomp_wp\/?page_id=460"},"modified":"2025-10-20T16:23:14","modified_gmt":"2025-10-20T19:23:14","slug":"linhas-de-pesquisa","status":"publish","type":"page","link":"https:\/\/www.inf.ufrgs.br\/profcomp\/pesquisa\/linhas-de-pesquisa\/","title":{"rendered":"Linhas de Pesquisa"},"content":{"rendered":"<p><strong>Cultura Digital<\/strong><\/p>\n<p>Envolve aprendizagens voltadas \u00e0 participa\u00e7\u00e3o consciente e democr\u00e1tica por meio das tecnologias digitais, o que pressup\u00f5e compreens\u00e3o dos impactos da revolu\u00e7\u00e3o digital e seus avan\u00e7os na sociedade contempor\u00e2nea; bem como a constru\u00e7\u00e3o de atitude cr\u00edtica, \u00e9tica e respons\u00e1vel em rela\u00e7\u00e3o \u00e0 multiplicidade de ofertas midi\u00e1ticas e digitais, e os diferentes usos das tecnologias e dos conte\u00fados veiculados; assim como flu\u00eancia no uso da tecnologia digital para proposi\u00e7\u00e3o de solu\u00e7\u00f5es e manifesta\u00e7\u00f5es culturais contextualizadas e cr\u00edticas.<\/p>\n<p><strong>Mundo Digital<\/strong><\/p>\n<p>Envolve aprendizagens sobre artefatos digitais, compreendendo tanto elementos f\u00edsicos (computadores, celulares, tabletes) e virtuais (internet, redes sociais e nuvens de dados). Compreender o mundo contempor\u00e2neo requer conhecimento sobre o poder da informa\u00e7\u00e3o e a import\u00e2ncia de armazen\u00e1-la e proteg\u00ea-la, entendendo os c\u00f3digos utilizados para a sua representa\u00e7\u00e3o em diferentes tipologias informacionais, bem como as formas de processamento, transmiss\u00e3o e distribui\u00e7\u00e3o segura e confi\u00e1vel.<\/p>\n<p><strong>Pensamento Computacional<\/strong><\/p>\n<p>Engloba o desenvolvimento de habilidades de compreender, analisar definir, modelar, resolver, comparar e automatizar problemas e suas solu\u00e7\u00f5es de forma met\u00f3dica e sistem\u00e1tica, atrav\u00e9s do desenvolvimento da capacidade de criar e adaptar algoritmos, aplicando fundamentos da computa\u00e7\u00e3o para alavancar e aprimorar a aprendizagem e o pensamento criativo e cr\u00edtico nas diversas \u00e1reas do conhecimento.<\/p>\n<p>&nbsp;<\/p>\n","protected":false},"excerpt":{"rendered":"<p>Cultura Digital Envolve aprendizagens voltadas \u00e0 participa\u00e7\u00e3o consciente e democr\u00e1tica por meio das tecnologias digitais, o que pressup\u00f5e compreens\u00e3o dos impactos da revolu\u00e7\u00e3o digital e seus avan\u00e7os na sociedade contempor\u00e2nea; bem como a constru\u00e7\u00e3o de atitude cr\u00edtica, \u00e9tica e respons\u00e1vel em rela\u00e7\u00e3o \u00e0 multiplicidade de ofertas midi\u00e1ticas e digitais, e os diferentes usos das tecnologias [&hellip;]<\/p>\n","protected":false},"author":1,"featured_media":0,"parent":384,"menu_order":0,"comment_status":"closed","ping_status":"closed","template":"","meta":[],"_links":{"self":[{"href":"https:\/\/www.inf.ufrgs.br\/profcomp\/wp-json\/wp\/v2\/pages\/460"}],"collection":[{"href":"https:\/\/www.inf.ufrgs.br\/profcomp\/wp-json\/wp\/v2\/pages"}],"about":[{"href":"https:\/\/www.inf.ufrgs.br\/profcomp\/wp-json\/wp\/v2\/types\/page"}],"author":[{"embeddable":true,"href":"https:\/\/www.inf.ufrgs.br\/profcomp\/wp-json\/wp\/v2\/users\/1"}],"replies":[{"embeddable":true,"href":"https:\/\/www.inf.ufrgs.br\/profcomp\/wp-json\/wp\/v2\/comments?post=460"}],"version-history":[{"count":64,"href":"https:\/\/www.inf.ufrgs.br\/profcomp\/wp-json\/wp\/v2\/pages\/460\/revisions"}],"predecessor-version":[{"id":7574,"href":"https:\/\/www.inf.ufrgs.br\/profcomp\/wp-json\/wp\/v2\/pages\/460\/revisions\/7574"}],"up":[{"embeddable":true,"href":"https:\/\/www.inf.ufrgs.br\/profcomp\/wp-json\/wp\/v2\/pages\/384"}],"wp:attachment":[{"href":"https:\/\/www.inf.ufrgs.br\/profcomp\/wp-json\/wp\/v2\/media?parent=460"}],"curies":[{"name":"wp","href":"https:\/\/api.w.org\/{rel}","templated":true}]}}