{"id":47,"date":"2015-12-18T12:55:47","date_gmt":"2015-12-18T14:55:47","guid":{"rendered":"http:\/\/www.inf.ufrgs.br\/profcomp_wp\/?page_id=47"},"modified":"2026-01-27T10:55:24","modified_gmt":"2026-01-27T13:55:24","slug":"institucional","status":"publish","type":"page","link":"https:\/\/www.inf.ufrgs.br\/profcomp\/institucional\/","title":{"rendered":"Institucional"},"content":{"rendered":"<p>O ProfComp se insere no contexto da Portaria Normativa n\u00ba7\/2009 de 22 de junho de 2009 da Funda\u00e7\u00e3o Coordena\u00e7\u00e3o de Aperfei\u00e7oamento de Pessoal de N\u00edvel Superior (CAPES) que disp\u00f5e sobre os programas de Mestrado Profissional para Qualifica\u00e7\u00e3o de Professores da Rede P\u00fablica da Educa\u00e7\u00e3o B\u00e1sica (PROEB), objetivando a forma\u00e7\u00e3o continuada stricto sensu de docentes em exerc\u00edcio na rede p\u00fablica de educa\u00e7\u00e3o b\u00e1sica.<\/p>\n<p>Mestrado Profissional em Ensino de Computa\u00e7\u00e3o &#8211; PROFCOMP em rede nacional envolve 16 institui\u00e7\u00f5es associadas (IAs), de 15 estados diferentes (AM, BA, GO, MA, MG, MS, MT, PA, PE, PR, RJ, RN, RS, SE, SP), sendo elas: UEA, UFMA, UFPA, UFRN, UFJF, UFBA, UFRGS, UFRJ, UFRPE, IFS, UFMS, USP-SC, UENP, UNIFESSPA, UFR, UFJ, SBC.<\/p>\n<ul>\n<li>N\u00famero de vagas: 320 (20 por IA)<\/li>\n<li>N\u00famero de docentes: 205<\/li>\n<li>Dura\u00e7\u00e3o: 4 semestres<\/li>\n<\/ul>\n<p>Conhe\u00e7a mais sobre o programa e suas institui\u00e7\u00f5es associadas acessando o site WEB <a href=\"https:\/\/www.sbc.org.br\/profcomp-sbc\" target=\"_blank\" rel=\"noopener\">https:\/\/www.sbc.org.br\/profcomp-sbc<\/a> e o perfil no Instagram <a href=\"https:\/\/bit.ly\/4720Fsq\" target=\"_blank\" rel=\"noopener noreferrer\">https:\/\/bit.ly\/4720Fsq<\/a><\/p>\n","protected":false},"excerpt":{"rendered":"<p>O ProfComp se insere no contexto da Portaria Normativa n\u00ba7\/2009 de 22 de junho de 2009 da Funda\u00e7\u00e3o Coordena\u00e7\u00e3o de Aperfei\u00e7oamento de Pessoal de N\u00edvel Superior (CAPES) que disp\u00f5e sobre os programas de Mestrado Profissional para Qualifica\u00e7\u00e3o de Professores da Rede P\u00fablica da Educa\u00e7\u00e3o B\u00e1sica (PROEB), objetivando a forma\u00e7\u00e3o continuada stricto sensu de docentes em [&hellip;]<\/p>\n","protected":false},"author":1,"featured_media":0,"parent":0,"menu_order":0,"comment_status":"closed","ping_status":"closed","template":"","meta":[],"_links":{"self":[{"href":"https:\/\/www.inf.ufrgs.br\/profcomp\/wp-json\/wp\/v2\/pages\/47"}],"collection":[{"href":"https:\/\/www.inf.ufrgs.br\/profcomp\/wp-json\/wp\/v2\/pages"}],"about":[{"href":"https:\/\/www.inf.ufrgs.br\/profcomp\/wp-json\/wp\/v2\/types\/page"}],"author":[{"embeddable":true,"href":"https:\/\/www.inf.ufrgs.br\/profcomp\/wp-json\/wp\/v2\/users\/1"}],"replies":[{"embeddable":true,"href":"https:\/\/www.inf.ufrgs.br\/profcomp\/wp-json\/wp\/v2\/comments?post=47"}],"version-history":[{"count":6,"href":"https:\/\/www.inf.ufrgs.br\/profcomp\/wp-json\/wp\/v2\/pages\/47\/revisions"}],"predecessor-version":[{"id":7605,"href":"https:\/\/www.inf.ufrgs.br\/profcomp\/wp-json\/wp\/v2\/pages\/47\/revisions\/7605"}],"wp:attachment":[{"href":"https:\/\/www.inf.ufrgs.br\/profcomp\/wp-json\/wp\/v2\/media?parent=47"}],"curies":[{"name":"wp","href":"https:\/\/api.w.org\/{rel}","templated":true}]}}