{"id":471,"date":"2015-12-28T08:25:23","date_gmt":"2015-12-28T10:25:23","guid":{"rendered":"http:\/\/www.inf.ufrgs.br\/profcomp_wp\/?page_id=471"},"modified":"2025-04-30T22:44:35","modified_gmt":"2025-05-01T01:44:35","slug":"inscricoes","status":"publish","type":"page","link":"https:\/\/www.inf.ufrgs.br\/profcomp\/mestrado\/inscricoes\/","title":{"rendered":"Apresenta\u00e7\u00e3o"},"content":{"rendered":"<h3>Bolsas de Mestrado<\/h3>\n<p>O curso de Mestrado em Ci\u00eancia da Computa\u00e7\u00e3o do PPGC\/UFRGS \u00e9 oferecido de forma p\u00fablica e gratuita, sem a necessidade de pagamento de taxas de matr\u00edcula, renova\u00e7\u00e3o de matr\u00edcula ou de mensalidades durante o per\u00edodo do curso.<\/p>\n<p>O programa oferece bolsas de estudo de ag\u00eancias p\u00fablicas de fomento, a t\u00edtulo de aux\u00edlio financeiro, para prosseguir com os estudos durante o curso de Mestrado. A disponibilidade de bolsas oferecidas pelo programa depende do quantitativo de bolsas a receber das ag\u00eancias p\u00fablicas de fomento, e a concorr\u00eancia a bolsas \u00e9 feita via processo seletivo interno. Verifique no menu ao lado o edital corrente do processo seletivo de bolsas.<\/p>\n<p>O PPGC\/UFRGS conta ainda com bolsas de estudo vinculadas a projetos dos docentes do programa. Estas bolsas s\u00e3o gerenciadas pelos pr\u00f3prios docentes.<\/p>\n<h3><strong>Processo de Sele\u00e7\u00e3o do Mestrado<\/strong><\/h3>\n<p>O processo de sele\u00e7\u00e3o para Mestrado no PPGC ser\u00e1 efetuado considerando tanto a capacidade de orienta\u00e7\u00e3o em cada linha de pesquisa do Curso, como o interesse dos candidatos. Verifique no menu ao lado o edital corrente do processo seletivo para o mestrado acad\u00eamico.<\/p>\n<p>Note que um curso de p\u00f3s-gradua\u00e7\u00e3o \u00e9 baseado, principalmente, nas atividades de pesquisa desenvolvidas pelos orientadores e alunos. \u00c9, portanto, muito importante uma boa escolha da \u00e1rea de pesquisa em que o candidato deseja trabalhar. Para auxiliar neste processo de escolha, na p\u00e1gina do Programa encontra-se a rela\u00e7\u00e3o das linhas de pesquisa do Curso, com uma breve descri\u00e7\u00e3o de cada uma, assim como uma lista com os nomes dos Professores Orientadores do PPGC e uma rela\u00e7\u00e3o de seus temas de interesse.<\/p>\n<p>Com estas informa\u00e7\u00f5es, cada candidato deve selecionar uma ou mais linhas de pesquisa, em ordem de prefer\u00eancia. Adicionalmente, o candidato pode indicar ainda uma lista ordenada dos orientadores de sua prefer\u00eancia, baseada na(s) \u00e1rea(s) de pesquisa pretendidas e em um eventual conhecimento pr\u00e9vio dos orientadores e de seu trabalho.<\/p>\n<p>Portanto, a escolha criteriosa da(s) linha(s) de pesquisa pretendida(s) e dos professores orientadores preferenciais \u00e9 essencial ao bom desenvolvimento do processo de sele\u00e7\u00e3o. Os orientadores do PPGC est\u00e3o \u00e0 disposi\u00e7\u00e3o dos candidatos, quer pessoalmente quer por meio do correio eletr\u00f4nico, para maiores esclarecimentos sobre suas atividades de pesquisa.<\/p>\n","protected":false},"excerpt":{"rendered":"<p>Bolsas de Mestrado O curso de Mestrado em Ci\u00eancia da Computa\u00e7\u00e3o do PPGC\/UFRGS \u00e9 oferecido de forma p\u00fablica e gratuita, sem a necessidade de pagamento de taxas de matr\u00edcula, renova\u00e7\u00e3o de matr\u00edcula ou de mensalidades durante o per\u00edodo do curso. O programa oferece bolsas de estudo de ag\u00eancias p\u00fablicas de fomento, a t\u00edtulo de aux\u00edlio [&hellip;]<\/p>\n","protected":false},"author":1,"featured_media":0,"parent":387,"menu_order":0,"comment_status":"closed","ping_status":"closed","template":"","meta":[],"_links":{"self":[{"href":"https:\/\/www.inf.ufrgs.br\/profcomp\/wp-json\/wp\/v2\/pages\/471"}],"collection":[{"href":"https:\/\/www.inf.ufrgs.br\/profcomp\/wp-json\/wp\/v2\/pages"}],"about":[{"href":"https:\/\/www.inf.ufrgs.br\/profcomp\/wp-json\/wp\/v2\/types\/page"}],"author":[{"embeddable":true,"href":"https:\/\/www.inf.ufrgs.br\/profcomp\/wp-json\/wp\/v2\/users\/1"}],"replies":[{"embeddable":true,"href":"https:\/\/www.inf.ufrgs.br\/profcomp\/wp-json\/wp\/v2\/comments?post=471"}],"version-history":[{"count":52,"href":"https:\/\/www.inf.ufrgs.br\/profcomp\/wp-json\/wp\/v2\/pages\/471\/revisions"}],"predecessor-version":[{"id":7143,"href":"https:\/\/www.inf.ufrgs.br\/profcomp\/wp-json\/wp\/v2\/pages\/471\/revisions\/7143"}],"up":[{"embeddable":true,"href":"https:\/\/www.inf.ufrgs.br\/profcomp\/wp-json\/wp\/v2\/pages\/387"}],"wp:attachment":[{"href":"https:\/\/www.inf.ufrgs.br\/profcomp\/wp-json\/wp\/v2\/media?parent=471"}],"curies":[{"name":"wp","href":"https:\/\/api.w.org\/{rel}","templated":true}]}}