{"id":488,"date":"2015-12-28T09:28:05","date_gmt":"2015-12-28T11:28:05","guid":{"rendered":"http:\/\/www.inf.ufrgs.br\/profcomp_wp\/?page_id=488"},"modified":"2025-08-22T09:12:57","modified_gmt":"2025-08-22T12:12:57","slug":"formularios","status":"publish","type":"page","link":"https:\/\/www.inf.ufrgs.br\/profcomp\/mestrado\/formularios\/","title":{"rendered":"Formul\u00e1rios"},"content":{"rendered":"<div>\n<ul>\n<li>Form. Autoriza\u00e7\u00e3o para disponibilidade no LUME <a href=\"https:\/\/www.inf.ufrgs.br\/profcomp\/wp-content\/uploads\/2024\/07\/FormularioTD-2022.pdf\"><span style=\"color: #9a0000;\">[pdf]<\/span><\/a><\/li>\n<li>Form. Cadastro Prof. Pesquisador Visitante <span style=\"color: #9a0000;\"><a style=\"color: #9a0000;\" href=\"http:\/\/inf.ufrgs.br\/profcomp\/wp-content\/formularios\/CadastProfPesqVisitante.pdf\">[pdf]<\/a> <a style=\"color: #9a0000;\" href=\"http:\/\/inf.ufrgs.br\/profcomp\/wp-content\/formularios\/CadastProfPesqVisitante.doc\">[doc]<\/a><\/span><\/li>\n<li>Form. Cancelamento de Disciplina <a href=\"http:\/\/www.inf.ufrgs.br\/profcomp\/wp-content\/uploads\/2025\/08\/NOVO-Form_Cancelamento_Disciplina-1.doc\">[doc]<\/a><\/li>\n<li>Form. Conceito de Atividade Did\u00e1tica <span style=\"color: #9a0000;\"><a style=\"color: #9a0000;\" href=\"http:\/\/inf.ufrgs.br\/profcomp\/wp-content\/formularios\/FormConceitoAtivDidatica.pdf\">[pdf]<\/a> <a style=\"color: #9a0000;\" href=\"http:\/\/inf.ufrgs.br\/profcomp\/wp-content\/formularios\/FormConceitoAtivDidatica.doc\">[doc]<\/a><\/span><\/li>\n<li>Form. Credenciamento e recredenciamento (atualizado em 19-07-2024) <span style=\"color: #9a0000;\"><a href=\"http:\/\/www.inf.ufrgs.br\/profcomp\/wp-content\/uploads\/2024\/07\/ANEXO-A-FORMULARIO-PARA-CREDENCIAMENTO-20240719.pdf\">[pdf]<\/a> <a href=\"http:\/\/www.inf.ufrgs.br\/profcomp\/wp-content\/uploads\/2024\/07\/ANEXO-A-FORMULARIO-PARA-CREDENCIAMENTO-20240719.docx\">[doc]<\/a><\/span><\/li>\n<li>Form. Folha de Conceito &#8211; Resultado Final &#8211; Trabalho Individual <span style=\"color: #9a0000;\"><a style=\"color: #9a0000;\" href=\"http:\/\/inf.ufrgs.br\/profcomp\/wp-content\/formularios\/form_conceito_de_trabalho_individual.pdf\">[pdf]<\/a> <a style=\"color: #9a0000;\" href=\"http:\/\/inf.ufrgs.br\/profcomp\/wp-content\/formularios\/form_conceito_de_trabalho_individual.doc\">[doc]<\/a><\/span><\/li>\n<li>Form. Instru\u00e7\u00f5es Avalia\u00e7\u00e3o a Membros de Bancas <span style=\"color: #9a0000;\"><a style=\"color: #9a0000;\" href=\"http:\/\/inf.ufrgs.br\/profcomp\/wp-content\/formularios\/InstrucoesBanca.pdf\">[pdf]<\/a> <a style=\"color: #9a0000;\" href=\"http:\/\/inf.ufrgs.br\/profcomp\/wp-content\/formularios\/InstrucoesBanca.doc\">[doc]<\/a><\/span><\/li>\n<li>Form. Matr\u00edcula &#8211; Aluno Regular <span style=\"color: #9a0000;\"><a style=\"color: #9a0000;\" href=\"http:\/\/inf.ufrgs.br\/profcomp\/wp-content\/formularios\/FormMatricAlunoRegular.pdf\">[pdf]<\/a> <a style=\"color: #9a0000;\" href=\"http:\/\/inf.ufrgs.br\/profcomp\/wp-content\/formularios\/FormMatricAlunoRegular.doc\">[doc]<\/a><\/span><\/li>\n<li>Form. Parecer sobre Disserta\u00e7\u00e3o de Mestrado <span style=\"color: #9a0000;\"><a style=\"color: #9a0000;\" href=\"http:\/\/inf.ufrgs.br\/profcomp\/wp-content\/formularios\/mestrado\/Form_Parecer_sobre_Dissert_Mest.pdf\">[pdf]<\/a> <a style=\"color: #9a0000;\" href=\"http:\/\/inf.ufrgs.br\/profcomp\/wp-content\/formularios\/mestrado\/Form_Parecer_sobre_Dissert_Mest.doc\">[doc]<\/a><\/span><\/li>\n<li>Form. Plano de Curso de Mestrado <span style=\"color: #9a0000;\"><a style=\"color: #9a0000;\" href=\"http:\/\/inf.ufrgs.br\/profcomp\/wp-content\/formularios\/mestrado\/Form_Plano_de_Curso_Mest.pdf\">[pdf]<\/a> <a style=\"color: #9a0000;\" href=\"http:\/\/inf.ufrgs.br\/profcomp\/wp-content\/formularios\/mestrado\/Form_Plano_de_Curso_Mest.doc\">[doc]<\/a><\/span><\/li>\n<li>Form. Registro no Sistema de Bibliotecas da UFRGS <span style=\"color: #9a0000;\"><a style=\"color: #9a0000;\" href=\"http:\/\/inf.ufrgs.br\/profcomp\/wp-content\/formularios\/RegistroSistemaBibliotecas.pdf\">[<\/a><a style=\"color: #9a0000;\" href=\"http:\/\/www.inf.ufrgs.br\/profcomp\/wp-content\/uploads\/2023\/03\/FormularioTD-2022.pdf\">pdf]<\/a><\/span><\/li>\n<li>Form. Relato de Plano de Estudo e Pesquisa\u00a0<span style=\"color: #9a0000;\"><a style=\"color: #9a0000;\" href=\"http:\/\/inf.ufrgs.br\/profcomp\/wp-content\/formularios\/doutorado\/RELATO-PEP-Formulario.pdf\">[pdf]<\/a> <a style=\"color: #9a0000;\" href=\"http:\/\/inf.ufrgs.br\/profcomp\/wp-content\/formularios\/doutorado\/RELATO-PEP-Formulario.doc\">[doc]<\/a><\/span><\/li>\n<li>Form. Relat\u00f3rio de Viagem <span style=\"color: #9a0000;\"><a style=\"color: #9a0000;\" href=\"http:\/\/inf.ufrgs.br\/profcomp\/wp-content\/formularios\/Form.RelatorioViagem.pdf\">[pdf]<\/a> <a style=\"color: #9a0000;\" href=\"http:\/\/inf.ufrgs.br\/profcomp\/wp-content\/formularios\/Form.RelatorioViagem.doc\">[doc]<\/a><\/span><\/li>\n<li>Form. Requisi\u00e7\u00e3o Passagem Hotel e Di\u00e1ria ($) <span style=\"color: #9a0000;\"><a style=\"color: #9a0000;\" href=\"http:\/\/inf.ufrgs.br\/profcomp\/wp-content\/formularios\/form_diaria_e%20passagem.pdf\">[pdf]<\/a> <a style=\"color: #9a0000;\" href=\"http:\/\/inf.ufrgs.br\/profcomp\/wp-content\/formularios\/form_diaria_e%20passagem.doc\">[doc]<\/a><\/span><\/li>\n<li>Form. Solicita\u00e7\u00e3o de Aproveitamento de Disciplinas <span style=\"color: #9a0000;\"><a style=\"color: #9a0000;\" href=\"http:\/\/inf.ufrgs.br\/profcomp\/wp-content\/formularios\/Form-Solicita-Aproveitamento-Disciplinas.pdf\">[pdf]<\/a> <a style=\"color: #9a0000;\" href=\"http:\/\/inf.ufrgs.br\/profcomp\/wp-content\/formularios\/Form-Solicita-Aproveitamento-Disciplinas.doc\">[doc]<\/a><\/span><\/li>\n<li>Form. Solicita\u00e7\u00e3o de Aux\u00edlio \u00e0 Eventos <span style=\"color: #9a0000;\"><a style=\"color: #9a0000;\" href=\"http:\/\/www.inf.ufrgs.br\/compesq\/solitacaodeauxilio_v2014.rtf\">[rtf]<\/a><\/span><\/li>\n<li>Form. Autodeclara\u00e7\u00e3o para vagas destinadas ao Programa de A\u00e7\u00f5es Afirmativas <a href=\"http:\/\/www.inf.ufrgs.br\/profcomp\/wp-content\/uploads\/2023\/01\/Formula\u0301rio-de-Autodeclarac\u0327a\u0303o.pdf\">[pdf]<\/a><\/li>\n<li>Form. Solicita\u00e7\u00e3o de Atribui\u00e7\u00e3o de Cr\u00e9ditos <a href=\"https:\/\/www.inf.ufrgs.br\/profcomp\/wp-content\/uploads\/2024\/07\/Form-Solicita-Atribui-Creditos.pdf\"><span style=\"color: #9a0000;\">[pdf]<\/span><\/a><\/li>\n<li>Form. Inscri\u00e7\u00e3o Edital de Bolsas de Mestrado <a href=\"http:\/\/www.inf.ufrgs.br\/profcomp\/wp-content\/uploads\/2025\/02\/formulario_edital_bolsas-mestrado-ppgc.docx\">[docx ]<\/a><\/li>\n<\/ul>\n<p>&nbsp;<\/p>\n<\/div>\n<h3><\/h3>\n<div><\/div>\n","protected":false},"excerpt":{"rendered":"<p>Form. Autoriza\u00e7\u00e3o para disponibilidade no LUME [pdf] Form. Cadastro Prof. Pesquisador Visitante [pdf] [doc] Form. Cancelamento de Disciplina [doc] Form. Conceito de Atividade Did\u00e1tica [pdf] [doc] Form. Credenciamento e recredenciamento (atualizado em 19-07-2024) [pdf] [doc] Form. Folha de Conceito &#8211; Resultado Final &#8211; Trabalho Individual [pdf] [doc] Form. Instru\u00e7\u00f5es Avalia\u00e7\u00e3o a Membros de Bancas [pdf] [&hellip;]<\/p>\n","protected":false},"author":1,"featured_media":0,"parent":387,"menu_order":0,"comment_status":"closed","ping_status":"closed","template":"","meta":[],"_links":{"self":[{"href":"https:\/\/www.inf.ufrgs.br\/profcomp\/wp-json\/wp\/v2\/pages\/488"}],"collection":[{"href":"https:\/\/www.inf.ufrgs.br\/profcomp\/wp-json\/wp\/v2\/pages"}],"about":[{"href":"https:\/\/www.inf.ufrgs.br\/profcomp\/wp-json\/wp\/v2\/types\/page"}],"author":[{"embeddable":true,"href":"https:\/\/www.inf.ufrgs.br\/profcomp\/wp-json\/wp\/v2\/users\/1"}],"replies":[{"embeddable":true,"href":"https:\/\/www.inf.ufrgs.br\/profcomp\/wp-json\/wp\/v2\/comments?post=488"}],"version-history":[{"count":26,"href":"https:\/\/www.inf.ufrgs.br\/profcomp\/wp-json\/wp\/v2\/pages\/488\/revisions"}],"predecessor-version":[{"id":7382,"href":"https:\/\/www.inf.ufrgs.br\/profcomp\/wp-json\/wp\/v2\/pages\/488\/revisions\/7382"}],"up":[{"embeddable":true,"href":"https:\/\/www.inf.ufrgs.br\/profcomp\/wp-json\/wp\/v2\/pages\/387"}],"wp:attachment":[{"href":"https:\/\/www.inf.ufrgs.br\/profcomp\/wp-json\/wp\/v2\/media?parent=488"}],"curies":[{"name":"wp","href":"https:\/\/api.w.org\/{rel}","templated":true}]}}