{"id":51,"date":"2015-12-18T14:41:11","date_gmt":"2015-12-18T16:41:11","guid":{"rendered":"http:\/\/www.inf.ufrgs.br\/profcomp_wp\/?page_id=51"},"modified":"2026-01-27T11:01:41","modified_gmt":"2026-01-27T14:01:41","slug":"pessoas","status":"publish","type":"page","link":"https:\/\/www.inf.ufrgs.br\/profcomp\/pessoas\/","title":{"rendered":"Pessoas"},"content":{"rendered":"<p>O polo do ProfComp na UFRGS (institui\u00e7\u00e3o associada) envolve, al\u00e9m de docentes da pr\u00f3pria institui\u00e7\u00e3o, professores-pesquisadores de diversas Universidades e Institutos Federais do Estado do Rio Grande do Sul, como UFPel, UFSM, IFRS e UNISC.<\/p>\n","protected":false},"excerpt":{"rendered":"<p>O polo do ProfComp na UFRGS (institui\u00e7\u00e3o associada) envolve, al\u00e9m de docentes da pr\u00f3pria institui\u00e7\u00e3o, professores-pesquisadores de diversas Universidades e Institutos Federais do Estado do Rio Grande do Sul, como UFPel, UFSM, IFRS e UNISC.<\/p>\n","protected":false},"author":1,"featured_media":0,"parent":0,"menu_order":0,"comment_status":"closed","ping_status":"closed","template":"","meta":[],"_links":{"self":[{"href":"https:\/\/www.inf.ufrgs.br\/profcomp\/wp-json\/wp\/v2\/pages\/51"}],"collection":[{"href":"https:\/\/www.inf.ufrgs.br\/profcomp\/wp-json\/wp\/v2\/pages"}],"about":[{"href":"https:\/\/www.inf.ufrgs.br\/profcomp\/wp-json\/wp\/v2\/types\/page"}],"author":[{"embeddable":true,"href":"https:\/\/www.inf.ufrgs.br\/profcomp\/wp-json\/wp\/v2\/users\/1"}],"replies":[{"embeddable":true,"href":"https:\/\/www.inf.ufrgs.br\/profcomp\/wp-json\/wp\/v2\/comments?post=51"}],"version-history":[{"count":5,"href":"https:\/\/www.inf.ufrgs.br\/profcomp\/wp-json\/wp\/v2\/pages\/51\/revisions"}],"predecessor-version":[{"id":7608,"href":"https:\/\/www.inf.ufrgs.br\/profcomp\/wp-json\/wp\/v2\/pages\/51\/revisions\/7608"}],"wp:attachment":[{"href":"https:\/\/www.inf.ufrgs.br\/profcomp\/wp-json\/wp\/v2\/media?parent=51"}],"curies":[{"name":"wp","href":"https:\/\/api.w.org\/{rel}","templated":true}]}}