{"id":52,"date":"2015-12-18T14:01:42","date_gmt":"2015-12-18T16:01:42","guid":{"rendered":"http:\/\/www.inf.ufrgs.br\/profcomp_wp\/?page_id=52"},"modified":"2025-09-19T11:02:50","modified_gmt":"2025-09-19T14:02:50","slug":"apresentacao","status":"publish","type":"page","link":"https:\/\/www.inf.ufrgs.br\/profcomp\/apresentacao\/","title":{"rendered":"Apresenta\u00e7\u00e3o"},"content":{"rendered":"<p>O Programa de P\u00f3s-Gradua\u00e7\u00e3o em Computa\u00e7\u00e3o (PPGC) da Universidade Federal do Rio Grande do Sul (UFRGS) iniciou suas atividades em 1973. \u00c9 um programa em Computa\u00e7\u00e3o consolidado com atua\u00e7\u00e3o abrangente em quase todas as sub\u00e1reas da Computa\u00e7\u00e3o. O PPGC conta com cerca de 50 professores.<\/p>\n<p>Avaliado com<strong> conceito 7<\/strong> pela CAPES (em uma escala de 1 a 7), o PPGC possui a melhor avalia\u00e7\u00e3o da regi\u00e3o Sul e est\u00e1 entre os melhores programas de p\u00f3s-gradua\u00e7\u00e3o em Computa\u00e7\u00e3o do pa\u00eds.<\/p>\n<p>O Programa oferece forma\u00e7\u00e3o em Computa\u00e7\u00e3o nos seguintes n\u00edveis: 1) <strong>Mestrado em Ci\u00eancia da Computa\u00e7\u00e3o<\/strong>, existente desde 1973, e 2) <strong>Doutorado em Ci\u00eancia da Computa\u00e7\u00e3o<\/strong>, existente desde 1989. Ambos objetivam a forma\u00e7\u00e3o de pesquisadores, docentes e profissionais altamente qualificados para desenvolver atividades em diversas empresas, particularmente de alta tecnologia.<\/p>\n<p>Pelo hist\u00f3rico de seus egressos, o PPGC forma pesquisadores capacitados para atua\u00e7\u00e3o em empresas de alta tecnologia no Brasil e no exterior, assim como docentes, com atua\u00e7\u00e3o em Universidades de todo o pa\u00eds e do exterior. Por exemplo, o polo de Inform\u00e1tica, Telecomunica\u00e7\u00f5es e Eletr\u00f4nica da Regi\u00e3o Sul do Brasil nasceu indiscutivelmente a partir do PPGC\/UFRGS. V\u00e1rias ind\u00fastrias l\u00edderes desses setores foram criadas por pesquisadores, alunos, ex-alunos, professores e ex-professores do Programa, incluindo Altus, Digitel, Parks e Terra (criada a partir da Nutec Inform\u00e1tica), entre in\u00fameras outras. O primeiro MODEM do Rio Grande do Sul, que deu origem \u00e0 ind\u00fastria de tecnologia do RS, foi projetado nos laborat\u00f3rios do PPGC, ainda na d\u00e9cada de 1970. A EDISA, posteriormente incorporada pela HP do Brasil, que desempenhou papel hist\u00f3rico na consolida\u00e7\u00e3o da ind\u00fastria nacional de inform\u00e1tica, foi criada e consolidada por recursos humanos oriundos do PPGC nas d\u00e9cadas de 1970 e 1980.<\/p>\n<p>Recentemente, diversas empresas transnacionais estabeleceram centros de pesquisa no Estado, tais como HP, SAP, Dell, Microsoft, Terra e outras com as quais o Programa tem coopera\u00e7\u00e3o ativa e forma pessoal qualificado que \u00e9 por elas absorvido. Muitas novas empresas como Datacom, Elo e Trevisan possuem projetos de pesquisa ativos com o PPGC, mostrando que a rela\u00e7\u00e3o hist\u00f3rica do PPGC com o setor produtivo mant\u00e9m-se e tem sido ampliada.<\/p>\n<p>O PPGC tamb\u00e9m teve participa\u00e7\u00e3o decisiva na cria\u00e7\u00e3o da primeira incubadora dedicada \u00e0 Inform\u00e1tica do Sul do Brasil, o CEI (Centro de Empreendimentos em Inform\u00e1tica), cuja sede \u00e9 no Instituto de Inform\u00e1tica, criou a SOFTSUL (agente SOFTEX do MCT no Rio Grande do Sul) e foi agente decisivo na cria\u00e7\u00e3o e gest\u00e3o do CEITEC (Centro de Excel\u00eancia em Tecnologia Eletr\u00f4nica), centro de pesquisas em Microeletr\u00f4nica, hoje empresa p\u00fablica federal que contou com docentes do programa na sua dire\u00e7\u00e3o e no seu conselho administrativo, e do Parque Tecnol\u00f3gico da UFRGS, cujo atual diretor \u00e9 o prof. Fl\u00e1vio Rech Wagner, docente ativo do PPGC.<\/p>\n<p>Muitos dos ex-alunos do PPGC encontram-se trabalhando em empresas globais como Microsoft, IBM, SAP, Google, NVIDIA e tantas outras, al\u00e9m de v\u00e1rios que se encontram em universidades de primeira linha em todo pais, atestando a qualidade de seus egressos. Algumas contrata\u00e7\u00f5es recentes de egressos s\u00e3o: Universidade de York\/UK (Leandro Indrusiak\/2010), Facebook (Luiz Scheidegger\/2011 e Bruno Fiss\/2012), Google Zurick, Londres e Belo Horizonte (diversos, al\u00e9m de Miguel Feldens &#8211; Head of Sales Technology Latin America at Google), Cisco Systems\/USA (Marco Cavinato\/2013), AT&amp;T Labs\/USA (Carlos Scheidegger), Imagination Technologies\/UK (Arnaldo Filho\/2012), entre outros. Diversos egressos tamb\u00e9m s\u00e3o professores em diversas Universidades do Brasil tais como UFSC, UFPR, UFRJ, UFF, UFMG, entre tantas outras. Em se tratando de Institui\u00e7\u00f5es do Rio Grande do Sul, a maior parte do corpo docente de quase todas institui\u00e7\u00f5es \u00e9 composta por egressos do PPGC.<\/p>\n<h1><strong>Infraestrutura<\/strong><\/h1>\n<p>O PPGC conta com toda a infraestrutura de laborat\u00f3rios de ensino e pesquisa do Instituto de Inform\u00e1tica, com aproximadamente 690 pontos de trabalho, entre microcomputadores e esta\u00e7\u00f5es de trabalho nas mais diversas configura\u00e7\u00f5es.<\/p>\n<p>Muitos desses laborat\u00f3rios s\u00e3o preferenciais para projetos de pesquisa que obtiveram financiamentos espec\u00edficos. Nesses, os alunos de todos os n\u00edveis &#8211; mestrado, doutorado e gradua\u00e7\u00e3o (bolsistas de inicia\u00e7\u00e3o cient\u00edfica) &#8211; trabalham cotidianamente.<\/p>\n<p>Atualmente, o Instituto conta com doze laborat\u00f3rios de ensino utilizados por alunos de gradua\u00e7\u00e3o e p\u00f3s-gradua\u00e7\u00e3o em hor\u00e1rios espec\u00edficos, sendo um deles de sistemas digitais, totalizando 510 computadores (todos equipados com sistemas operacionais Windows e Linux). Todos os laborat\u00f3rios possuem projetores multim\u00eddia para uso pelo professor. Al\u00e9m disso, o Instituto conta com 35 salas-laborat\u00f3rios de pesquisa, distribu\u00eddos entre os grupos de Microeletr\u00f4nica, Processamento Paralelo e Distribu\u00eddo, Redes de Computadores, Sistemas de Tempo Real, Sistemas Embarcados, Toler\u00e2ncia a Falhas, Rob\u00f3tica e Computa\u00e7\u00e3o Gr\u00e1fica, contendo equipamentos espec\u00edficos e adaptados \u00e0s suas necessidades. Uma equipe t\u00e9cnica de administra\u00e7\u00e3o de rede d\u00e1 suporte a toda essa infraestrutura.<\/p>\n<p>Al\u00e9m dos laborat\u00f3rios de pesquisa, Instituto de Inform\u00e1tica conta com os seguintes espa\u00e7os para aulas, reuni\u00f5es, apresenta\u00e7\u00f5es, defesas e palestras:<br \/>\n&#8211; 6 audit\u00f3rios equipados com projetor multim\u00eddia e microcomputador;<br \/>\n&#8211; 11 salas de aula equipadas com projetor multim\u00eddia e microcomputador.<br \/>\n&#8211; 2 salas devidamente equipadas para videoconfer\u00eancias.<\/p>\n<p>Todas as depend\u00eancias do Instituto de Inform\u00e1tica, no qual funciona o PPGC, est\u00e3o cobertas por acesso \u00e0 Internet atrav\u00e9s de rede sem fio, e todos os ambientes de laborat\u00f3rios, salas de aula, salas de estudos e reuni\u00f5es possuem ambiente climatizado. Todos os alunos de doutorado e de mestrado em dedica\u00e7\u00e3o exclusiva possuem espa\u00e7o pr\u00f3prio para trabalho.<\/p>\n","protected":false},"excerpt":{"rendered":"<p>O Programa de P\u00f3s-Gradua\u00e7\u00e3o em Computa\u00e7\u00e3o (PPGC) da Universidade Federal do Rio Grande do Sul (UFRGS) iniciou suas atividades em 1973. \u00c9 um programa em Computa\u00e7\u00e3o consolidado com atua\u00e7\u00e3o abrangente em quase todas as sub\u00e1reas da Computa\u00e7\u00e3o. O PPGC conta com cerca de 50 professores. Avaliado com conceito 7 pela CAPES (em uma escala de [&hellip;]<\/p>\n","protected":false},"author":1,"featured_media":0,"parent":0,"menu_order":0,"comment_status":"closed","ping_status":"closed","template":"","meta":[],"_links":{"self":[{"href":"https:\/\/www.inf.ufrgs.br\/profcomp\/wp-json\/wp\/v2\/pages\/52"}],"collection":[{"href":"https:\/\/www.inf.ufrgs.br\/profcomp\/wp-json\/wp\/v2\/pages"}],"about":[{"href":"https:\/\/www.inf.ufrgs.br\/profcomp\/wp-json\/wp\/v2\/types\/page"}],"author":[{"embeddable":true,"href":"https:\/\/www.inf.ufrgs.br\/profcomp\/wp-json\/wp\/v2\/users\/1"}],"replies":[{"embeddable":true,"href":"https:\/\/www.inf.ufrgs.br\/profcomp\/wp-json\/wp\/v2\/comments?post=52"}],"version-history":[{"count":12,"href":"https:\/\/www.inf.ufrgs.br\/profcomp\/wp-json\/wp\/v2\/pages\/52\/revisions"}],"predecessor-version":[{"id":4782,"href":"https:\/\/www.inf.ufrgs.br\/profcomp\/wp-json\/wp\/v2\/pages\/52\/revisions\/4782"}],"wp:attachment":[{"href":"https:\/\/www.inf.ufrgs.br\/profcomp\/wp-json\/wp\/v2\/media?parent=52"}],"curies":[{"name":"wp","href":"https:\/\/api.w.org\/{rel}","templated":true}]}}