{"id":5961,"date":"2023-07-03T12:33:43","date_gmt":"2023-07-03T15:33:43","guid":{"rendered":"https:\/\/www.inf.ufrgs.br\/profcomp\/?page_id=5961"},"modified":"2023-07-03T12:38:05","modified_gmt":"2023-07-03T15:38:05","slug":"ndip100","status":"publish","type":"page","link":"https:\/\/www.inf.ufrgs.br\/profcomp\/ndip100\/","title":{"rendered":"NDIP100"},"content":{"rendered":"<p><strong>NDIP100 &#8211; Empreendedorismo e Inova\u00e7\u00e3o I<\/strong><\/p>\n<p><strong>N\u00cdVEL:<\/strong> P\u00d3S-GRADUA\u00c7\u00c3O (MESTRADO E DOUTORADO)<\/p>\n<p><strong>CARGA HOR\u00c1RIA:<\/strong> 3 horas\/semana \u2013 15 semanas<\/p>\n<p><strong>Cr\u00e9ditos:<\/strong> 3<\/p>\n<p><strong>Vagas: <\/strong>30<\/p>\n<p><strong>Professores Respons\u00e1veis:<\/strong> <a href=\"https:\/\/www.inf.ufrgs.br\/profcomp\/docente\/erika-fernandes-cota\/\">\u00c9rika Cota<\/a> (erika@inf.ufrgs.br) e Mich\u00e8le Oberson de Souza<br \/>\n(michele.souza@ufrgs.br)<\/p>\n<p><em><strong>S\u00famula:<\/strong><\/em> Conceitos de Empreendedorismo; Autoconhecimento; Paradigma do Empreendedorismo;<br \/>\nComportamento empreendedor; Processo criativo; Processo da Inova\u00e7\u00e3o (universidade &#8211; sociedade);<br \/>\nProte\u00e7\u00e3o da propriedade intelectual; Transfer\u00eancia do conhecimento; Gest\u00e3o da Inova\u00e7\u00e3o; Modelo de<br \/>\nNeg\u00f3cios; Planejamento Estrat\u00e9gico; An\u00e1lise de Mercado; Plano de Marketing; Plano de Neg\u00f3cios;<br \/>\nPlanejamento Financeiro.<\/p>\n<p><em><strong>Objetivos:<\/strong><\/em><\/p>\n<p>A disciplina objetiva, em linhas gerais, fornecer elementos te\u00f3rico-pr\u00e1ticos para fomentar a inova\u00e7\u00e3o, a<br \/>\ncriatividade e o esp\u00edrito empreendedor nos participantes em todas as \u00e1reas do conhecimento. Ser\u00e3o<br \/>\noportunizadas e incentivadas reflex\u00f5es entre os participantes da disciplina sobre a oportunidade de criar<br \/>\nempreendimentos como op\u00e7\u00e3o de carreira.<br \/>\nMais especificamente, suscitar o debate acerca das etapas para o empreendimento de novas ideias;<br \/>\nanalisar os elementos influenciadores neste processo; bem como discutir quest\u00f5es de posicionamento<br \/>\nem mercados em n\u00edvel local, nacional e global. Para contextualizar o processo da inova\u00e7\u00e3o, ser\u00e3o<br \/>\napresentadas as estruturas tais como parque tecnol\u00f3gico, empresas incubadas, start-up, spin-off, etc.<br \/>\nEnquanto resultados, o objetivo principal da disciplina \u00e9 o de familiarizar os alunos de p\u00f3s-gradua\u00e7\u00e3o com<br \/>\na possibilidade de empreender e inovar, partindo-se de um autoconhecimento, passando-se pelos<br \/>\nconceitos te\u00f3ricos necess\u00e1rios para empreender e finalizando-se com um projeto inovador respondendo<br \/>\na um desafio. Ser\u00e1 introduzida a regulamenta\u00e7\u00e3o que visa em proteger a propriedade intelectual e em<br \/>\nefetuar a transfer\u00eancia de tecnologia. Enquanto resultados secund\u00e1rios, o objetivo \u00e9 o de desenvolver<br \/>\numa atividade interdisciplinar que proporciona evidenciar a import\u00e2ncia do compartilhamento de<br \/>\nhabilidades complementares. Ao final da disciplina, os alunos experimentar\u00e3o a aquisi\u00e7\u00e3o dos conte\u00fados<br \/>\napresentando o planejamento de uma oportunidade.<\/p>\n<p><em><strong>Conte\u00fado Pragm\u00e1tico:<\/strong><\/em><\/p>\n<ul>\n<li>Introdu\u00e7\u00e3o aos conceitos de empreendedorismo<\/li>\n<li>Ferramentas de Planejamento<\/li>\n<li>An\u00e1lise de Marketing<\/li>\n<li>Plano de Marketing<\/li>\n<li>Plano de Neg\u00f3cios<\/li>\n<li>Planejamento Financeiro<\/li>\n<li>Prote\u00e7\u00e3o Propriedade Intelectual<\/li>\n<li>Transfer\u00eancia de Tecnologia<\/li>\n<li>Estruturas no Caminho da Inova\u00e7\u00e3o<\/li>\n<li>Viabilidade Financeira<\/li>\n<li>Apresenta\u00e7\u00e3o de Pitch para a Banca<\/li>\n<\/ul>\n<p><strong><em>M\u00e9todo de Trabalho:<\/em><br \/>\n<\/strong><\/p>\n<p>Desenvolvimento de pr\u00e1ticas pedag\u00f3gicas inovadoras, seguidas de debates e exposi\u00e7\u00e3o de conceitos<br \/>\nb\u00e1sicos, realiza\u00e7\u00e3o de trabalhos individuais, em grupos e aplica\u00e7\u00e3o pr\u00e1tica de conte\u00fados. Paralelamente<br \/>\nser\u00e3o realizadas atividades empregando ferramentas de Ensino a Dist\u00e2ncia (EAD).<\/p>\n<p><em><strong>Crit\u00e9rios de Avalia\u00e7\u00e3o:<\/strong><\/em><\/p>\n<p>A avalia\u00e7\u00e3o \u00e9 composta de duas partes: atividades com entregas semanais (ES) que representam o<br \/>\ndesenvolvimento do projeto (50%) e s\u00edntese e apresenta\u00e7\u00e3o final do projeto (PF), apresentadas,<br \/>\nrespectivamente, na forma de um Modelo de Neg\u00f3cios e Pitch (50%).<br \/>\nNo decorrer do semestre, s\u00e3o propostas uma s\u00e9rie de atividades necess\u00e1rias para o desenvolvimento de<br \/>\num projeto inovador. O desenvolvimento dessas atividades \u00e9 ass\u00edncrono e haver\u00e1 uma data limite para<br \/>\nentrega, podendo algumas serem realizadas em grupos e outras individualmente. A m\u00e9dia aritm\u00e9tica<br \/>\nsimples dessas atividades formar\u00e1 a nota ES. Ao final do semestre, as atividades desenvolvidas ao longo<br \/>\ndo semestre s\u00e3o sintetizadas na forma de um Modelo de Neg\u00f3cios e apresentadas em formato de pitch.<br \/>\nO modelo de neg\u00f3cios \u00e9 um documento PDF que deve ser entregue pelo Moodle. O Pitch \u00e9 um v\u00eddeo com<br \/>\na apresenta\u00e7\u00e3o do grupo (um por grupo) e, tamb\u00e9m entregue pelo Moodle. Dessa forma, a m\u00e9dia final<br \/>\n(MF) ser\u00e1 obtida atrav\u00e9s da soma das notas das atividades realizadas ao longo do semestre (ES) com a<br \/>\nnota da entrega e apresenta\u00e7\u00e3o do modelo de neg\u00f3cios (PF).<br \/>\nA convers\u00e3o da m\u00e9dia final num\u00e9rica para conceito ser\u00e1 feita da seguinte maneira:<br \/>\nMF &gt;= 9,0 : Conceito A<br \/>\n9,0 &gt; MF &gt;= 7,5 : Conceito B<br \/>\n7,5 &gt; MF &gt;= 6,0 : Conceito C<br \/>\nMF &lt; 6,0 : ver Atividades de Recupera\u00e7\u00e3o<br \/>\nSer\u00e1 considerado aprovado o aluno que obtiver m\u00e9dia final (MF) maior ou igual a 6,0.<br \/>\nOs alunos que n\u00e3o alcan\u00e7arem m\u00e9dia MF igual ou superior a 6,0 poder\u00e3o realizar uma atividade avaliativa<br \/>\ngeral de recupera\u00e7\u00e3o, realizada de forma ass\u00edncrona, em per\u00edodo a ser divulgado no Moodle da disciplina,<br \/>\ne que versar\u00e1 sobre todo o conte\u00fado da disciplina. O aluno em recupera\u00e7\u00e3o que atingir a nota m\u00ednima<br \/>\nnecess\u00e1ria (SEIS) ser\u00e1 aprovado com conceito &#8220;C&#8221;, caso contr\u00e1rio, ser\u00e1 reprovado (conceito &#8220;D&#8221;).<\/p>\n<p><strong>OBS 1: N\u00e3o haver\u00e1 recupera\u00e7\u00e3o de nota por n\u00e3o entrega na data da realiza\u00e7\u00e3o dos trabalhos e defesa<\/strong><br \/>\n<strong>de projeto, salvo exce\u00e7\u00f5es, via junta m\u00e9dica ou aquelas acertadas com o professor.<\/strong><\/p>\n<p><em><strong>BIBLIOGRAFIA B\u00c1SICA<\/strong><\/em><\/p>\n<ul>\n<li>AFUAH, Allan. Business Model Innovation: Concepts, Analysis, and Cases. Routledge, 2014.<\/li>\n<li>BLANK, Steve. DORF, Bob. The Startup Owner\u00b4s Manual: The Step-By-Step Guide for Building a Great<br \/>\nCompany. K&amp;S Ranch Publisching Division. Volume I, 2012.<\/li>\n<li>BROWN, T. Design Thinking. Harvard Business Review. p.84-95. June, 2008.<\/li>\n<li>BURGER-HELMCHEN, Thierry. Entrepreneurship \u2013 Creativity and Innovative Business Models. InTech,<br \/>\n2012<\/li>\n<li>BYGRAVE, William D.; ZACHARAKIS, Andrew. (Org.) The portable MBA in entrepreneurship. 4ed. New<br \/>\nJersey: John Wiley &amp; Sons, Inc., 2010.<\/li>\n<li>DOLABELA, Fernando. Oficina do empreendedor. Sextante, 2008.<\/li>\n<li>HASHIMOTO, Marcos; LOPES, Rose Mary A.; ANDREASSI, Tales; NASSIF, Vania Maria J. Pr\u00e1ticas de<br \/>\nempreendedorismo: casos e planos de neg\u00f3cios. Rio de Janeiro: Campus\/Elsevier, 2012.<\/li>\n<li>NECK, H.; BRUSH, C. Idealab. Symposium for Entrepreneurship Educators. Wellesley\/MA: Price Babson,<br \/>\n2012.<\/li>\n<\/ul>\n<p><em><strong>BIBLIOGRAFIA COMPLEMENTAR<\/strong><\/em><\/p>\n<ul>\n<li>BERNARDI, Luiz Antonio &#8211; Manual de empreendedorismo e gest\u00e3o: Fundamentos, Estrat\u00e9gias e<br \/>\nDin\u00e2micas. S\u00e3o Paulo: Atlas, 2012.<\/li>\n<li>MENDES, Jer\u00f4nimo &#8211; Manual do Empreendedor &#8211; Como construir um empreendimento de sucesso.<\/li>\n<li>Leitura de textos que ser\u00e3o fornecidos no decorrer da disciplina.<\/li>\n<li>Utiliza\u00e7\u00e3o da plataforma Moodle e DreamShaper.<\/li>\n<\/ul>\n","protected":false},"excerpt":{"rendered":"<p>NDIP100 &#8211; Empreendedorismo e Inova\u00e7\u00e3o I N\u00cdVEL: P\u00d3S-GRADUA\u00c7\u00c3O (MESTRADO E DOUTORADO) CARGA HOR\u00c1RIA: 3 horas\/semana \u2013 15 semanas Cr\u00e9ditos: 3 Vagas: 30 Professores Respons\u00e1veis: \u00c9rika Cota (erika@inf.ufrgs.br) e Mich\u00e8le Oberson de Souza (michele.souza@ufrgs.br) S\u00famula: Conceitos de Empreendedorismo; Autoconhecimento; Paradigma do Empreendedorismo; Comportamento empreendedor; Processo criativo; Processo da Inova\u00e7\u00e3o (universidade &#8211; sociedade); Prote\u00e7\u00e3o da propriedade intelectual; [&hellip;]<\/p>\n","protected":false},"author":11,"featured_media":0,"parent":0,"menu_order":0,"comment_status":"closed","ping_status":"closed","template":"","meta":[],"_links":{"self":[{"href":"https:\/\/www.inf.ufrgs.br\/profcomp\/wp-json\/wp\/v2\/pages\/5961"}],"collection":[{"href":"https:\/\/www.inf.ufrgs.br\/profcomp\/wp-json\/wp\/v2\/pages"}],"about":[{"href":"https:\/\/www.inf.ufrgs.br\/profcomp\/wp-json\/wp\/v2\/types\/page"}],"author":[{"embeddable":true,"href":"https:\/\/www.inf.ufrgs.br\/profcomp\/wp-json\/wp\/v2\/users\/11"}],"replies":[{"embeddable":true,"href":"https:\/\/www.inf.ufrgs.br\/profcomp\/wp-json\/wp\/v2\/comments?post=5961"}],"version-history":[{"count":1,"href":"https:\/\/www.inf.ufrgs.br\/profcomp\/wp-json\/wp\/v2\/pages\/5961\/revisions"}],"predecessor-version":[{"id":5962,"href":"https:\/\/www.inf.ufrgs.br\/profcomp\/wp-json\/wp\/v2\/pages\/5961\/revisions\/5962"}],"wp:attachment":[{"href":"https:\/\/www.inf.ufrgs.br\/profcomp\/wp-json\/wp\/v2\/media?parent=5961"}],"curies":[{"name":"wp","href":"https:\/\/api.w.org\/{rel}","templated":true}]}}