{"id":6294,"date":"2023-12-06T15:24:43","date_gmt":"2023-12-06T18:24:43","guid":{"rendered":"https:\/\/www.inf.ufrgs.br\/profcomp\/?page_id=6294"},"modified":"2025-04-30T10:14:59","modified_gmt":"2025-04-30T13:14:59","slug":"faq-selecao-msc","status":"publish","type":"page","link":"https:\/\/www.inf.ufrgs.br\/profcomp\/mestrado\/faq-selecao-msc\/","title":{"rendered":"FAQ &#8211; Sele\u00e7\u00e3o Mestrado"},"content":{"rendered":"<p>Seguem abaixo algumas das d\u00favidas mais frequentes sobre a inscri\u00e7\u00e3o no Processo Seletivo do Mestrado PPGC\/UFRGS:<\/p>\n<ol>\n<li>H\u00e1 modelo para carta de recomenda\u00e7\u00e3o? Quem pode recomendar?<br \/>\n<em><span style=\"text-decoration: underline;\"><strong>Resposta:<\/strong><\/span> No ato da inscri\u00e7\u00e3o, o candidato deve registrar o respectivo e-mail da pessoa que escrever\u00e1 a carta de recomenda\u00e7\u00e3o (docente ou n\u00e3o docente). A pessoa que far\u00e1 a recomenda\u00e7\u00e3o receber\u00e1 por email um link para realizar a recomenda\u00e7\u00e3o. A recomenda\u00e7\u00e3o dever\u00e1 ser preenchida diretamente no Sistema do PPGC. Um exemplo de formul\u00e1rio pode ser encontrado aqui: <a href=\"http:\/\/www.inf.ufrgs.br\/profcomp\/wp-content\/uploads\/2024\/04\/Modelo-de-Carta-de-Recomendacao-Impresso.pdf\">Modelo de Carta de Recomenda\u00e7\u00e3o &#8211; Impresso<\/a>. Aten\u00e7\u00e3o: As cartas de recomenda\u00e7\u00e3o ser\u00e3o aceitas somente quando preenchidas diretamente no Sistema do PPGC, no prazo determinado no email enviado para a pessoa que escrever\u00e1 a carta de recomenda\u00e7\u00e3o. N\u00e3o ser\u00e1 aceito o envio de carta de recomenda\u00e7\u00e3o por quaisquer outros meios.<br \/>\n<\/em><\/li>\n<\/ol>\n","protected":false},"excerpt":{"rendered":"<p>Seguem abaixo algumas das d\u00favidas mais frequentes sobre a inscri\u00e7\u00e3o no Processo Seletivo do Mestrado PPGC\/UFRGS: H\u00e1 modelo para carta de recomenda\u00e7\u00e3o? Quem pode recomendar? Resposta: No ato da inscri\u00e7\u00e3o, o candidato deve registrar o respectivo e-mail da pessoa que escrever\u00e1 a carta de recomenda\u00e7\u00e3o (docente ou n\u00e3o docente). A pessoa que far\u00e1 a recomenda\u00e7\u00e3o [&hellip;]<\/p>\n","protected":false},"author":24,"featured_media":0,"parent":387,"menu_order":0,"comment_status":"closed","ping_status":"closed","template":"","meta":[],"_links":{"self":[{"href":"https:\/\/www.inf.ufrgs.br\/profcomp\/wp-json\/wp\/v2\/pages\/6294"}],"collection":[{"href":"https:\/\/www.inf.ufrgs.br\/profcomp\/wp-json\/wp\/v2\/pages"}],"about":[{"href":"https:\/\/www.inf.ufrgs.br\/profcomp\/wp-json\/wp\/v2\/types\/page"}],"author":[{"embeddable":true,"href":"https:\/\/www.inf.ufrgs.br\/profcomp\/wp-json\/wp\/v2\/users\/24"}],"replies":[{"embeddable":true,"href":"https:\/\/www.inf.ufrgs.br\/profcomp\/wp-json\/wp\/v2\/comments?post=6294"}],"version-history":[{"count":5,"href":"https:\/\/www.inf.ufrgs.br\/profcomp\/wp-json\/wp\/v2\/pages\/6294\/revisions"}],"predecessor-version":[{"id":6583,"href":"https:\/\/www.inf.ufrgs.br\/profcomp\/wp-json\/wp\/v2\/pages\/6294\/revisions\/6583"}],"up":[{"embeddable":true,"href":"https:\/\/www.inf.ufrgs.br\/profcomp\/wp-json\/wp\/v2\/pages\/387"}],"wp:attachment":[{"href":"https:\/\/www.inf.ufrgs.br\/profcomp\/wp-json\/wp\/v2\/media?parent=6294"}],"curies":[{"name":"wp","href":"https:\/\/api.w.org\/{rel}","templated":true}]}}