{"id":648,"date":"2015-12-30T09:08:37","date_gmt":"2015-12-30T11:08:37","guid":{"rendered":"http:\/\/www.inf.ufrgs.br\/profcomp_wp\/?page_id=648"},"modified":"2016-05-12T16:16:15","modified_gmt":"2016-05-12T19:16:15","slug":"cmp237","status":"publish","type":"page","link":"https:\/\/www.inf.ufrgs.br\/profcomp\/lista-de-disciplinas\/cmp237\/","title":{"rendered":"CMP237"},"content":{"rendered":"<h3><strong>Arquitetura e Organiza\u00e7\u00e3o de Processadores<\/strong><\/h3>\n<p><b>Respons\u00e1vel<\/b>: <a href=\"http:\/\/www.inf.ufrgs.br\/site\/docente\/luigi-carro\/\">Luigi Carro<\/a><br \/>\n<b>Pr\u00e9-Requisitos<\/b>: &#8211;<br \/>\n<b>Carga Hor\u00e1ria<\/b>: 45 hs<br \/>\n<b>Cr\u00e9ditos<\/b>: 3<br \/>\n<b>Semestres Oferecidos<\/b>: Primeiro semestre<br \/>\n<b>Matr\u00edcula de Graduandos<\/b>: A matricula dever\u00e1 ser feita como Aluno Especial<br \/>\n<b>P\u00e1gina da Disciplina<\/b>: &#8211;<\/p>\n<p><strong>S\u00daMULA<\/strong><\/p>\n<p align=\"justify\">Revis\u00e3o de conceitos b\u00e1sicos de arquitetura e organiza\u00e7\u00e3o. Processadores RISC e CISC. Organiza\u00e7\u00e3o de processadores: bloco operacional e bloco de controle. Paralelismo: pipelines, superescalaridade. Organiza\u00e7\u00e3o de mem\u00f3ria: cache e mem\u00f3ria virtual. Arquiteturas VLIW. Microcontroladores. Processsadores DSP.<\/p>\n<p><strong>OBJETIVOS<\/strong><\/p>\n<p align=\"justify\">O objetivo da disciplina \u00e9 capacitar o aluno a compreender as diferentes alternativas de arquitetura e organiza\u00e7\u00e3o de um processador, reconhecendo o seu impacto sobre fatores como desempenho, custo e consumo de energia e sua consequente adequa\u00e7\u00e3o a diferentes tipos de produtos eletr\u00f4nicos. A disciplina enfatiza o estudo da organiza\u00e7\u00e3o do bloco operacional e seu impacto na implementa\u00e7\u00e3o do bloco de controle. S\u00e3o especialmente considerados os processadores do estado-da-arte e seus recursos de paralelismo, execu\u00e7\u00e3o especulativa e hierarquia de mem\u00f3ria utilizados para aumentos de desempenho.<\/p>\n<p><strong>PROGRAMA<\/strong><\/p>\n<p align=\"justify\">1 Introdu\u00e7\u00e3o. Conceitos de arquitetura e organiza\u00e7\u00e3o.<br \/>\n2 Processadores RISC e CISC.<br \/>\n3 Bloco operacional mono-ciclo.<br \/>\n4 Bloco operacional multi-ciclo.<br \/>\n5 Bloco de controle: FSM e microprograma\u00e7\u00e3o.<br \/>\n6 Avalia\u00e7\u00e3o de desempenho.<br \/>\n7 Pipelines.<br \/>\n8 Pipelines.<br \/>\n9 Superescalaridade.<br \/>\n10 Superescalaridade.<br \/>\n11 Mem\u00f3ria cache.<br \/>\n12 Mem\u00f3ria cache.<br \/>\n13 Semin\u00e1rio de andamento dos projetos.<br \/>\n14 Semin\u00e1rios sobre processadores.<br \/>\n15 Semin\u00e1rios sobre processadores.<br \/>\n16 Mem\u00f3ria virtual.<br \/>\n17 Mem\u00f3ria virtual.<br \/>\n18 Arquiteturas VLIW.<br \/>\n19 Microcontroladores.<br \/>\n20 Processadores DSP.<br \/>\n21 Prova<br \/>\n22 Apresenta\u00e7\u00e3o de trabalhos<br \/>\n23 Apresenta\u00e7\u00e3o de trabalhos<\/p>\n<p><strong>CRIT\u00c9RIOS DE AVALIA\u00c7\u00c3O<\/strong><strong>BIBLIOGRAFIA<\/strong><\/p>\n<p align=\"justify\">\u2022 D.PATTERSON e J.HENNESSY. Organiza\u00e7\u00e3o e Projeto de Computadores: a Interface Hardware\/Software. LTC, Rio de Janeiro, 2000. (Segunda edi\u00e7\u00e3o)<br \/>\n\u2022 M.J.FLYNN. Computer Architecture \u2013 Pipelined and Parallel Processor Design. Jones and Bartlett Publishers, Sudbury, 1995.<br \/>\n\u2022 M.JOHNSON. Superscalar Microprocessor Design. Prentice-Hall, Englewood Cliffs, 1991.<br \/>\n\u2022 B.WILKINSON. Computer Architecture \u2013 Design and Performance. Prentice-Hall, Hemel Hempstead, 1996. (2a. edi\u00e7\u00e3o).<br \/>\n\u2022 J.HENNESSY e D.PATTERSON. Computer Architecture: A Quantitative Approach. Morgan Kaufmann, San Francisco, 1996. (2a. edi\u00e7\u00e3o).<\/p>\n","protected":false},"excerpt":{"rendered":"<p>Arquitetura e Organiza\u00e7\u00e3o de Processadores Respons\u00e1vel: Luigi Carro Pr\u00e9-Requisitos: &#8211; Carga Hor\u00e1ria: 45 hs Cr\u00e9ditos: 3 Semestres Oferecidos: Primeiro semestre Matr\u00edcula de Graduandos: A matricula dever\u00e1 ser feita como Aluno Especial P\u00e1gina da Disciplina: &#8211; S\u00daMULA Revis\u00e3o de conceitos b\u00e1sicos de arquitetura e organiza\u00e7\u00e3o. Processadores RISC e CISC. Organiza\u00e7\u00e3o de processadores: bloco operacional e bloco [&hellip;]<\/p>\n","protected":false},"author":1,"featured_media":0,"parent":462,"menu_order":237,"comment_status":"closed","ping_status":"closed","template":"","meta":[],"_links":{"self":[{"href":"https:\/\/www.inf.ufrgs.br\/profcomp\/wp-json\/wp\/v2\/pages\/648"}],"collection":[{"href":"https:\/\/www.inf.ufrgs.br\/profcomp\/wp-json\/wp\/v2\/pages"}],"about":[{"href":"https:\/\/www.inf.ufrgs.br\/profcomp\/wp-json\/wp\/v2\/types\/page"}],"author":[{"embeddable":true,"href":"https:\/\/www.inf.ufrgs.br\/profcomp\/wp-json\/wp\/v2\/users\/1"}],"replies":[{"embeddable":true,"href":"https:\/\/www.inf.ufrgs.br\/profcomp\/wp-json\/wp\/v2\/comments?post=648"}],"version-history":[{"count":3,"href":"https:\/\/www.inf.ufrgs.br\/profcomp\/wp-json\/wp\/v2\/pages\/648\/revisions"}],"predecessor-version":[{"id":2526,"href":"https:\/\/www.inf.ufrgs.br\/profcomp\/wp-json\/wp\/v2\/pages\/648\/revisions\/2526"}],"up":[{"embeddable":true,"href":"https:\/\/www.inf.ufrgs.br\/profcomp\/wp-json\/wp\/v2\/pages\/462"}],"wp:attachment":[{"href":"https:\/\/www.inf.ufrgs.br\/profcomp\/wp-json\/wp\/v2\/media?parent=648"}],"curies":[{"name":"wp","href":"https:\/\/api.w.org\/{rel}","templated":true}]}}