{"id":650,"date":"2015-12-30T09:09:04","date_gmt":"2015-12-30T11:09:04","guid":{"rendered":"http:\/\/www.inf.ufrgs.br\/profcomp_wp\/?page_id=650"},"modified":"2016-05-12T16:15:53","modified_gmt":"2016-05-12T19:15:53","slug":"cmp143","status":"publish","type":"page","link":"https:\/\/www.inf.ufrgs.br\/profcomp\/lista-de-disciplinas\/cmp143\/","title":{"rendered":"CMP143"},"content":{"rendered":"<h3><strong>Computa\u00e7\u00e3o Gr\u00e1fica<\/strong><\/h3>\n<p><b>Respons\u00e1vel<\/b>: <a href=\"http:\/\/www.inf.ufrgs.br\/site\/docente\/manuel-menezes-de-oliveira-neto\/\">Manuel Menezes de Oliveira Neto<\/a><br \/>\n<b>Pr\u00e9-Requisitos<\/b>: &#8211;<br \/>\n<b>Carga Hor\u00e1ria<\/b>: 60 hs<br \/>\n<b>Cr\u00e9ditos<\/b>: 4<br \/>\n<b>Semestres Oferecidos<\/b>: Primeiro semestre<br \/>\n<b>Matr\u00edcula de Graduandos<\/b>: A matricula poder\u00e1 ser feita ou como Aluno Especial ou pela disciplina de c\u00f3digo: INF01009<br \/>\n<b>P\u00e1gina da Disciplina<\/b>: <a href=\"http:\/\/www.inf.ufrgs.br\/~oliveira\/Cursos\/INF01009\/INF01009_descricao_2011_1.html\" target=\"_blank\">http:\/\/www.inf.ufrgs.br\/~oliveira\/Cursos\/INF01009\/INF01009_descricao_2011_1.html<\/a><\/p>\n<p><strong>S\u00daMULA<\/strong><\/p>\n<p align=\"justify\">Representa\u00e7\u00e3o de objetos; Fundamentos matem\u00e1ticos, Algoritmos fundamentais: recorte, scan conversion e c\u00e2mera sint\u00e9tica, Rendering b\u00e1sico: remo\u00e7\u00e3o de elementos ocultos, sombreamento, cor e textura; Modelagem de curvas e superf\u00edcies; Estudo de casos.<\/p>\n<p><strong>OBJETIVOS<\/strong><\/p>\n<p align=\"justify\">Propiciar ao aluno conhecimento e profici\u00eancia aprofundados dos aspectos fundamentais da Computa\u00e7\u00e3o Gr\u00e1fica.<\/p>\n<p><strong>PROGRAMA<\/strong><strong>CRIT\u00c9RIOS DE AVALIA\u00c7\u00c3O<\/strong><strong>BIBLIOGRAFIA<\/strong><\/p>\n<p align=\"justify\">\u2022 FOLEY, J. D. et al. Computer Graphics-Principles and Practice. Addison-Wesley, 1990.<br \/>\n\u2022 MORTENSON, M. Geometric Modeling. New York, Wiley, 1985.<br \/>\n\u2022 ROGERS, D. F. et al. Mathematical Elements for Computer Graphics. McGraw-Hill, 1990<br \/>\n\u2022 ROGERS, D. F. Procedural Elements for Computer Graphics. McGraw-Hill, 1985.<br \/>\n\u2022 WATT, A. Fundamentals of Three-Dimensional Graphics. Addison-Wesley, 1989.<br \/>\n\u2022 YAMAGUCHI, F. Curves and Surfaces in Computer Aided Design. Springer Verlag, 1988.<br \/>\n\u2022 Artigos selecionados de revistas especializadas.<\/p>\n","protected":false},"excerpt":{"rendered":"<p>Computa\u00e7\u00e3o Gr\u00e1fica Respons\u00e1vel: Manuel Menezes de Oliveira Neto Pr\u00e9-Requisitos: &#8211; Carga Hor\u00e1ria: 60 hs Cr\u00e9ditos: 4 Semestres Oferecidos: Primeiro semestre Matr\u00edcula de Graduandos: A matricula poder\u00e1 ser feita ou como Aluno Especial ou pela disciplina de c\u00f3digo: INF01009 P\u00e1gina da Disciplina: http:\/\/www.inf.ufrgs.br\/~oliveira\/Cursos\/INF01009\/INF01009_descricao_2011_1.html S\u00daMULA Representa\u00e7\u00e3o de objetos; Fundamentos matem\u00e1ticos, Algoritmos fundamentais: recorte, scan conversion e c\u00e2mera [&hellip;]<\/p>\n","protected":false},"author":1,"featured_media":0,"parent":462,"menu_order":143,"comment_status":"closed","ping_status":"closed","template":"","meta":[],"_links":{"self":[{"href":"https:\/\/www.inf.ufrgs.br\/profcomp\/wp-json\/wp\/v2\/pages\/650"}],"collection":[{"href":"https:\/\/www.inf.ufrgs.br\/profcomp\/wp-json\/wp\/v2\/pages"}],"about":[{"href":"https:\/\/www.inf.ufrgs.br\/profcomp\/wp-json\/wp\/v2\/types\/page"}],"author":[{"embeddable":true,"href":"https:\/\/www.inf.ufrgs.br\/profcomp\/wp-json\/wp\/v2\/users\/1"}],"replies":[{"embeddable":true,"href":"https:\/\/www.inf.ufrgs.br\/profcomp\/wp-json\/wp\/v2\/comments?post=650"}],"version-history":[{"count":3,"href":"https:\/\/www.inf.ufrgs.br\/profcomp\/wp-json\/wp\/v2\/pages\/650\/revisions"}],"predecessor-version":[{"id":2525,"href":"https:\/\/www.inf.ufrgs.br\/profcomp\/wp-json\/wp\/v2\/pages\/650\/revisions\/2525"}],"up":[{"embeddable":true,"href":"https:\/\/www.inf.ufrgs.br\/profcomp\/wp-json\/wp\/v2\/pages\/462"}],"wp:attachment":[{"href":"https:\/\/www.inf.ufrgs.br\/profcomp\/wp-json\/wp\/v2\/media?parent=650"}],"curies":[{"name":"wp","href":"https:\/\/api.w.org\/{rel}","templated":true}]}}