{"id":662,"date":"2015-12-30T09:19:07","date_gmt":"2015-12-30T11:19:07","guid":{"rendered":"http:\/\/www.inf.ufrgs.br\/profcomp_wp\/?page_id=662"},"modified":"2016-05-12T16:13:34","modified_gmt":"2016-05-12T19:13:34","slug":"cmp241","status":"publish","type":"page","link":"https:\/\/www.inf.ufrgs.br\/profcomp\/lista-de-disciplinas\/cmp241\/","title":{"rendered":"CMP241"},"content":{"rendered":"<h3><strong>Ferramentas para S\u00edntese Autom\u00e1tica de Circuitos Integrados<\/strong><\/h3>\n<p><b>Respons\u00e1vel<\/b>: <a href=\"http:\/\/www.inf.ufrgs.br\/site\/docente\/ricardo-augusto-da-luz-reis\/\">Ricardo Reis<\/a><br \/>\n<b>Pr\u00e9-Requisitos<\/b>: &#8211;<br \/>\n<b>Carga Hor\u00e1ria<\/b>: 45 hs<br \/>\n<b>Cr\u00e9ditos<\/b>: 3<br \/>\n<b>Semestres Oferecidos<\/b>: Primeiro semestre<br \/>\n<b>Matr\u00edcula de Graduandos<\/b>: A matricula dever\u00e1 ser feita como Aluno Especial<br \/>\n<b>P\u00e1gina da Disciplina<\/b>: &#8211;<\/p>\n<p><strong>S\u00daMULA<\/strong><strong>OBJETIVOS<\/strong><\/p>\n<p align=\"justify\">Os sistemas integrados complexos necessitam de um processo automatizado em sua realiza\u00e7\u00e3o, devido ao n\u00famero de elementos a serem tratados. Algoritmos e metodologias de automa\u00e7\u00e3o do processo de concep\u00e7\u00e3o s\u00e3o estudados.<\/p>\n<p><strong>PROGRAMA<\/strong><\/p>\n<p align=\"justify\">\u2022 Introdu\u00e7\u00e3o<br \/>\n\u2022 Metodologias de s\u00edntese autom\u00e1tica<br \/>\n\u2022 S\u00edntese a partir de descri\u00e7\u00f5es comportamentais<br \/>\n\u2022 N\u00edveis de representa\u00e7\u00e3o<br \/>\n\u2022 Particionamento l\u00f3gico<br \/>\n\u2022 Posicionamento e aloca\u00e7\u00e3o<br \/>\n\u2022 Roteamento<br \/>\n\u2022 Planejamento topol\u00f3gico<br \/>\n\u2022 Gera\u00e7\u00e3o de Leiaute<br \/>\n\u2022 Gera\u00e7\u00e3o de m\u00f3dulos<br \/>\n\u2022 Verifica\u00e7\u00e3o do leiaute<br \/>\n\u2022 Estudo de caso<\/p>\n<p><strong>CRIT\u00c9RIOS DE AVALIA\u00c7\u00c3O<\/strong><\/p>\n<p align=\"justify\">Atrav\u00e9s da apresenta\u00e7\u00e3o de trabalhos<\/p>\n<p><strong>BIBLIOGRAFIA<\/strong><\/p>\n<p align=\"justify\">\u2022 GEREZ, Algorithms for VLSI Design Automation. John Wiley &amp;Sons Ltd, 1998, 340 p., ISBN 0-47198489-2<br \/>\n\u2022 REIS, Ricardo. Concep\u00e7\u00e3o de Circuitos Integrados, S\u00e9rie Livros Did\u00e1ticos do Instituto de Inform\u00e1tica, Editora Sagra, Porto Alegre, 2002, 252 p\u00e1ginas. 2\u00aa Edi\u00e7\u00e3o. ISBN 85-241-0625-5<br \/>\n\u2022 PREAS, LORENZETTI. Physical Design Automation of VLSI Systems. The Benjamin\/ Cummings, 1988.<br \/>\n\u2022 CORMEN, LEISERSON, RIVEST Introduction to Algorithms MIT Press, 1992<br \/>\n\u2022 WIGHT HILL et al. Algorithms and Techniques for VLSI Layout Synthesis. Kluwer, 1989.<br \/>\n\u2022 LENGAUER Combinatorial Algorithms for Integrated Circuit Design John Wiley , 1990<br \/>\n\u2022 LEUNG, SHANBLATT. ASIC System Design with VHDL: a Paradigm. Kluwer, 1989.<br \/>\n\u2022 DEWEY, DIRECTOR. Principles of VLSI System Planning. Kluwer, 1990.<br \/>\n\u2022 Artigos de peri\u00f3dicos, teses e anais de congressos.<\/p>\n","protected":false},"excerpt":{"rendered":"<p>Ferramentas para S\u00edntese Autom\u00e1tica de Circuitos Integrados Respons\u00e1vel: Ricardo Reis Pr\u00e9-Requisitos: &#8211; Carga Hor\u00e1ria: 45 hs Cr\u00e9ditos: 3 Semestres Oferecidos: Primeiro semestre Matr\u00edcula de Graduandos: A matricula dever\u00e1 ser feita como Aluno Especial P\u00e1gina da Disciplina: &#8211; S\u00daMULAOBJETIVOS Os sistemas integrados complexos necessitam de um processo automatizado em sua realiza\u00e7\u00e3o, devido ao n\u00famero de elementos [&hellip;]<\/p>\n","protected":false},"author":1,"featured_media":0,"parent":462,"menu_order":241,"comment_status":"closed","ping_status":"closed","template":"","meta":[],"_links":{"self":[{"href":"https:\/\/www.inf.ufrgs.br\/profcomp\/wp-json\/wp\/v2\/pages\/662"}],"collection":[{"href":"https:\/\/www.inf.ufrgs.br\/profcomp\/wp-json\/wp\/v2\/pages"}],"about":[{"href":"https:\/\/www.inf.ufrgs.br\/profcomp\/wp-json\/wp\/v2\/types\/page"}],"author":[{"embeddable":true,"href":"https:\/\/www.inf.ufrgs.br\/profcomp\/wp-json\/wp\/v2\/users\/1"}],"replies":[{"embeddable":true,"href":"https:\/\/www.inf.ufrgs.br\/profcomp\/wp-json\/wp\/v2\/comments?post=662"}],"version-history":[{"count":4,"href":"https:\/\/www.inf.ufrgs.br\/profcomp\/wp-json\/wp\/v2\/pages\/662\/revisions"}],"predecessor-version":[{"id":2518,"href":"https:\/\/www.inf.ufrgs.br\/profcomp\/wp-json\/wp\/v2\/pages\/662\/revisions\/2518"}],"up":[{"embeddable":true,"href":"https:\/\/www.inf.ufrgs.br\/profcomp\/wp-json\/wp\/v2\/pages\/462"}],"wp:attachment":[{"href":"https:\/\/www.inf.ufrgs.br\/profcomp\/wp-json\/wp\/v2\/media?parent=662"}],"curies":[{"name":"wp","href":"https:\/\/api.w.org\/{rel}","templated":true}]}}