{"id":667,"date":"2015-12-30T09:23:48","date_gmt":"2015-12-30T11:23:48","guid":{"rendered":"http:\/\/www.inf.ufrgs.br\/profcomp_wp\/?page_id=667"},"modified":"2016-05-12T16:12:32","modified_gmt":"2016-05-12T19:12:32","slug":"cmp165","status":"publish","type":"page","link":"https:\/\/www.inf.ufrgs.br\/profcomp\/lista-de-disciplinas\/cmp165\/","title":{"rendered":"CMP165"},"content":{"rendered":"<h3><strong>Introdu\u00e7\u00e3o ao Processamento de Imagens<\/strong><\/h3>\n<p><b>Respons\u00e1vel<\/b>: <a href=\"http:\/\/www.inf.ufrgs.br\/site\/docente\/jacob-scharcanski\/\">Jacob Scharcanski<\/a><br \/>\n<b>Pr\u00e9-Requisitos<\/b>: &#8211;<br \/>\n<b>Carga Hor\u00e1ria<\/b>: 60 hs<br \/>\n<b>Cr\u00e9ditos<\/b>: 4<br \/>\n<b>Semestres Oferecidos<\/b>: Primeiro semestre<br \/>\n<b>Matr\u00edcula de Graduandos<\/b>: A matricula dever\u00e1 ser feita como Aluno Especial<br \/>\n<b>P\u00e1gina da Disciplina<\/b>: &#8211;<\/p>\n<p><strong>S\u00daMULA<\/strong><\/p>\n<p align=\"justify\">Introdu\u00e7\u00e3o, transforma\u00e7\u00f5es, realce, restaura\u00e7\u00e3o, segmenta\u00e7\u00e3o, representa\u00e7\u00e3o e<br \/>\ndescri\u00e7\u00e3o de imagens.<\/p>\n<p><strong>OBJETIVOS<\/strong><\/p>\n<p align=\"justify\">As t\u00e9cnicas de Processamento de Sinais multidimensionais (imagens) t\u00eam duas<br \/>\naplica\u00e7\u00f5es principais: melhoria da qualidade da imagem para a interpreta\u00e7\u00e3o humana,<br \/>\ne processamento da imagem para fins de interpreta\u00e7\u00e3o automatizada (Vis\u00e3o de<br \/>\nM\u00e1quina). Exemplos t\u00edpicos de interpreta\u00e7\u00e3o automatizada s\u00e3o o reconhecimento de<br \/>\ncaracteres, Vis\u00e3o de M\u00e1quina para montagem e inspe\u00e7\u00e3o automatizadas, an\u00e1lise<br \/>\nautomatizada de amostras de tecidos biol\u00f3gicos, entre outros. O campo de aplica\u00e7\u00e3o<br \/>\ndestas t\u00e9cnicas encontra-se em crescente expans\u00e3o na ind\u00fastria e no setor de servi\u00e7os.<br \/>\nEsta disciplina tem como objetivos introduzir os conceitos fundamentais e t\u00e9cnicas de<br \/>\nProcessamento de Imagens (monocrom\u00e1ticas e multiespectrais), e treinar o aluno a<br \/>\nabordar eficientemente problemas desta \u00e1rea. No decorrer das aulas, os alunos ter\u00e3o a<br \/>\noportunidade de implementar e testar os conceitos te\u00f3ricos apresentados, e aplica-los<br \/>\na problemas pr\u00e1ticos.<\/p>\n<p><strong>PROGRAMA<\/strong><\/p>\n<p align=\"justify\">FUNDAMENTOS<br \/>\nPercep\u00e7\u00e3o Visual e Forma\u00e7\u00e3o da Imagem<br \/>\nAmostragem e Quantiza\u00e7\u00e3o<br \/>\nRela\u00e7\u00f5es entre Elementos da Imagem<br \/>\nOpera\u00e7\u00f5es Aritm\u00e9ticas e L\u00f3gicas B\u00e1sicas<br \/>\nExemplos e Problemas<br \/>\nTRANSFORMA\u00c7\u00d5ES DE IMAGENS<br \/>\nIntrodu\u00e7\u00e3o \u00e0 Transformada de Fourier<br \/>\nPropriedades da Transformada de Fourier<br \/>\nTransformada Discreta de Fourier Bidimensional<br \/>\nTransformada R\u00e1pida de Fourier<br \/>\nAlgor\u00edtmos e Implementa\u00e7\u00f5es<br \/>\nOutras Transforma\u00e7\u00f5es<br \/>\nExemplos e Problemas<br \/>\nREALCE DE IMAGENS<br \/>\nDom\u00ednios Espa\u00e7o e Frequ\u00eancia<br \/>\nOpera\u00e7\u00f5es Pontuais<br \/>\nTransforma\u00e7\u00f5es da Intensidade dos Elementos da Imagem<br \/>\nTransforma\u00e7\u00f5es do Histograma<br \/>\nOpera\u00e7\u00f5es Aritm\u00e9ticas com Imagens<br \/>\nFiltragem no Dom\u00ednio Espa\u00e7o<br \/>\nFiltros para a Supress\u00e3o de Ru\u00eddo<br \/>\nFiltros para o Realce de Detalhes<br \/>\nFiltros Baseados em Estat\u00edsticas de Ordem e Adaptativos<br \/>\nFiltragem no Dom\u00ednio Frequ\u00eancia<br \/>\nFiltros Passa-Baixas<br \/>\nFiltros Passa-Altas<br \/>\nFiltragem Usando Homomorfismo<br \/>\nRealce de Imagens \u00e0 C\u00f4res<br \/>\nExemplos e Problemas<br \/>\nRESTAURA\u00c7\u00c3O DE IMAGENS<br \/>\nMod\u00ealos para a Degrada\u00e7\u00e3o de Imagens<br \/>\nFiltragem pelo M\u00ednimo Erro M\u00e9dio Quadrado (Wiener)<br \/>\nOutros M\u00e9todos de Restaura\u00e7\u00e3o<br \/>\nExemplos e Problemas<br \/>\nSEGMENTA\u00c7\u00c3O DE IMAGENS<br \/>\nDetec\u00e7\u00e3o de Descontinuidades<br \/>\nDescontinuidades em Imagens \u00e0 C\u00f4res<br \/>\nConectando Descontinuidades<br \/>\nTransformada de Hough<br \/>\nOutros M\u00e9todos<br \/>\nLimiariza\u00e7\u00e3o<br \/>\nM\u00e9todos de Segmenta\u00e7\u00e3o Orientados \u00e0 Regi\u00f5es<br \/>\nCrescimento de Regi\u00f5es<br \/>\nDivis\u00e3o e Agrega\u00e7\u00e3o de Regi\u00f5es<br \/>\nM\u00e9todos de Relaxa\u00e7\u00e3o<br \/>\nRotula\u00e7\u00e3o de Regi\u00f5es Usando Elementos Conexos<br \/>\nSegmenta\u00e7\u00e3o de Regi\u00f5es Texturadas<br \/>\nExemplos e Problemas<br \/>\nREPRESENTA\u00c7\u00c3O E DESCRI\u00c7\u00c3O<br \/>\nRepresenta\u00e7\u00e3o de Formas<br \/>\nRepresenta\u00e7\u00e3o de Regi\u00f5es<br \/>\nTexturas Monocrom\u00e1ticas e \u00e0 C\u00f4res<br \/>\nConceitos de Morfologia Matem\u00e1tica<br \/>\nExemplos e Problemas<br \/>\nRECONHECIMENTO E INTERPRETA\u00c7\u00c3O<br \/>\nElementos de An\u00e1lise de Imagens<br \/>\nPadr\u00f5es e Classes<br \/>\nReconhecimento de Padr\u00f5es em Imagens<br \/>\nInterpreta\u00e7\u00e3o de Imagens<br \/>\nVis\u00e3o de M\u00e1quina<br \/>\nExemplos e Problemas<\/p>\n<p><strong>CRIT\u00c9RIOS DE AVALIA\u00c7\u00c3O<\/strong><\/p>\n<p align=\"justify\">trabalhos pr\u00e1ticos sobre os conte\u00fados ministrados<\/p>\n<p><strong>BIBLIOGRAFIA<\/strong><\/p>\n<p align=\"justify\">1. \u201cFundamentals of Digital Image Processing\u201d, A.K.Jain , Prentice-Hall, 1989.<br \/>\n2. \u201cDigital Image Processing\u201d, R. C. Gonzalez e R. E. Woods, Addison-Wesley<br \/>\n1992.<br \/>\n3. \u201cDigital Image Processing Algorithms\u201d, I. Pitas, Prentice Hall 1993.<br \/>\n4. \u201cImage Processing, Analysis and Machine Vision\u201d, M. Sonka, V. Hlavac e R.<br \/>\nBoyle, PWS Publishing, 1999. 2nd ed.<br \/>\n5. \u201cIntroduction to Statistical Pattern Recognition\u201d, K. Fukunaga, Academic Press<br \/>\n1990.<br \/>\n6. &#8220;Computer Vision&#8221;, L. Shapiro e G. C. Stockman. Prentice-Hall, 2001.<br \/>\n7. &#8220;Computer Vision: Algorithms and Applications&#8221;, Richard Szeliski. Springer,<br \/>\n2010.<br \/>\nArtigos selecionados de peri\u00f3dicos da \u00e1rea e notas t\u00e9cnicas de fabricantes de<br \/>\ndispositivos e equipamentos.<\/p>\n","protected":false},"excerpt":{"rendered":"<p>Introdu\u00e7\u00e3o ao Processamento de Imagens Respons\u00e1vel: Jacob Scharcanski Pr\u00e9-Requisitos: &#8211; Carga Hor\u00e1ria: 60 hs Cr\u00e9ditos: 4 Semestres Oferecidos: Primeiro semestre Matr\u00edcula de Graduandos: A matricula dever\u00e1 ser feita como Aluno Especial P\u00e1gina da Disciplina: &#8211; S\u00daMULA Introdu\u00e7\u00e3o, transforma\u00e7\u00f5es, realce, restaura\u00e7\u00e3o, segmenta\u00e7\u00e3o, representa\u00e7\u00e3o e descri\u00e7\u00e3o de imagens. OBJETIVOS As t\u00e9cnicas de Processamento de Sinais multidimensionais (imagens) [&hellip;]<\/p>\n","protected":false},"author":1,"featured_media":0,"parent":462,"menu_order":165,"comment_status":"closed","ping_status":"closed","template":"","meta":[],"_links":{"self":[{"href":"https:\/\/www.inf.ufrgs.br\/profcomp\/wp-json\/wp\/v2\/pages\/667"}],"collection":[{"href":"https:\/\/www.inf.ufrgs.br\/profcomp\/wp-json\/wp\/v2\/pages"}],"about":[{"href":"https:\/\/www.inf.ufrgs.br\/profcomp\/wp-json\/wp\/v2\/types\/page"}],"author":[{"embeddable":true,"href":"https:\/\/www.inf.ufrgs.br\/profcomp\/wp-json\/wp\/v2\/users\/1"}],"replies":[{"embeddable":true,"href":"https:\/\/www.inf.ufrgs.br\/profcomp\/wp-json\/wp\/v2\/comments?post=667"}],"version-history":[{"count":3,"href":"https:\/\/www.inf.ufrgs.br\/profcomp\/wp-json\/wp\/v2\/pages\/667\/revisions"}],"predecessor-version":[{"id":2515,"href":"https:\/\/www.inf.ufrgs.br\/profcomp\/wp-json\/wp\/v2\/pages\/667\/revisions\/2515"}],"up":[{"embeddable":true,"href":"https:\/\/www.inf.ufrgs.br\/profcomp\/wp-json\/wp\/v2\/pages\/462"}],"wp:attachment":[{"href":"https:\/\/www.inf.ufrgs.br\/profcomp\/wp-json\/wp\/v2\/media?parent=667"}],"curies":[{"name":"wp","href":"https:\/\/api.w.org\/{rel}","templated":true}]}}