{"id":669,"date":"2015-12-30T09:24:15","date_gmt":"2015-12-30T11:24:15","guid":{"rendered":"http:\/\/www.inf.ufrgs.br\/profcomp_wp\/?page_id=669"},"modified":"2016-05-12T16:11:43","modified_gmt":"2016-05-12T19:11:43","slug":"cmp134","status":"publish","type":"page","link":"https:\/\/www.inf.ufrgs.br\/profcomp\/lista-de-disciplinas\/cmp134\/","title":{"rendered":"CMP134"},"content":{"rendered":"<h3><strong>Introdu\u00e7\u00e3o ao Processamento Paralelo e Distribu\u00eddo<\/strong><\/h3>\n<p><b>Respons\u00e1vel<\/b>: <a href=\"http:\/\/www.inf.ufrgs.br\/site\/docente\/philippe-olivier-alexandre-navaux\/\">Philippe Navaux<\/a>, <a href=\"http:\/\/www.inf.ufrgs.br\/site\/docente\/lucas-mello-schnorr\/\">Lucas Mello Schnorr<\/a><br \/>\n<b>Pr\u00e9-Requisitos<\/b>: &#8211;<br \/>\n<b>Carga Hor\u00e1ria<\/b>: 60 hs<br \/>\n<b>Cr\u00e9ditos<\/b>: 4<br \/>\n<b>Semestres Oferecidos<\/b>: Primeiro semestre<br \/>\n<b>Matr\u00edcula de Graduandos<\/b>: A matricula dever\u00e1 ser feita como Aluno Especial<br \/>\n<b>P\u00e1gina da Disciplina<\/b>: &#8211;<\/p>\n<p><strong>S\u00daMULA<\/strong><\/p>\n<p align=\"justify\">Processadores Pipeline e Processamento Vetorial; Arquiteturas Superescalares; Processadores Matriciais e Associativos; Multiprocessadores; Modelos de M\u00e1quinas Paralelas; Modelos de Programa\u00e7\u00e3o Paralela e Distribu\u00edda; Sistemas Operacionais Distribu\u00eddos; Ambientes e Linguagens de Programa\u00e7\u00e3o Paralela e Distribu\u00edda; Sistemas de arquivos distribu\u00eddos; Algoritmos Paralelos e Distribu\u00eddos<\/p>\n<p><strong>OBJETIVOS<\/strong><\/p>\n<p align=\"justify\">Estudar os modelos de m\u00e1quinas paralelas e distribu\u00eddas, as poss\u00edveis organiza\u00e7\u00f5es de sistemas operacionais para essas m\u00e1quinas e apresentar os principais modelos de programa\u00e7\u00e3o paralela.<\/p>\n<p><strong>PROGRAMA<\/strong><strong>CRIT\u00c9RIOS DE AVALIA\u00c7\u00c3O<\/strong><strong>BIBLIOGRAFIA<\/strong><\/p>\n<p align=\"justify\">\u2022 HWANG, K., FAYE, A. B. Computer Architecture and Paralel Processing. McGraw-Hill, 1984.<br \/>\n\u2022 STONE, H. S. High Performance Computer Architecture. Addison Wesley, 1987.<br \/>\n\u2022 PATTERSON, HENNESSY. Computer Architecture: a Quantitative Approach. Morgan Kaufmann, 1995.<br \/>\n\u2022 HWANG, K. Advanced Computer Architecture: Parallism, Scalability, Programmability. McGraw Hill, 1993<br \/>\n\u2022 BAL, H. E. Programming Distributed Systems. Prentice Hall, 1990.<br \/>\n\u2022 SILBERSCHATZ, A., PETERSON, J. L., GALVIN, P. B. Operating Systems Concepts. Addison-Wesley, 1992.<br \/>\n\u2022 TANENBAUM, A. S. Modern Operating Systems. Prentice Hall, 1992.<br \/>\n\u2022 FOSTER, I. Designing and Building Paralllel Programs. Addison Weley, 1995.<br \/>\n\u2022 JAJA, Joseph. An Introduction to Parallel Algorithms. Addison Weley, 1992.<br \/>\n\u2022 Artigos selecionados.<\/p>\n","protected":false},"excerpt":{"rendered":"<p>Introdu\u00e7\u00e3o ao Processamento Paralelo e Distribu\u00eddo Respons\u00e1vel: Philippe Navaux, Lucas Mello Schnorr Pr\u00e9-Requisitos: &#8211; Carga Hor\u00e1ria: 60 hs Cr\u00e9ditos: 4 Semestres Oferecidos: Primeiro semestre Matr\u00edcula de Graduandos: A matricula dever\u00e1 ser feita como Aluno Especial P\u00e1gina da Disciplina: &#8211; S\u00daMULA Processadores Pipeline e Processamento Vetorial; Arquiteturas Superescalares; Processadores Matriciais e Associativos; Multiprocessadores; Modelos de M\u00e1quinas [&hellip;]<\/p>\n","protected":false},"author":1,"featured_media":0,"parent":462,"menu_order":134,"comment_status":"closed","ping_status":"closed","template":"","meta":[],"_links":{"self":[{"href":"https:\/\/www.inf.ufrgs.br\/profcomp\/wp-json\/wp\/v2\/pages\/669"}],"collection":[{"href":"https:\/\/www.inf.ufrgs.br\/profcomp\/wp-json\/wp\/v2\/pages"}],"about":[{"href":"https:\/\/www.inf.ufrgs.br\/profcomp\/wp-json\/wp\/v2\/types\/page"}],"author":[{"embeddable":true,"href":"https:\/\/www.inf.ufrgs.br\/profcomp\/wp-json\/wp\/v2\/users\/1"}],"replies":[{"embeddable":true,"href":"https:\/\/www.inf.ufrgs.br\/profcomp\/wp-json\/wp\/v2\/comments?post=669"}],"version-history":[{"count":3,"href":"https:\/\/www.inf.ufrgs.br\/profcomp\/wp-json\/wp\/v2\/pages\/669\/revisions"}],"predecessor-version":[{"id":2513,"href":"https:\/\/www.inf.ufrgs.br\/profcomp\/wp-json\/wp\/v2\/pages\/669\/revisions\/2513"}],"up":[{"embeddable":true,"href":"https:\/\/www.inf.ufrgs.br\/profcomp\/wp-json\/wp\/v2\/pages\/462"}],"wp:attachment":[{"href":"https:\/\/www.inf.ufrgs.br\/profcomp\/wp-json\/wp\/v2\/media?parent=669"}],"curies":[{"name":"wp","href":"https:\/\/api.w.org\/{rel}","templated":true}]}}