{"id":673,"date":"2015-12-30T09:25:42","date_gmt":"2015-12-30T11:25:42","guid":{"rendered":"http:\/\/www.inf.ufrgs.br\/profcomp_wp\/?page_id=673"},"modified":"2025-02-05T09:48:27","modified_gmt":"2025-02-05T12:48:27","slug":"cmp234","status":"publish","type":"page","link":"https:\/\/www.inf.ufrgs.br\/profcomp\/lista-de-disciplinas\/cmp234\/","title":{"rendered":"CMP234"},"content":{"rendered":"<h3 style=\"text-align: justify;\">Modelagem Conceitual e Ontologia<\/h3>\n<p style=\"text-align: justify;\"><b>Respons\u00e1vel<\/b>: <a href=\"http:\/\/www.inf.ufrgs.br\/site\/docente\/jose-palazzo-moreira-de-oliveira\/\">Jos\u00e9 Palazzo Moreira de Oliveira<\/a><br \/>\n<b>Pr\u00e9-Requisitos<\/b>: &#8211;<br \/>\n<b>Carga Hor\u00e1ria<\/b>: 60h<br \/>\n<b>Cr\u00e9ditos<\/b>: 4<br \/>\n<b>Semestres Oferecidos<\/b>: Primeiro semestre<br \/>\n<b>Matr\u00edcula de Graduandos<\/b>: A matr\u00edcula dever\u00e1 ser feita como Aluno Especial<br \/>\n<b>P\u00e1gina da Disciplina<\/b>: no Moodle da UFRGS<\/p>\n<h4 style=\"text-align: justify;\">S\u00famula e Objetivos<\/h4>\n<p style=\"text-align: justify;\" align=\"justify\">Estudar ontologia como metodologia para a modelagem conceitual. Desenvolver habilidades na cria\u00e7\u00e3o de ontologias. Aplica\u00e7\u00e3o dos conceitos e ferramentas para a constru\u00e7\u00e3o de ontologias para aplica\u00e7\u00f5es. Liga\u00e7\u00e3o da representa\u00e7\u00e3o sem\u00e2ntica com a modelagem de dados e sistemas de informa\u00e7\u00e3o<\/p>\n<h4 style=\"text-align: justify;\" align=\"justify\">Objetivos da Disciplina<\/h4>\n<ul>\n<li style=\"text-align: justify;\">Fornecer uma vis\u00e3o clara do processo de Modelagem Conceitual e sua import\u00e2ncia para os Sistemas de Informa\u00e7\u00e3o.<\/li>\n<li style=\"text-align: justify;\">Discutir a evolu\u00e7\u00e3o dos diferentes modelos empregados na modelagem da realidade, suas vantagens e limita\u00e7\u00f5es.<\/li>\n<li style=\"text-align: justify;\">Explorar como a Modelagem Conceitual evoluiu para incluir maior significado e automatiza\u00e7\u00e3o, tornando-se mais robusta e aplic\u00e1vel a sistemas complexos.<\/li>\n<li style=\"text-align: justify;\">Incluir reflex\u00f5es sobre Psicologia, Lingu\u00edstica, Filosofia e \u00c9tica, destacando como essas \u00e1reas contribuem para a percep\u00e7\u00e3o e representa\u00e7\u00e3o da realidade.<\/li>\n<li style=\"text-align: justify;\">Estimular o rigor formal no desenvolvimento de modelos conceituais, incentivando a busca por consist\u00eancia e precis\u00e3o.<\/li>\n<li style=\"text-align: justify;\">Estudar conceitos de ontologia computacional e sua aplica\u00e7\u00e3o na modelagem e representa\u00e7\u00e3o da realidade.<\/li>\n<\/ul>\n<h4 style=\"text-align: justify;\">Programa<\/h4>\n<ul>\n<li style=\"text-align: justify;\">O que \u00e9 ontologia: O conceito de Ontologia<\/li>\n<li style=\"text-align: justify;\">Alguns sistemas modernos<\/li>\n<li style=\"text-align: justify;\">\u00c1rvores, treli\u00e7as e outras estruturas<\/li>\n<li style=\"text-align: justify;\">Nota\u00e7\u00f5es para l\u00f3gica<\/li>\n<li style=\"text-align: justify;\">Compartilhamento de ontologias<\/li>\n<li style=\"text-align: justify;\">Reconcilia\u00e7\u00e3o e alinhamento<\/li>\n<li style=\"text-align: justify;\">Representa\u00e7\u00f5es m\u00faltiplas e alternativas<\/li>\n<li style=\"text-align: justify;\">Conceitualiza\u00e7\u00e3o e representa\u00e7\u00e3o<\/li>\n<li style=\"text-align: justify;\">Ontologia, Metadados, e Semi\u00f3tica<\/li>\n<li style=\"text-align: justify;\">Conceitos e representa\u00e7\u00e3o<\/li>\n<li style=\"text-align: justify;\">Combinando l\u00f3gica com ontologia<\/li>\n<li style=\"text-align: justify;\">Representa\u00e7\u00e3o de conhecimento e racioc\u00ednio<\/li>\n<li style=\"text-align: justify;\">Sem\u00e2ntica espacial, temporal, multim\u00eddia e multimodal<\/li>\n<li style=\"text-align: justify;\">Ferramentas de apoio<\/li>\n<li style=\"text-align: justify;\">Ontologias espec\u00edficas<\/li>\n<li style=\"text-align: justify;\">Aplica\u00e7\u00f5es de metodologias orientadas por sem\u00e2ntica<\/li>\n<\/ul>\n<h4 style=\"text-align: justify;\">Crit\u00e9rios de Avalia\u00e7\u00e3o<\/h4>\n<p style=\"text-align: justify;\" align=\"justify\">A disciplina ser\u00e1 desenvolvida por meio de aulas expositivas, leituras dirigidas, debates e atividades pr\u00e1ticas que permitam a aplica\u00e7\u00e3o dos conceitos discutidos. A avalia\u00e7\u00e3o consistir\u00e1 em dois componentes principais:<\/p>\n<ul>\n<li style=\"text-align: justify;\">Avalia\u00e7\u00e3o cont\u00ednua (2\/3): desenvolvimento e apresenta\u00e7\u00e3o de uma proposta de<br \/>\ntrabalho final ao longo do semestre.<\/li>\n<li style=\"text-align: justify;\">Artigo final (1\/3): entrega de um texto acad\u00eamico que sintetize os resultados obtidos durante o processo, com rigor formal e aplica\u00e7\u00e3o pr\u00e1tica dos conceitos estudados.<\/li>\n<\/ul>\n<p style=\"text-align: justify;\" align=\"justify\">Por meio desta abordagem, espera-se que os alunos desenvolvam uma compreens\u00e3o cr\u00edtica e aplicada da Modelagem Conceitual, aliando percep\u00e7\u00e3o da realidade, rigor t\u00e9cnico e reflex\u00e3o multidisciplinar para enfrentar os desafios dos Sistemas de Informa\u00e7\u00e3o contempor\u00e2neos.<\/p>\n<h4 style=\"text-align: justify;\">Bibliografia<\/h4>\n<p style=\"text-align: justify;\" align=\"justify\">Toda a bibliografia, essencialmente composta por artigos, ser\u00e1 disponibilizada no Moodle da UFRGS. A forma de condu\u00e7\u00e3o das aulas espera que os alunos tenham realizado uma leitura e estudo pr\u00e9vio deste material. Para isso os textos ou links para material dispon\u00edvel na Web ser\u00e1 previamente disponibilizado.<\/p>\n<p style=\"text-align: justify;\" align=\"justify\">Complementarmente os seguintes livros podem ser de interesse para o estudo<\/p>\n<ul>\n<li style=\"text-align: justify;\"><strong>Apaixone-se pelo problema, n\u00e3o pela solu\u00e7\u00e3o;<\/strong> Editora, Citadel Grupo Editorial; Uri Levine; Ano da Edi\u00e7\u00e3o, 2023; ISBN-13 978-6550472429. \u201cApaixone-se pelo problema, n\u00e3o pela solu\u00e7\u00e3o, oferece orienta\u00e7\u00f5es valiosas de um dos empreendedores mais bem-sucedidos do mundo e capacita voc\u00ea a ir al\u00e9m e construir um neg\u00f3cio de sucesso, identificando os maiores problemas de seus consumidores e dos mercados ineficientes que atualmente os atendem\u201d.<\/li>\n<li style=\"text-align: justify;\"><strong>The Essence of Software: Why Concepts Matter for Great Design.<\/strong> Princeton University Press, 2021, JACKSON, Daniel. ISBN-13 978-0691225388. \u201cJackson explores every aspect of concepts\u2015what they are and aren\u2019t, how to identify them, how to define them, and more\u2015and offers prescriptive principles and practical tips that can be applied cost-effectively in a wide range of domains\u201d.<\/li>\n<li style=\"text-align: justify;\"><strong>Modelagem Conceitual e Ontologia<\/strong>, Amazon, Autor Jos\u00e9 Palazzo Moreira de Oliveira, Ano da Edi\u00e7\u00e3o 2024, ISBN-13 979-8334913264, \u201cUma introdu\u00e7\u00e3o rigorosa sobre a Modelagem Conceitual dos prim\u00f3rdios da ci\u00eancia at\u00e9 a ontologia computacional\u201d<\/li>\n<\/ul>\n","protected":false},"excerpt":{"rendered":"<p>Modelagem Conceitual e Ontologia Respons\u00e1vel: Jos\u00e9 Palazzo Moreira de Oliveira Pr\u00e9-Requisitos: &#8211; Carga Hor\u00e1ria: 60h Cr\u00e9ditos: 4 Semestres Oferecidos: Primeiro semestre Matr\u00edcula de Graduandos: A matr\u00edcula dever\u00e1 ser feita como Aluno Especial P\u00e1gina da Disciplina: no Moodle da UFRGS S\u00famula e Objetivos Estudar ontologia como metodologia para a modelagem conceitual. Desenvolver habilidades na cria\u00e7\u00e3o de [&hellip;]<\/p>\n","protected":false},"author":1,"featured_media":0,"parent":462,"menu_order":234,"comment_status":"closed","ping_status":"closed","template":"","meta":[],"_links":{"self":[{"href":"https:\/\/www.inf.ufrgs.br\/profcomp\/wp-json\/wp\/v2\/pages\/673"}],"collection":[{"href":"https:\/\/www.inf.ufrgs.br\/profcomp\/wp-json\/wp\/v2\/pages"}],"about":[{"href":"https:\/\/www.inf.ufrgs.br\/profcomp\/wp-json\/wp\/v2\/types\/page"}],"author":[{"embeddable":true,"href":"https:\/\/www.inf.ufrgs.br\/profcomp\/wp-json\/wp\/v2\/users\/1"}],"replies":[{"embeddable":true,"href":"https:\/\/www.inf.ufrgs.br\/profcomp\/wp-json\/wp\/v2\/comments?post=673"}],"version-history":[{"count":5,"href":"https:\/\/www.inf.ufrgs.br\/profcomp\/wp-json\/wp\/v2\/pages\/673\/revisions"}],"predecessor-version":[{"id":6957,"href":"https:\/\/www.inf.ufrgs.br\/profcomp\/wp-json\/wp\/v2\/pages\/673\/revisions\/6957"}],"up":[{"embeddable":true,"href":"https:\/\/www.inf.ufrgs.br\/profcomp\/wp-json\/wp\/v2\/pages\/462"}],"wp:attachment":[{"href":"https:\/\/www.inf.ufrgs.br\/profcomp\/wp-json\/wp\/v2\/media?parent=673"}],"curies":[{"name":"wp","href":"https:\/\/api.w.org\/{rel}","templated":true}]}}