{"id":675,"date":"2015-12-30T09:26:45","date_gmt":"2015-12-30T11:26:45","guid":{"rendered":"http:\/\/www.inf.ufrgs.br\/profcomp_wp\/?page_id=675"},"modified":"2016-05-12T16:10:50","modified_gmt":"2016-05-12T19:10:50","slug":"cmp248","status":"publish","type":"page","link":"https:\/\/www.inf.ufrgs.br\/profcomp\/lista-de-disciplinas\/cmp248\/","title":{"rendered":"CMP248"},"content":{"rendered":"<h3><strong>Modelagem Geom\u00e9trica e Anima\u00e7\u00e3o por Computador<\/strong><\/h3>\n<p><b>Respons\u00e1vel<\/b>: <a href=\"http:\/\/www.inf.ufrgs.br\/site\/docente\/luciana-porcher-nedel\/\">Luciana Porcher Nedel<\/a><br \/>\n<b>Pr\u00e9-Requisitos<\/b>: CMP143<br \/>\n<b>Carga Hor\u00e1ria<\/b>: 0 hs<br \/>\n<b>Cr\u00e9ditos<\/b>: 4<br \/>\n<b>Semestres Oferecidos<\/b>: Primeiro semestre<br \/>\n<b>Matr\u00edcula de Graduandos<\/b>: N\u00e3o permitida<br \/>\n<b>P\u00e1gina da Disciplina<\/b>: &#8211;<\/p>\n<p><strong>S\u00daMULA<\/strong><strong>OBJETIVOS<\/strong><strong>PROGRAMA<\/strong><strong>CRIT\u00c9RIOS DE AVALIA\u00c7\u00c3O<\/strong><strong>BIBLIOGRAFIA<\/strong><\/p>\n","protected":false},"excerpt":{"rendered":"<p>Modelagem Geom\u00e9trica e Anima\u00e7\u00e3o por Computador Respons\u00e1vel: Luciana Porcher Nedel Pr\u00e9-Requisitos: CMP143 Carga Hor\u00e1ria: 0 hs Cr\u00e9ditos: 4 Semestres Oferecidos: Primeiro semestre Matr\u00edcula de Graduandos: N\u00e3o permitida P\u00e1gina da Disciplina: &#8211; S\u00daMULAOBJETIVOSPROGRAMACRIT\u00c9RIOS DE AVALIA\u00c7\u00c3OBIBLIOGRAFIA<\/p>\n","protected":false},"author":1,"featured_media":0,"parent":462,"menu_order":248,"comment_status":"closed","ping_status":"closed","template":"","meta":[],"_links":{"self":[{"href":"https:\/\/www.inf.ufrgs.br\/profcomp\/wp-json\/wp\/v2\/pages\/675"}],"collection":[{"href":"https:\/\/www.inf.ufrgs.br\/profcomp\/wp-json\/wp\/v2\/pages"}],"about":[{"href":"https:\/\/www.inf.ufrgs.br\/profcomp\/wp-json\/wp\/v2\/types\/page"}],"author":[{"embeddable":true,"href":"https:\/\/www.inf.ufrgs.br\/profcomp\/wp-json\/wp\/v2\/users\/1"}],"replies":[{"embeddable":true,"href":"https:\/\/www.inf.ufrgs.br\/profcomp\/wp-json\/wp\/v2\/comments?post=675"}],"version-history":[{"count":3,"href":"https:\/\/www.inf.ufrgs.br\/profcomp\/wp-json\/wp\/v2\/pages\/675\/revisions"}],"predecessor-version":[{"id":2510,"href":"https:\/\/www.inf.ufrgs.br\/profcomp\/wp-json\/wp\/v2\/pages\/675\/revisions\/2510"}],"up":[{"embeddable":true,"href":"https:\/\/www.inf.ufrgs.br\/profcomp\/wp-json\/wp\/v2\/pages\/462"}],"wp:attachment":[{"href":"https:\/\/www.inf.ufrgs.br\/profcomp\/wp-json\/wp\/v2\/media?parent=675"}],"curies":[{"name":"wp","href":"https:\/\/api.w.org\/{rel}","templated":true}]}}