{"id":681,"date":"2015-12-30T09:28:38","date_gmt":"2015-12-30T11:28:38","guid":{"rendered":"http:\/\/www.inf.ufrgs.br\/profcomp_wp\/?page_id=681"},"modified":"2017-07-26T14:46:42","modified_gmt":"2017-07-26T17:46:42","slug":"cmp269","status":"publish","type":"page","link":"https:\/\/www.inf.ufrgs.br\/profcomp\/lista-de-disciplinas\/cmp269\/","title":{"rendered":"CMP269"},"content":{"rendered":"<h3><strong>Recupera\u00e7\u00e3o de Informa\u00e7\u00f5es<\/strong><\/h3>\n<p><b>Professor<\/b>: <a href=\"http:\/\/www.inf.ufrgs.br\/site\/docente\/viviane-pereira-moreira\/\">Viviane Pereira Moreira<\/a><br \/>\n<b>Prerequisites<\/b>: &#8211;<br \/>\n<b>Hours<\/b>: 60 hs<br \/>\n<b>Credits<\/b>: 4<br \/>\n<b>Semesters<\/b>: First semester<br \/>\n<b>Undergraduate Enrollment<\/b>: The enrollment must be made as Special Student<br \/>\n<b>Page Link<\/b>: &#8211;<\/p>\n<p><strong>OBJETIVOS<\/strong><\/p>\n<p align=\"justify\">A disciplina tem por objetivo fornecer fundamentos te\u00f3ricos e pr\u00e1ticos da \u00e1rea de Recupera\u00e7\u00e3o de<br \/>\nInforma\u00e7\u00f5es. O foco do curso ser\u00e1 a representa\u00e7\u00e3o, indexa\u00e7\u00e3o e consulta a informa\u00e7\u00f5es textuais.<br \/>\n\u2022 Introdu\u00e7\u00e3o \u00e0 Recupera\u00e7\u00e3o de Informa\u00e7\u00f5es<br \/>\n\u2022 Pr\u00e9-processamento e Indexa\u00e7\u00e3o<br \/>\n\u2022 Modelos de Recupera\u00e7\u00e3o de Informa\u00e7\u00f5es<br \/>\n\u2022 Avalia\u00e7\u00e3o do Desempenho<br \/>\n\u2022 T\u00e9cnicas de melhoria de desempenho<br \/>\n\u2022 Recupera\u00e7\u00e3o de Informa\u00e7\u00f5es na Web<\/p>\n<p><strong>AVALIA\u00c7\u00c3O<\/strong><\/p>\n<p>A avalia\u00e7\u00e3o \u00e9 composta por 4 itens:<\/p>\n<p align=\"justify\">\u2022 Parte 1 (20%): Trabalho pr\u00e1tico em duplas<br \/>\n\u2022 Parte 2 (35%): Trabalho escrito individual + apresenta\u00e7\u00e3o<br \/>\n\u2022 Parte 3 (15%): Exerc\u00edcios realizados em aula<br \/>\n\u2022 Parte 4 (30%): Prova<\/p>\n<p><strong>BIBLIOGRAFIA<\/strong><\/p>\n<p align=\"justify\">\u2022 Christopher D. Manning, Prabhakar Raghavan and Hinrich Sch\u00fctze, Introduction to Information Retrieval, Cambridge University Press. 2008.<br \/>\n\u2022 R. Baeza-Yates; B. Ribeiro-Neto. Modern Information Retrieval. Second Edition, 2011.<br \/>\n\u2022 Grossman, David A.; Frieder, Ophir. Information Retrieval: Algorithms and Heuristics. 2ed. Dordrecht: Springer. 2004. 332p.<br \/>\n\u2022 Artigos Selecionados que ser\u00e3o indicados no transcorrer da disciplina.<\/p>\n<p align=\"justify\">\nBIBLIOGRAFIA COMPLEMENTAR<br \/>\n\u2022 K. Spark-Jones. Readings in Information Retrieval. Morgan-Kauffman, 1997.<br \/>\n\u2022 Berry, Michael W. Understanding search engines: mathematical modeling and text retrieval. 2 ed. Philadelphia: Siam, 2005. 117p.<br \/>\n\u2022 Gerard Salton; McGi11. Introduction to Modern Information Retrieval. McGraw-Hill, 1983.<br \/>\n\u2022 KOWALSKI, Gerald. Information retrieval systems: theory and implementation. Boston: Kluwer Academic Publishers, 1997. 282p.<br \/>\n\u2022 KORFHAGE, Robert R. Information retrieval and storage. [S.I.]: John Wiley &amp; Sons, 1997.<\/p>\n","protected":false},"excerpt":{"rendered":"<p>Recupera\u00e7\u00e3o de Informa\u00e7\u00f5es Professor: Viviane Pereira Moreira Prerequisites: &#8211; Hours: 60 hs Credits: 4 Semesters: First semester Undergraduate Enrollment: The enrollment must be made as Special Student Page Link: &#8211; OBJETIVOS A disciplina tem por objetivo fornecer fundamentos te\u00f3ricos e pr\u00e1ticos da \u00e1rea de Recupera\u00e7\u00e3o de Informa\u00e7\u00f5es. O foco do curso ser\u00e1 a representa\u00e7\u00e3o, indexa\u00e7\u00e3o [&hellip;]<\/p>\n","protected":false},"author":1,"featured_media":0,"parent":462,"menu_order":269,"comment_status":"closed","ping_status":"closed","template":"","meta":[],"_links":{"self":[{"href":"https:\/\/www.inf.ufrgs.br\/profcomp\/wp-json\/wp\/v2\/pages\/681"}],"collection":[{"href":"https:\/\/www.inf.ufrgs.br\/profcomp\/wp-json\/wp\/v2\/pages"}],"about":[{"href":"https:\/\/www.inf.ufrgs.br\/profcomp\/wp-json\/wp\/v2\/types\/page"}],"author":[{"embeddable":true,"href":"https:\/\/www.inf.ufrgs.br\/profcomp\/wp-json\/wp\/v2\/users\/1"}],"replies":[{"embeddable":true,"href":"https:\/\/www.inf.ufrgs.br\/profcomp\/wp-json\/wp\/v2\/comments?post=681"}],"version-history":[{"count":7,"href":"https:\/\/www.inf.ufrgs.br\/profcomp\/wp-json\/wp\/v2\/pages\/681\/revisions"}],"predecessor-version":[{"id":3297,"href":"https:\/\/www.inf.ufrgs.br\/profcomp\/wp-json\/wp\/v2\/pages\/681\/revisions\/3297"}],"up":[{"embeddable":true,"href":"https:\/\/www.inf.ufrgs.br\/profcomp\/wp-json\/wp\/v2\/pages\/462"}],"wp:attachment":[{"href":"https:\/\/www.inf.ufrgs.br\/profcomp\/wp-json\/wp\/v2\/media?parent=681"}],"curies":[{"name":"wp","href":"https:\/\/api.w.org\/{rel}","templated":true}]}}