{"id":691,"date":"2015-12-30T09:32:36","date_gmt":"2015-12-30T11:32:36","guid":{"rendered":"http:\/\/www.inf.ufrgs.br\/profcomp_wp\/?page_id=691"},"modified":"2016-05-12T16:05:55","modified_gmt":"2016-05-12T19:05:55","slug":"cmp262","status":"publish","type":"page","link":"https:\/\/www.inf.ufrgs.br\/profcomp\/lista-de-disciplinas\/cmp262\/","title":{"rendered":"CMP262"},"content":{"rendered":"<h3><strong>T\u00e9cnicas Alternativas de Intera\u00e7\u00e3o e Realidade Virtual<\/strong><\/h3>\n<p><b>Respons\u00e1vel<\/b>: <a href=\"http:\/\/www.inf.ufrgs.br\/site\/docente\/luciana-porcher-nedel\/\">Luciana Porcher Nedel<\/a><br \/>\n<b>Pr\u00e9-Requisitos<\/b>: &#8211;<br \/>\n<b>Carga Hor\u00e1ria<\/b>: 60 hs<br \/>\n<b>Cr\u00e9ditos<\/b>: 4<br \/>\n<b>Semestres Oferecidos<\/b>: Primeiro semestre<br \/>\n<b>Matr\u00edcula de Graduandos<\/b>: A matricula dever\u00e1 ser feita como Aluno Especial<br \/>\n<b>P\u00e1gina da Disciplina<\/b>: &#8211;<\/p>\n<p><strong>S\u00daMULA<\/strong><\/p>\n<p align=\"justify\">Fundamentos de intera\u00e7\u00e3o humano-computador e realidade virtual,T\u00e9cnicas de intera\u00e7\u00e3o 2D e 3D, Intera\u00e7\u00e3o multimodal; Intera\u00e7\u00e3o por voz e gestos, Dispositivos de realidade virtual e seu uso em sistemas interativos,Especifica\u00e7\u00e3o de intera\u00e7\u00e3o,Avalia\u00e7\u00e3o de usabilidade, Guidelines para avalia\u00e7\u00e3o de intera\u00e7\u00e3o,Estudos de caso.<\/p>\n<h3><strong>OBJETIVOS<\/strong><\/h3>\n<p align=\"justify\">Introduzir e explorar os conceitos e t\u00e9cnicas involvidos na concep\u00e7\u00e3o de aplica\u00e7\u00f5es que necessitem de alguma forma de intera\u00e7\u00e3o alternativa. S\u00e3o t\u00e9cnicas de intera\u00e7\u00e3o alternativas, ou \u201cn\u00e3o-convencionais\u201d, aquelas que fazem uso de dispositivos de realidade virtual, voz, gestos, etc. Como exemplos de uso pode-se citar as aplica\u00e7\u00f5es 3D como jogos e ambientes virtuais colaborativos, visualiza\u00e7\u00e3o cient\u00edfica e de informa\u00e7\u00f5es, software embarcado, aplica\u00e7\u00f5es para celulares e handhelds, software para pessoas portadoras de defici\u00eancias. A disciplina \u00e9 dirigida a estudantes das \u00e1reas de intera\u00e7\u00e3o, computa\u00e7\u00e3o gr\u00e1fica e todos aqueles interessados no desenvolvimento de aplica\u00e7\u00f5es computacionais interativas. Ser\u00e1 apresentado o processo envolvido no desenvolvimento e valida\u00e7\u00e3o de novas t\u00e9cnicas de intera\u00e7\u00e3o, ou mesmo, na adapta\u00e7\u00e3o de t\u00e9cnicas conhecidas a novos contextos. Este processo normalmente abrange a especifica\u00e7\u00e3o da t\u00e9cnica interativa, implementa\u00e7\u00e3o, especifica\u00e7\u00e3o e aplica\u00e7\u00e3o de experimentos, bem como a avalia\u00e7\u00e3o de resultados. Para que estes passos sejam compreendidos, ser\u00e3o apresentados os conceitos b\u00e1sicos de realidade virtual com foco nas t\u00e9cnicas de intera\u00e7\u00e3o utilizadas em aplica\u00e7\u00f5es interativas 3D. Os conceitos envolvidos na intera\u00e7\u00e3o multimodal (uso de mais de uma modalidade de intera\u00e7\u00e3o na solu\u00e7\u00e3o de uma mesma tarefa), com \u00eanfase no uso de voz e gestos tamb\u00e9m ser\u00e3o abordados.<\/p>\n<h3><strong>PROGRAMA<\/strong><\/h3>\n<p align=\"justify\">\u2022 Apresenta\u00e7\u00e3o da disciplina, introdu\u00e7\u00e3o \u00e0 intera\u00e7\u00e3o \u201cn\u00e3o-convencional\u201d<br \/>\n\u2022 Fundamentos de IHC<br \/>\n\u2022 Realidade virtual (fundamentos e dispositivos)<br \/>\n\u2022 T\u00e9cnicas de intera\u00e7\u00e3o 2D<br \/>\n\u2022 T\u00e9cnicas de intera\u00e7\u00e3o 3D<br \/>\n\u2022 Intera\u00e7\u00e3o usando dispositivos h\u00e1pticos<br \/>\n\u2022 Intera\u00e7\u00e3o multimodal<br \/>\n\u2022 Uso de realidade virtual em sistemas interativos 3D<br \/>\n\u2022 Especifica\u00e7\u00e3o de intera\u00e7\u00e3o<br \/>\n\u2022 Planejamento de experimentos<br \/>\n\u2022 Avalia\u00e7\u00e3o de usabilidade<br \/>\n\u2022 Estudos de caso<br \/>\n\u2022 Realiza\u00e7\u00e3o dos experimentos para o trabalho pr\u00e1tico<br \/>\n\u2022 Tabula\u00e7\u00e3o e avalia\u00e7\u00e3o de resultados de usabilidade<\/p>\n<h3><strong>CRIT\u00c9RIOS DE AVALIA\u00c7\u00c3O<\/strong><\/h3>\n<p align=\"justify\">A avalia\u00e7\u00e3o ser\u00e1 baseada na participa\u00e7\u00e3o efetiva em aula, medida atrav\u00e9s de interven\u00e7\u00f5es individuais e da apresenta\u00e7\u00e3o de semin\u00e1rios te\u00f3ricos (um por aluno). Ser\u00e1 desenvolvido tamb\u00e9m um trabalho pr\u00e1tico envolvendo a implementa\u00e7\u00e3o de uma t\u00e9cnica interativa (ou novo dispositivo), experimenta\u00e7\u00e3o e avalia\u00e7\u00e3o de resultados. O trabalho pr\u00e1tico ser\u00e1 desenvolvido em grupos e ser\u00e1 definido no in\u00edcio do semestre de acordo com o perfil dos estudantes.<\/p>\n<h3><strong>BIBLIOGRAFIA<\/strong><\/h3>\n<p align=\"justify\">\u2022 Doug A. Bowman, Ernst Kruijff, Joseph J. LaViola, Ivan Poupyrev, D User Interfaces: Theory and Practice, 2004.<br \/>\n\u2022 Ben Shneiderman, Designing the User Interface. Addison-Wesley, 1997. Supplements available at: http:\/\/www.aw-bc.com\/DTUI\/toc.html<br \/>\n\u2022 N. Magnenat-Thalmann and D. Thalmann, Communicating with Virtual World, Springer-Verlag, 1993.<br \/>\n\u2022 Vanderdonckt, J. and Puerta, A., Computer-Aided Design of User Interfaces, Kluwer Academic Publishers, 1999.<br \/>\n\u2022 Forbrig, P. et al., Interactive Systems \u2013 Design, Specification, and Verification, Springer-Verlag, 2002.<br \/>\n\u2022 Hand, C. A Survey of 3D Interaction Techniques. Computer Graphics Forum, 16(5): 269-281. (Dec 1997)<br \/>\n\u2022 Cohen, P., D. McGee, S. Oviatt, L. Wu, J. Clow, R. King, S. Julier, &amp; L. Rosenblum. (1999). Multimodal interaction for 2D and 3D environments. IEEE Computer Graphics and Applications, July\/August. 10-13.<br \/>\n\u2022 Kjeldsen, R., &amp; J. Kender. (1997). Interaction with On-Screen Objects using Visual Gesture Recognition. In Proceedings of the IEEE Computer Vision and Pattern Recognition (pp. 788-793). Puerto Rico, June.<br \/>\n\u2022 Nigay, L., &amp; Coutaz, J. (1993). A Design Space for Multimodal Systems \u2013 Concurrent Processing and Data Fusion. In INTERCHI \u201993 (pp. 172-178). Addison-Wesley.<br \/>\n\u2022 Oviatt, S. L., DeAngeli, A. &amp; Kuhn, K. (1997). Integration and synchronization of input modes during multimodal human-computer interaction. In Proceedings of Conference on Human Factors in Computing Systems: CHI &#8217;97. New York: ACM Press.<br \/>\n\u2022 Artigos em peri\u00f3dicos e confer\u00eancias na \u00e1rea (SIGGRAPH, INTERACT, Symposium on Interactive 3D Graphics, IUI, VRST, IEEE VR, etc.).<\/p>\n","protected":false},"excerpt":{"rendered":"<p>T\u00e9cnicas Alternativas de Intera\u00e7\u00e3o e Realidade Virtual Respons\u00e1vel: Luciana Porcher Nedel Pr\u00e9-Requisitos: &#8211; Carga Hor\u00e1ria: 60 hs Cr\u00e9ditos: 4 Semestres Oferecidos: Primeiro semestre Matr\u00edcula de Graduandos: A matricula dever\u00e1 ser feita como Aluno Especial P\u00e1gina da Disciplina: &#8211; S\u00daMULA Fundamentos de intera\u00e7\u00e3o humano-computador e realidade virtual,T\u00e9cnicas de intera\u00e7\u00e3o 2D e 3D, Intera\u00e7\u00e3o multimodal; Intera\u00e7\u00e3o por [&hellip;]<\/p>\n","protected":false},"author":1,"featured_media":0,"parent":462,"menu_order":262,"comment_status":"closed","ping_status":"closed","template":"","meta":[],"_links":{"self":[{"href":"https:\/\/www.inf.ufrgs.br\/profcomp\/wp-json\/wp\/v2\/pages\/691"}],"collection":[{"href":"https:\/\/www.inf.ufrgs.br\/profcomp\/wp-json\/wp\/v2\/pages"}],"about":[{"href":"https:\/\/www.inf.ufrgs.br\/profcomp\/wp-json\/wp\/v2\/types\/page"}],"author":[{"embeddable":true,"href":"https:\/\/www.inf.ufrgs.br\/profcomp\/wp-json\/wp\/v2\/users\/1"}],"replies":[{"embeddable":true,"href":"https:\/\/www.inf.ufrgs.br\/profcomp\/wp-json\/wp\/v2\/comments?post=691"}],"version-history":[{"count":5,"href":"https:\/\/www.inf.ufrgs.br\/profcomp\/wp-json\/wp\/v2\/pages\/691\/revisions"}],"predecessor-version":[{"id":2504,"href":"https:\/\/www.inf.ufrgs.br\/profcomp\/wp-json\/wp\/v2\/pages\/691\/revisions\/2504"}],"up":[{"embeddable":true,"href":"https:\/\/www.inf.ufrgs.br\/profcomp\/wp-json\/wp\/v2\/pages\/462"}],"wp:attachment":[{"href":"https:\/\/www.inf.ufrgs.br\/profcomp\/wp-json\/wp\/v2\/media?parent=691"}],"curies":[{"name":"wp","href":"https:\/\/api.w.org\/{rel}","templated":true}]}}